{"id":4065,"date":"2023-07-13T16:07:13","date_gmt":"2023-07-13T14:07:13","guid":{"rendered":"https:\/\/agrarpetrovic.rs\/?post_type=product&#038;p=4065"},"modified":"2023-07-13T16:07:23","modified_gmt":"2023-07-13T14:07:23","slug":"calypso-480-sc-insekticid","status":"publish","type":"product","link":"https:\/\/agrarpetrovic.rs\/en\/proizvod\/calypso-480-sc-insekticid\/","title":{"rendered":"Calypso 480-SC &#8211; Insekticid"},"content":{"rendered":"<div class=\"group-technical-info field-group-div technical-info-processed product-accordion-processed ui-accordion ui-widget ui-helper-reset\" role=\"tablist\">\n<div id=\"ui-accordion-1-panel-0\" class=\"content ui-accordion-content ui-helper-reset ui-widget-content ui-corner-bottom ui-accordion-content-active\" role=\"tabpanel\" aria-labelledby=\"ui-accordion-1-header-0\" aria-hidden=\"false\">\n<div class=\"field field-name-field-product-category field-type-taxonomy-term-reference field-label-above\">\n<div class=\"field-label\">Kategorija: Insekticidi<\/div>\n<\/div>\n<div class=\"field field-name-field-product-ctive-ingredient field-type-text field-label-above\">\n<div class=\"field-item even\">Aktivna materija: \u0422iakloprid 480 g\/l<\/div>\n<\/div>\n<div class=\"field field-name-field-product-formulation field-type-text field-label-above\">\n<div class=\"field-item even\">Formulacija: \u041a\u043encentrovana suspenzija (SC)<\/div>\n<\/div>\n<div class=\"field field-name-field-product-resistance-class field-type-text field-label-above\">\n<div class=\"field-item even\">Klasifikacija rezistentnosti: 4A<\/div>\n<\/div>\n<div class=\"field field-name-field-product-packaging field-type-text field-label-above\">\n<div class=\"field-item even\">Pakovanje: 5 ml, 50 ml i 1 L<\/div>\n<\/div>\n<div class=\"field field-name-field-product-manufacturer field-type-taxonomy-term-reference field-label-above\">\n<div class=\"field-item even\">Proizvo\u0111a\u010d: Bayer<\/div>\n<\/div>\n<div class=\"field field-name-field-product-technical-informat field-type-text-with-summary field-label-hidden\">\n<div class=\"field-items\">\n<div class=\"field-item even\">\n<p class=\"rtejustify\"><strong>Karenca:<\/strong><br \/>\nPaprika \u2013 7 dana<br \/>\nJabuka \u2013 14 dana<br \/>\nKrompir i suncokret \u2013 21 dan<\/p>\n<\/div>\n<\/div>\n<\/div>\n<\/div>\n<\/div>\n<div class=\"group-primena field-group-div primena-processed product-accordion-processed ui-accordion ui-widget ui-helper-reset\" role=\"tablist\">\n<h2 id=\"ui-accordion-2-header-0\" class=\"ui-accordion-header ui-helper-reset ui-state-default ui-accordion-icons ui-accordion-header-active ui-state-active ui-corner-top\" role=\"tab\">Primena<\/h2>\n<div id=\"ui-accordion-2-panel-0\" class=\"content ui-accordion-content ui-helper-reset ui-widget-content ui-corner-bottom ui-accordion-content-active\" role=\"tabpanel\" aria-labelledby=\"ui-accordion-2-header-0\" aria-hidden=\"false\">\n<div class=\"field field-name-field-product-application field-type-text-with-summary field-label-hidden\">\n<div class=\"field-items\">\n<div class=\"field-item even\">\n<p class=\"rtejustify\"><strong>Lokalsistemi\u010dni insekticid<\/strong><\/p>\n<p class=\"rtejustify\"><strong>KROMPIR:<\/strong> za suzbijanje krompirove zlatice <em>(Leptinotarsa decemlineata)<\/em>, jedno tretiranje, u koli\u010dini od 0,1 l\/ha (1 ml\/100 m<sup>2<\/sup>), ili dva tretiranja u razmaku od 10 dana sa 0,05 l\/ha (0,5 ml\/100 m<sup>2<\/sup>).<br \/>\n<strong>Vreme primene:<\/strong> u vreme pojave prvih larvi tre\u0107eg stupnja.<\/p>\n<p><strong>SUNCOKRET:<\/strong> za suzbijanje \u0161ljivine va\u0161i <em>(Brachycaudus helichrysi)<\/em> u koli\u010dini 0,075-0,1 l\/ha (0,75-1 ml\/100 m<sup>2<\/sup>).<br \/>\n<strong>Vreme primene:<\/strong> na po\u010detku formiranja kolonija.<br \/>\nU usevima suncokreta i krompira preparat se mo\u017ee primeniti jednom do dva puta u toku godine.<\/p>\n<p><strong>PAPRIKA:<\/strong> za suzbijanje zelene breskvine va\u0161i <em>(Myzus persicae)<\/em> u koli\u010dini 0,15-0,2 l\/ha (1,5-2 ml\/100 m<sup>2<\/sup>).<br \/>\n<strong>Vreme primene:<\/strong> na po\u010detku formiranja kolonija.<br \/>\nMaksimalan broj tretiranja u toku godine u usevu paprike je tri puta.<\/p>\n<p><strong>JABUKA:<\/strong> za suzbijanje jabukinog smotavca <em>(Cydia pomonella)<\/em> u koncentraciji 0,02-0,025 (2-2,5 ml u 10 l vode).<br \/>\n<strong>Vreme primene:<\/strong> pre po\u010detka ubu\u0161ivanja gusenica u plodove.<br \/>\nU zasadu jabuke <strong>Calypso<sup>\u00ae<\/sup> 480-SC<\/strong> mo\u017ee se primeniti dva puta u toku godine.<\/p>\n<p class=\"rtejustify\"><strong>Mogu\u0107nost druge primene<\/strong><\/p>\n<p class=\"rtejustify\">Preparati na bazi aktivne materije tiakloprid registrovani su za suzbijanje lisnog minera okruglih mina <em>(L. scitella)<\/em>, tretiranjem 2-3 dana pred piljenje (gusenica se oblikuje u jajetu).<br \/>\nTiakloprid deluje na lisne va\u0161i jabuke, posebno na vrste <em>Dysaphis devecta<\/em> i <em>Dysaphis plantaginea<\/em> i cikade.<br \/>\nTiakloprid se koristi neposredno posle cvetanja za suzbijanje lisnih minera.<br \/>\nTako\u0111e, koristi se za suzbijanje lisnih va\u0161i i jabukinog smotavca. Biljke ga dobro podnose \u010dak i pri ve\u0107im koli\u010dinama primene.<br \/>\nPreparati na bazi tiakloprida mogu se koristiti i za suzbijanje lisnih va\u0161i na cve\u0107u i ukrasnom drve\u0107u, uz dodatak 100 ml\/ha preparata Bifenicus ili Fastac 10 EC da bi se poja\u010dao kontaktni efekat na va\u0161i koje su na peteljkama ili mladarima.<\/p>\n<\/div>\n<\/div>\n<\/div>\n<\/div>\n<\/div>\n<div class=\"group-caracteristics field-group-div caracteristics-processed product-accordion-processed ui-accordion ui-widget ui-helper-reset\" role=\"tablist\">\n<h2 id=\"ui-accordion-3-header-0\" class=\"ui-accordion-header ui-helper-reset ui-state-default ui-accordion-icons ui-accordion-header-active ui-state-active ui-corner-top\" role=\"tab\">Karakteristike<\/h2>\n<div id=\"ui-accordion-3-panel-0\" class=\"content ui-accordion-content ui-helper-reset ui-widget-content ui-corner-bottom ui-accordion-content-active\" role=\"tabpanel\" aria-labelledby=\"ui-accordion-3-header-0\" aria-hidden=\"false\">\n<div class=\"field field-name-field-products-characteristics field-type-text-with-summary field-label-hidden\">\n<div class=\"field-items\">\n<div class=\"field-item even\">\n<p class=\"rtejustify\">Tiakloprid, aktivna materija preparata <strong>Calypso<sup>\u00ae<\/sup> 480-SC<\/strong>, iz grupe je neonikotinoida, koja ometa prenos nadra\u017eaja u centralnom nervnom sistemu insekata. Aktivna materija deluje na insekte koji si\u0161u i grizu tretirane biljke. Tiakloprid izaziva \u201eknock down\u201c efekat.<\/p>\n<p class=\"rtejustify\"><strong>NE\u017dELJENI EFEKTI<\/strong><\/p>\n<p class=\"rtejustify\">Nakon primene preparata <strong>Calypso<sup>\u00ae<\/sup> 480-SC<\/strong> tokom vegetacije ne primenjivati preparate na bazi imidakloprida, acetamiprida, tiametoksama i ostalih jedinjenja iz grupe neonikotinoida.<\/p>\n<\/div>\n<\/div>\n<\/div>\n<\/div>\n<\/div>","protected":false},"excerpt":{"rendered":"<p><b>Folijarni lokal-sistemi\u010dni insekticid za suzbijanje lisnih va\u0161i i krompirove zlatice<\/b><\/p>\n<p><b>Primena: <\/b><\/p>\n<p><b>Krompir: <\/b>0,1 l\/ha, larve L3<\/p>\n<p><b>Suncokret: <\/b>va\u0161i 0,075-0,1 l\/ha<\/p>\n<p><b>Paprika: <\/b>breskvina va\u0161 <i>M.persicae <\/i>0,15-0,2 l\/ha<\/p>\n<p><b>Jabuka: <\/b><i>Cydia pomonella <\/i>0,02-0,025 u po\u010detku ubu\u0161ivanja u plodove<\/p>\n<p><b>Karenca: <\/b><\/p>\n<p>paprika 7 d, jabuka 14 d, krompir i suncokret 21 d<\/p>","protected":false},"featured_media":4095,"template":"","meta":[],"product_brand":[],"product_cat":[234],"product_tag":[],"class_list":{"0":"post-4065","1":"product","2":"type-product","3":"status-publish","4":"has-post-thumbnail","6":"product_cat-insekticidi","8":"first","9":"instock","10":"shipping-taxable","11":"product-type-simple"},"_links":{"self":[{"href":"https:\/\/agrarpetrovic.rs\/en\/wp-json\/wp\/v2\/product\/4065","targetHints":{"allow":["GET"]}}],"collection":[{"href":"https:\/\/agrarpetrovic.rs\/en\/wp-json\/wp\/v2\/product"}],"about":[{"href":"https:\/\/agrarpetrovic.rs\/en\/wp-json\/wp\/v2\/types\/product"}],"wp:featuredmedia":[{"embeddable":true,"href":"https:\/\/agrarpetrovic.rs\/en\/wp-json\/wp\/v2\/media\/4095"}],"wp:attachment":[{"href":"https:\/\/agrarpetrovic.rs\/en\/wp-json\/wp\/v2\/media?parent=4065"}],"wp:term":[{"taxonomy":"product_brand","embeddable":true,"href":"https:\/\/agrarpetrovic.rs\/en\/wp-json\/wp\/v2\/product_brand?post=4065"},{"taxonomy":"product_cat","embeddable":true,"href":"https:\/\/agrarpetrovic.rs\/en\/wp-json\/wp\/v2\/product_cat?post=4065"},{"taxonomy":"product_tag","embeddable":true,"href":"https:\/\/agrarpetrovic.rs\/en\/wp-json\/wp\/v2\/product_tag?post=4065"}],"curies":[{"name":"wp","href":"https:\/\/api.w.org\/{rel}","templated":true}]}}