{"id":4069,"date":"2023-07-13T16:07:13","date_gmt":"2023-07-13T14:07:13","guid":{"rendered":"https:\/\/agrarpetrovic.rs\/?post_type=product&#038;p=4069"},"modified":"2023-07-13T16:07:23","modified_gmt":"2023-07-13T14:07:23","slug":"imidan-50-wp-insekticid","status":"publish","type":"product","link":"https:\/\/agrarpetrovic.rs\/en\/proizvod\/imidan-50-wp-insekticid\/","title":{"rendered":"Imidan 50 WP &#8211; Insekticid"},"content":{"rendered":"<div class=\"group-technical-info field-group-div technical-info-processed product-accordion-processed ui-accordion ui-widget ui-helper-reset\" role=\"tablist\">\n<div id=\"ui-accordion-1-panel-0\" class=\"content ui-accordion-content ui-helper-reset ui-widget-content ui-corner-bottom ui-accordion-content-active\" role=\"tabpanel\" aria-labelledby=\"ui-accordion-1-header-0\" aria-hidden=\"false\">\n<div class=\"field field-name-field-product-category field-type-taxonomy-term-reference field-label-above\">\n<div class=\"field-label\">Kategorija: Insekticidi<\/div>\n<\/div>\n<div class=\"field field-name-field-product-ctive-ingredient field-type-text field-label-above\">\n<div class=\"field-item even\">Aktivna materija: Fosmet 500 g\/kg<\/div>\n<\/div>\n<div class=\"field field-name-field-product-formulation field-type-text field-label-above\">\n<div class=\"field-item even\">Formulacija: \u041aoncentrat za suspenziju (WP)<\/div>\n<\/div>\n<div class=\"field field-name-field-product-resistance-class field-type-text field-label-above\">\n<div class=\"field-item even\">Klasifikacija rezistentnosti: 1B<\/div>\n<\/div>\n<div class=\"field field-name-field-product-packaging field-type-text field-label-above\">\n<div class=\"field-item even\">Pakovanje: 20 g i 500 g<\/div>\n<\/div>\n<div class=\"field field-name-field-product-manufacturer field-type-taxonomy-term-reference field-label-above\">\n<div class=\"field-item even\">Proizvo\u0111a\u010d: Gowan<\/div>\n<\/div>\n<div class=\"field field-name-field-product-technical-informat field-type-text-with-summary field-label-hidden\">\n<div class=\"field-items\">\n<div class=\"field-item even\">\n<p class=\"rtejustify\"><strong>Karenca:<\/strong><br \/>\nJabuka \u2013 35 dana<\/p>\n<\/div>\n<\/div>\n<\/div>\n<\/div>\n<\/div>\n<div class=\"group-primena field-group-div primena-processed product-accordion-processed ui-accordion ui-widget ui-helper-reset\" role=\"tablist\">\n<h2 id=\"ui-accordion-2-header-0\" class=\"ui-accordion-header ui-helper-reset ui-state-default ui-accordion-icons ui-accordion-header-active ui-state-active ui-corner-top\" role=\"tab\">Primena<\/h2>\n<div id=\"ui-accordion-2-panel-0\" class=\"content ui-accordion-content ui-helper-reset ui-widget-content ui-corner-bottom ui-accordion-content-active\" role=\"tabpanel\" aria-labelledby=\"ui-accordion-2-header-0\" aria-hidden=\"false\">\n<div class=\"field field-name-field-product-application field-type-text-with-summary field-label-hidden\">\n<div class=\"field-items\">\n<div class=\"field-item even\">\n<p class=\"rtejustify\"><strong>Insekticid sa kontaktnim, digestivnim i penetrativnim delovanjem<\/strong><\/p>\n<p class=\"rtejustify\"><strong>JABUKA:<\/strong> za suzbijanje jabukinog smotavca <em>(Cydia pomonella)<\/em>, breskvinog smotavca <em>(C. molesta) <\/em>i \u0161ljivinog smotavca <em>(C. funebrana)<\/em> u koncentraciji 0,15-0,2% (15-20 ml\/10 l vode).<br \/>\n<strong>Vreme primene:<\/strong> na po\u010detku piljenja gusenica.<\/p>\n<p><strong>Imidan 50 WP<\/strong> treba koristiti u programu suzbijanja smotavaca u razmaku 10-14 dana, ali u alternaciji sa insekticidima drugih mehanizama delovanja.<\/p>\n<p class=\"rtejustify\"><strong>Mogu\u0107nost druge primene<\/strong><\/p>\n<p class=\"rtejustify\"><strong>Imidan 50 WP<\/strong> se mo\u017ee koristiti za suzbijanje:<\/p>\n<ul>\n<li class=\"rtejustify\">prve generacije gro\u017e\u0111anog moljca <em>(Polychrosis botrana)<\/em> na vinovoj lozi;<\/li>\n<li class=\"rtejustify\">pipa na kukuruzu i \u0161e\u0107ernoj repi <em>(Tanymecus dilaticollis)<\/em>;<\/li>\n<li class=\"rtejustify\">pipa <em>(Curculionidae)<\/em>, kao \u0161to su vo\u0107ne pipe <em>(Polydrosus spp.)<\/em>, lisne pipe <em>(Phyllobius spp.)<\/em> i dr.;<\/li>\n<li class=\"rtejustify\">pokretnih formi i imaga kalifornijske \u0161titaste va\u0161i <em>(Q. perniciosus)<\/em> i breskvine \u0161titaste va\u0161i <em>(Diaspis pentagona)<\/em> i dr. Ove \u0161titaste va\u0161i su primarne \u0161teto\u010dine jer se razvijaju i na plodovima, te\u0161ko se suzbijaju, a prag tolerancije je nula. Tretman ponoviti najmanje 2-3 puta u prvoj prole\u0107noj generaciji, a koli\u010dina primene je 2 kg\/ha.<\/li>\n<\/ul>\n<p class=\"rtejustify\">Ako je kalifornijska \u0161titasta va\u0161 prisutna u jabu\u010dnjaku, <strong>Imidan 50 WP<\/strong> se mo\u017ee koristiti i za zimsko prskanje u koncentraciji od 0,2%, uz dodatak <a href=\"https:\/\/www.agrosava.com\/letol-ec\" target=\"_blank\" rel=\"noopener noreferrer\"><strong>Letol EC<\/strong><\/a> u koncentraciji 3-4%.<br \/>\nPrilikom spravljanja sme\u0161e, u rezervoar se prvo sipa<strong> Imidan 50 WP<\/strong>, a zatim <a href=\"https:\/\/www.agrosava.com\/letol-ec\" target=\"_blank\" rel=\"noopener noreferrer\"><strong>Letol EC<\/strong><\/a> i stalno se me\u0161a do vremena prskanja i tokom prskanja.<\/p>\n<p class=\"rtejustify\"><strong>MOGU\u0106NOST ME\u0160ANJA<\/strong><\/p>\n<p class=\"rtejustify\"><strong>Imidan 50 WP<\/strong> ne sme se me\u0161ati sa preparatima na bazi sumpora i preparatima alkalne reakcije.<\/p>\n<\/div>\n<\/div>\n<\/div>\n<\/div>\n<\/div>\n<div class=\"group-caracteristics field-group-div caracteristics-processed product-accordion-processed ui-accordion ui-widget ui-helper-reset\" role=\"tablist\">\n<h2 id=\"ui-accordion-3-header-0\" class=\"ui-accordion-header ui-helper-reset ui-state-default ui-accordion-icons ui-accordion-header-active ui-state-active ui-corner-top\" role=\"tab\">Karakteristike<\/h2>\n<div id=\"ui-accordion-3-panel-0\" class=\"content ui-accordion-content ui-helper-reset ui-widget-content ui-corner-bottom ui-accordion-content-active\" role=\"tabpanel\" aria-labelledby=\"ui-accordion-3-header-0\" aria-hidden=\"false\">\n<div class=\"field field-name-field-products-characteristics field-type-text-with-summary field-label-hidden\">\n<div class=\"field-items\">\n<div class=\"field-item even\">\n<p class=\"rtejustify\"><strong>Imidan WP 50<\/strong> deluje na inhibiranje holin-esteraze na centralnom nervnom sistemu. Preparat je postojan, deluje na vi\u0161e na\u010dina, pa je pogodan i za suzbijanje insekata koji se ubu\u0161uju i kod gajenja vo\u0107a gde se ne vr\u0161i prore\u0111ivanje plodova.<br \/>\n<strong>Imidan WP 50 <\/strong>je jedan od retkih organfosfornih insekticida koji je na pozitivnoj listi Evropske unije.<\/p>\n<p class=\"rtejustify\"><strong>NE\u017dELJENI EFEKTI<\/strong><\/p>\n<p class=\"rtejustify\"><strong>Imidan 50 WP<\/strong> ne koristi se za suzbijanje insekata u ku\u0107nim vrtovima.<\/p>\n<\/div>\n<\/div>\n<\/div>\n<\/div>\n<\/div>","protected":false},"excerpt":{"rendered":"<p><b>Folijarni insekticid sa kontaktnim, digestivnim i penetrativnim\u00a0 delovanjem za suzbijanje smotavca<\/b><\/p>\n<p><u><b>Primena: <\/b><\/u><\/p>\n<p>Jabukin, breskvin, \u0161ljivin smotavac 0,15-0,2% (15-20 ml na 10 l vode)<\/p>\n<p>Karenca: jabuka 35 d<\/p>","protected":false},"featured_media":4099,"template":"","meta":[],"product_brand":[],"product_cat":[234],"product_tag":[],"class_list":{"0":"post-4069","1":"product","2":"type-product","3":"status-publish","4":"has-post-thumbnail","6":"product_cat-insekticidi","8":"first","9":"instock","10":"shipping-taxable","11":"product-type-simple"},"_links":{"self":[{"href":"https:\/\/agrarpetrovic.rs\/en\/wp-json\/wp\/v2\/product\/4069","targetHints":{"allow":["GET"]}}],"collection":[{"href":"https:\/\/agrarpetrovic.rs\/en\/wp-json\/wp\/v2\/product"}],"about":[{"href":"https:\/\/agrarpetrovic.rs\/en\/wp-json\/wp\/v2\/types\/product"}],"wp:featuredmedia":[{"embeddable":true,"href":"https:\/\/agrarpetrovic.rs\/en\/wp-json\/wp\/v2\/media\/4099"}],"wp:attachment":[{"href":"https:\/\/agrarpetrovic.rs\/en\/wp-json\/wp\/v2\/media?parent=4069"}],"wp:term":[{"taxonomy":"product_brand","embeddable":true,"href":"https:\/\/agrarpetrovic.rs\/en\/wp-json\/wp\/v2\/product_brand?post=4069"},{"taxonomy":"product_cat","embeddable":true,"href":"https:\/\/agrarpetrovic.rs\/en\/wp-json\/wp\/v2\/product_cat?post=4069"},{"taxonomy":"product_tag","embeddable":true,"href":"https:\/\/agrarpetrovic.rs\/en\/wp-json\/wp\/v2\/product_tag?post=4069"}],"curies":[{"name":"wp","href":"https:\/\/api.w.org\/{rel}","templated":true}]}}