{"id":4072,"date":"2023-07-13T16:07:13","date_gmt":"2023-07-13T14:07:13","guid":{"rendered":"https:\/\/agrarpetrovic.rs\/?post_type=product&#038;p=4072"},"modified":"2023-07-13T16:07:24","modified_gmt":"2023-07-13T14:07:24","slug":"letol-ec-insekticid","status":"publish","type":"product","link":"https:\/\/agrarpetrovic.rs\/en\/proizvod\/letol-ec-insekticid\/","title":{"rendered":"Letol EC &#8211; Insekticid"},"content":{"rendered":"<div class=\"group-technical-info field-group-div technical-info-processed product-accordion-processed ui-accordion ui-widget ui-helper-reset\" role=\"tablist\">\n<div id=\"ui-accordion-1-panel-0\" class=\"content ui-accordion-content ui-helper-reset ui-widget-content ui-corner-bottom ui-accordion-content-active\" role=\"tabpanel\" aria-labelledby=\"ui-accordion-1-header-0\" aria-hidden=\"false\">\n<div class=\"field field-name-field-product-category field-type-taxonomy-term-reference field-label-above\">\n<div class=\"field-label\">Kategorija: Insekticidi<\/div>\n<\/div>\n<div class=\"field field-name-field-product-ctive-ingredient field-type-text field-label-above\">\n<div class=\"field-item even\">Aktivna materija: Parafinsko ulje 790 g\/l<\/div>\n<\/div>\n<div class=\"field field-name-field-product-formulation field-type-text field-label-above\">\n<div class=\"field-item even\">Formulacija: \u041a\u043encentrat za emulziju (\u0415C)<\/div>\n<\/div>\n<div class=\"field field-name-field-product-resistance-class field-type-text field-label-above\">\n<div class=\"field-item even\">Klasifikacija rezistentnosti: UN<\/div>\n<\/div>\n<div class=\"field field-name-field-product-packaging field-type-text field-label-above\">\n<div class=\"field-item even\">Pakovanje: 250 ml i 1 L<\/div>\n<\/div>\n<div class=\"field field-name-field-product-manufacturer field-type-taxonomy-term-reference field-label-above\">\n<div class=\"field-item even\">Proizvo\u0111a\u010d: Chemical Agrosava<\/div>\n<\/div>\n<div class=\"field field-name-field-product-technical-informat field-type-text-with-summary field-label-hidden\">\n<div class=\"field-items\">\n<div class=\"field-item even\">\n<p class=\"rtejustify\"><strong>Karenca:<\/strong><br \/>\nJabuka i breskva \u2013 21 dan<\/p>\n<\/div>\n<\/div>\n<\/div>\n<\/div>\n<\/div>\n<div class=\"group-primena field-group-div primena-processed product-accordion-processed ui-accordion ui-widget ui-helper-reset\" role=\"tablist\">\n<h2 id=\"ui-accordion-2-header-0\" class=\"ui-accordion-header ui-helper-reset ui-state-default ui-accordion-icons ui-accordion-header-active ui-state-active ui-corner-top\" role=\"tab\">Primena<\/h2>\n<div id=\"ui-accordion-2-panel-0\" class=\"content ui-accordion-content ui-helper-reset ui-widget-content ui-corner-bottom ui-accordion-content-active\" role=\"tabpanel\" aria-labelledby=\"ui-accordion-2-header-0\" aria-hidden=\"false\">\n<div class=\"field field-name-field-product-application field-type-text-with-summary field-label-hidden\">\n<div class=\"field-items\">\n<div class=\"field-item even\">\n<p class=\"rtejustify\"><strong>Insekticid i akaricid, okva\u0161iva\u010d i ote\u017eiva\u010d<\/strong><\/p>\n<p class=\"rtejustify\"><strong>JABUKA:<\/strong> za suzbijanje crvene vo\u0107ne grinje <em>(Panonychus ulmi)<\/em> i ba\u0161tenskog pauka <em>(Tetranychus urticae)<\/em>.<br \/>\nAko su u jabu\u010dnjaku prisutne kalifornijske \u0161titaste va\u0161i <em>(Q. perniciosus)<\/em>, prag tolerancije je nula, pa se suzbijanje obavlja zimskim prskanjem, odnosno primenom <strong>Letol EC<\/strong> u koncentraciji 3-4%, uz dodatak Imidan WP 50, u koli\u010dini od 2 kg\/ha. U rezervoar se prvo dodaje Imidan WP 50, zatim <strong>Letol EC<\/strong> uz stalno me\u0161anje, koje se nastavlja i za vreme prskanja.<br \/>\n<strong>Letol EC<\/strong> koristi se kao ote\u017eiva\u010d u koli\u010dini od 0,8 l\/ha pri avio-primeni pesticida kao npr. Diminil u suzbijanju gubara <em>(Lymantria dispar)<\/em> u \u0161umama ili kod suzbijanja kukuruznog plamenca ili kukuruzne sovice na semenskom kukuruzu i kukuruzu \u0161e\u0107ercu.<br \/>\n<strong>Letol EC<\/strong> se u koli\u010dini 2-5 l\/ha dodaje preparatu Amon 20 EW za suzbijanje kru\u0161kine buve <em>(Psylla pyri)<\/em>.<br \/>\nU integralnoj za\u0161titi vo\u0107a i povr\u0107a koristi se za \u201emaskiranje doma\u0107ina\u201c kako bi se insekti ometali u pronala\u017eenju biljke hraniteljke na koju pola\u017eu jaja.<br \/>\nU toku leta primena<strong> Letol EC<\/strong> izvodi se predve\u010de i kada temperature ne prelaze 30\u00b0C.<\/p>\n<p class=\"rtejustify\"><strong>MOGU\u0106NOST ME\u0160ANJA<\/strong><\/p>\n<p class=\"rtejustify\"><strong>Letol EC<\/strong> mo\u017ee se me\u0161ati sa preparatima na bazi bakra (Everst). Ne sme se me\u0161ati sa preparatima na bazi sumpora, niti sa preparatima koji sadr\u017ee sumpor (kaptan, hlorotalonil i sl.).<\/p>\n<\/div>\n<\/div>\n<\/div>\n<\/div>\n<\/div>\n<div class=\"group-caracteristics field-group-div caracteristics-processed product-accordion-processed ui-accordion ui-widget ui-helper-reset\" role=\"tablist\">\n<h2 id=\"ui-accordion-3-header-0\" class=\"ui-accordion-header ui-helper-reset ui-state-default ui-accordion-icons ui-accordion-header-active ui-state-active ui-corner-top\" role=\"tab\">Karakteristike<\/h2>\n<div id=\"ui-accordion-3-panel-0\" class=\"content ui-accordion-content ui-helper-reset ui-widget-content ui-corner-bottom ui-accordion-content-active\" role=\"tabpanel\" aria-labelledby=\"ui-accordion-3-header-0\" aria-hidden=\"false\">\n<div class=\"field field-name-field-products-characteristics field-type-text-with-summary field-label-hidden\">\n<div class=\"field-items\">\n<div class=\"field-item even\">\n<p class=\"rtejustify\">Prema \u0415P\u0410 (Environmental Protection Agency)\u00a0\u010disto ulje je ozna\u010deno kao inertna supstanca. Mehanizam delovanja na insekte i grinje nije precizno utvr\u0111en. Smatra se da zatvara traheje (sisteme za disanje kod insekata i grinja), pa izaziva gu\u0161enje.<br \/>\nUlje smanjuje povr\u0161inski napon kapi vode, pa se smatra i okva\u0161iva\u010dem. Mo\u017ee zatvoriti stome na listu ili plodovima, pa se ne sme koristiti dva puta uzastopno. Dodaje se mnogim pesticidima za bolje kva\u0161enje lista i ploda, kao i za spre\u010davanje brzog su\u0161enja. Ulje kao ote\u017eiva\u010d omogu\u0107ava drugim preparatima da padnu na list.\u00a0<strong>Letol EC<\/strong>\u00a0se mo\u017ee koristiti avio primenom.<\/p>\n<p class=\"rtejustify\"><strong>NE\u017dELJENI EFEKTI<\/strong><\/p>\n<p class=\"rtejustify\">Na kru\u0161kama i ru\u017eama mo\u017ee do\u0107i do prolazne fitotoksi\u010dnosti ako se<strong> Letol EC<\/strong> koristi kada su ni\u017ee temperature i hladno vreme i ako se koristi vi\u0161e puta uzastopno<\/p>\n<\/div>\n<\/div>\n<\/div>\n<\/div>\n<\/div>","protected":false},"excerpt":{"rendered":"<p><b>Folijarni insekticid, akaricid, okva\u0161iva\u010d i ote\u017eiva\u010d<\/b><\/p>\n<p><u><b>Primena: <\/b><\/u><\/p>\n<p><b>Jabuka: <\/b>vo\u0107ana grinje i ba\u0161tenski pauk<\/p>\n<p><u><b>Druge primene:<\/b><\/u><\/p>\n<p>Zimski tretman vo\u0107a 1,5-3% sa preparatima EVEREST i SAVANUR EC<\/p>\n<p>Partner preparatima:<\/p>\n<p>AMON 020 EW, DIMILIN SC 48<\/p>","protected":false},"featured_media":4102,"template":"","meta":[],"product_brand":[],"product_cat":[234],"product_tag":[],"class_list":{"0":"post-4072","1":"product","2":"type-product","3":"status-publish","4":"has-post-thumbnail","6":"product_cat-insekticidi","8":"first","9":"instock","10":"shipping-taxable","11":"product-type-simple"},"_links":{"self":[{"href":"https:\/\/agrarpetrovic.rs\/en\/wp-json\/wp\/v2\/product\/4072","targetHints":{"allow":["GET"]}}],"collection":[{"href":"https:\/\/agrarpetrovic.rs\/en\/wp-json\/wp\/v2\/product"}],"about":[{"href":"https:\/\/agrarpetrovic.rs\/en\/wp-json\/wp\/v2\/types\/product"}],"wp:featuredmedia":[{"embeddable":true,"href":"https:\/\/agrarpetrovic.rs\/en\/wp-json\/wp\/v2\/media\/4102"}],"wp:attachment":[{"href":"https:\/\/agrarpetrovic.rs\/en\/wp-json\/wp\/v2\/media?parent=4072"}],"wp:term":[{"taxonomy":"product_brand","embeddable":true,"href":"https:\/\/agrarpetrovic.rs\/en\/wp-json\/wp\/v2\/product_brand?post=4072"},{"taxonomy":"product_cat","embeddable":true,"href":"https:\/\/agrarpetrovic.rs\/en\/wp-json\/wp\/v2\/product_cat?post=4072"},{"taxonomy":"product_tag","embeddable":true,"href":"https:\/\/agrarpetrovic.rs\/en\/wp-json\/wp\/v2\/product_tag?post=4072"}],"curies":[{"name":"wp","href":"https:\/\/api.w.org\/{rel}","templated":true}]}}