{"id":4103,"date":"2023-07-13T16:07:27","date_gmt":"2023-07-13T14:07:27","guid":{"rendered":"https:\/\/agrarpetrovic.rs\/?post_type=product&#038;p=4103"},"modified":"2023-07-13T16:07:29","modified_gmt":"2023-07-13T14:07:29","slug":"plures-insekticid","status":"publish","type":"product","link":"https:\/\/agrarpetrovic.rs\/en\/proizvod\/plures-insekticid\/","title":{"rendered":"Plures &#8211; Insekticid"},"content":{"rendered":"<div class=\"group-technical-info field-group-div technical-info-processed product-accordion-processed ui-accordion ui-widget ui-helper-reset\" role=\"tablist\">\n<div id=\"ui-accordion-1-panel-0\" class=\"content ui-accordion-content ui-helper-reset ui-widget-content ui-corner-bottom ui-accordion-content-active\" role=\"tabpanel\" aria-labelledby=\"ui-accordion-1-header-0\" aria-hidden=\"false\">\n<div class=\"field field-name-field-product-category field-type-taxonomy-term-reference field-label-above\">\n<div class=\"field-label\">Kategorija: Insekticidi<\/div>\n<\/div>\n<div class=\"field field-name-field-product-ctive-ingredient field-type-text field-label-above\">\n<div class=\"field-item even\">Aktivna materija: Deltametrin 15 g\/l<\/div>\n<\/div>\n<div class=\"field field-name-field-product-formulation field-type-text field-label-above\">\n<div class=\"field-item even\">Formulacija: Emulzija ulje u vodi (EW)<\/div>\n<\/div>\n<div class=\"field field-name-field-product-resistance-class field-type-text field-label-above\">\n<div class=\"field-item even\">Klasifikacija rezistentnosti: 3A<\/div>\n<\/div>\n<div class=\"field field-name-field-product-packaging field-type-text field-label-above\">\n<div class=\"field-item even\">Pakovanje: 50 ml, 250 ml i 1 L<\/div>\n<\/div>\n<div class=\"field field-name-field-product-manufacturer field-type-taxonomy-term-reference field-label-above\">\n<div class=\"field-item even\">Proizvo\u0111a\u010d: Chemical Agrosava<\/div>\n<\/div>\n<div class=\"field field-name-field-product-technical-informat field-type-text-with-summary field-label-hidden\">\n<div class=\"field-items\">\n<div class=\"field-item even\">\n<p class=\"rtejustify\"><strong>Karenca:<\/strong><br \/>\nJagoda \u2013 3 dana<br \/>\nMalina i vi\u0161nja \u2013 7 dana<br \/>\nVinova loza i paradajz \u2013 14 dana<br \/>\nP\u0161enica \u2013 35 dana<\/p>\n<\/div>\n<\/div>\n<\/div>\n<\/div>\n<\/div>\n<div class=\"group-primena field-group-div primena-processed product-accordion-processed ui-accordion ui-widget ui-helper-reset\" role=\"tablist\">\n<h2 id=\"ui-accordion-2-header-0\" class=\"ui-accordion-header ui-helper-reset ui-state-default ui-accordion-icons ui-accordion-header-active ui-state-active ui-corner-top\" role=\"tab\">Primena<\/h2>\n<div id=\"ui-accordion-2-panel-0\" class=\"content ui-accordion-content ui-helper-reset ui-widget-content ui-corner-bottom ui-accordion-content-active\" role=\"tabpanel\" aria-labelledby=\"ui-accordion-2-header-0\" aria-hidden=\"false\">\n<div class=\"field field-name-field-product-application field-type-text-with-summary field-label-hidden\">\n<div class=\"field-items\">\n<div class=\"field-item even\">\n<p class=\"rtejustify\"><strong>Insekticid \u0161irokog spektra delovanja<\/strong><\/p>\n<p class=\"rtejustify\"><strong>P\u0160ENICA:<\/strong> za suzbijanje \u017eitne pijavice <em>(Lema melanopus)<\/em> i za suzbijanje lisnih va\u0161i <em>(Sitobion avene)<\/em> u koli\u010dini 500-650 ml\/ha uz utro\u0161ak vode 200-400 l\/ha.<br \/>\n<strong>Vreme primene:<\/strong> kod \u017eitne pijavice po pojavi prvih o\u0161te\u0107enja i mla\u0111ih larvenih stadijuma insekata, a kod lisnih va\u0161i na po\u010detku formiranja kolonija.<\/p>\n<p class=\"rtejustify\"><strong>PARADAJZ:<\/strong> za suzbijanje lisnih va\u0161i i za suzbijanje kukuruzne sovice <em>(Heicoverpa armigera)<\/em> u koli\u010dini 650-800 ml\/ha uz utro\u0161ak vode 200-600 l\/ha.<br \/>\n<strong>Vreme primene:<\/strong> kod lisnih va\u0161i na po\u010detku formiranja kolonija, a kod kukuruzne sovice po pojavi prvih larvenih stadijuma insekata.<\/p>\n<p class=\"rtejustify\"><strong>JAGODA, MALINA, VI\u0160NJA I VINOVA LOZA:<\/strong> za suzbijanje odraslih jedinki vo\u0107ne mu\u0161ice <em>(Drosophila suzukii)<\/em> u koli\u010dini 500-700 ml\/ha.<br \/>\n<strong>Vreme primene:<\/strong> u vreme sazrevanja plodova.<\/p>\n<p class=\"rtejustify\"><strong>BOROVNICA:<\/strong> za suzbijanje azijske vo\u0107ne mu\u0161ice <em>(Drosophila suzukii)<\/em> u koli\u010dini od 0,5 l\/ha.<br \/>\n<strong>Vreme primene:<\/strong> nakon pojave prvih imaga u vreme sazrevanja plodova.<\/p>\n<p class=\"rtejustify\"><strong>Mogu\u0107nost druge primene<\/strong><\/p>\n<p class=\"rtejustify\">Preparati na bazi deltametrina u na\u0161oj zemlji registrovani su za primenu u zasadima:<\/p>\n<ul>\n<li class=\"rtejustify\">jabuke i kru\u0161ke, za suzbijanje jabukinog smotavca, lisnih va\u0161i, lisnih minera, lisnih osa;<\/li>\n<li class=\"rtejustify\">breskve, za suzbijanje breskvinog smotavca i lisnih va\u0161i;<\/li>\n<li class=\"rtejustify\">\u0161ljive, za suzbijanje \u0161ljivine ose i lisnih va\u0161i;<\/li>\n<li class=\"rtejustify\">tre\u0161nje i vi\u0161nje, za suzbijanje tre\u0161njine muve;<\/li>\n<li class=\"rtejustify\">vinove loze, za suzbijanje gro\u017e\u0111anog moljca.<\/li>\n<\/ul>\n<p class=\"rtejustify\">Preparati na bazi deltametrina ispoljavaju visoku efikasnost u usevima:<\/p>\n<ul>\n<li class=\"rtejustify\">kukuruza, pri suzbijanju kukuruznog plamenca;<\/li>\n<li class=\"rtejustify\">duvana, pri suzbijanju podgrizaju\u0107ih sovica, lisnih va\u0161i i duvanovog tripsa;<\/li>\n<li class=\"rtejustify\">uljane repice, za suzbijanje repi\u010dine lisne ose i repi\u010dinog sjajnika.<\/li>\n<\/ul>\n<p class=\"rtejustify\"><strong>MOGU\u0106NOST ME\u0160ANJA<\/strong><\/p>\n<p class=\"rtejustify\"><strong>Plures<\/strong> se mo\u017ee me\u0161ati sa preparatima na bazi hlorpirifosa. Ne sme se me\u0161ati sa bordovskom \u010dorbom, alkalnim preparatima i preparatima na bazi sumpora.<\/p>\n<\/div>\n<\/div>\n<\/div>\n<\/div>\n<\/div>\n<div class=\"group-caracteristics field-group-div caracteristics-processed product-accordion-processed ui-accordion ui-widget ui-helper-reset\" role=\"tablist\">\n<h2 id=\"ui-accordion-3-header-0\" class=\"ui-accordion-header ui-helper-reset ui-state-default ui-accordion-icons ui-accordion-header-active ui-state-active ui-corner-top\" role=\"tab\">Karakteristike<\/h2>\n<div id=\"ui-accordion-3-panel-0\" class=\"content ui-accordion-content ui-helper-reset ui-widget-content ui-corner-bottom ui-accordion-content-active\" role=\"tabpanel\" aria-labelledby=\"ui-accordion-3-header-0\" aria-hidden=\"false\">\n<div class=\"field field-name-field-products-characteristics field-type-text-with-summary field-label-hidden\">\n<div class=\"field-items\">\n<div class=\"field-item even\">\n<p class=\"rtejustify\"><strong>Plures<\/strong> je insekticid sa kontaktim i digestivnim delovanjem. Preparat je bazi aktivne materije deltametrin, koja pripada grupi piretorida i koju odlikuje veoma brzo delovanje na ciljane organizme. Deltametrin ometa sposobnost nervnih \u0107elija u prenosu signala za otvaranje natrijum kanala. U kontaktu sa \u0161tetnim insektima izaziva gubitak koordinacije, konvulzije, dehidrataciju, \u201eknock-down\u201c efekat i brzo uginu\u0107e. Ovo je zna\u010dajna osobina kada se \u017eeli brzo spre\u010davanje o\u0161te\u0107enja od insekata.<\/p>\n<p class=\"rtejustify\"><strong>NE\u017dELJENI EFEKTI<\/strong><\/p>\n<p class=\"rtejustify\">U veoma toplim danima (iznad 28\u00b0C) <strong>Plures<\/strong> je najbolje primeniti predve\u010de.<br \/>\n<strong>Plures<\/strong> se ne sme primenjivati u vreme leta p\u010dela. Preparat primenjivati u onim regionima gde nije utvr\u0111ena rezistentnost na deltametrin i ostale piretroide. Zbog ukr\u0161tene rezistentnosti, za suzbijanje lisnih va\u0161i alternativno ne primenjivati preparate na bazi bilo kog piretroida registrovanog u na\u0161oj zemlji.<\/p>\n<\/div>\n<\/div>\n<\/div>\n<\/div>\n<\/div>","protected":false},"excerpt":{"rendered":"<p><b>Insekticid \u0161irokog spektra delovanja<\/b><\/p>\n<p><u><b>Primena:<\/b><\/u><b>\u00a0\u00a0\u00a0\u00a0\u00a0\u00a0 <\/b><\/p>\n<p><b>P\u0161enica: 0,3-0,5 l\/ha<\/b><\/p>\n<p><b>Druge primene: <\/b><\/p>\n<p>&#8211;<b>Jabuka i kru\u0161ka <\/b>za suzbijanje jabukinog smotavca, lisnih va\u0161i, lisnih minera i lisnih osa<\/p>\n<p>&#8211;<b>Breskva <\/b>za suzbijanje breskvinog smotavca i lisnih va\u0161i<\/p>\n<p>&#8211;<b>\u0160ljiva <\/b>za suzbijanje \u0161ljivine ose i lisnih va\u0161i<\/p>\n<p>&#8211;<b>Tre\u0161nja i vi\u0161nja <\/b>za suzbijanje tre\u0161njine muve<\/p>\n<p>&#8211;<b>Vinova loza <\/b>za suzbijanje gro\u017e\u0111anog moljca<\/p>","protected":false},"featured_media":4133,"template":"","meta":[],"product_brand":[],"product_cat":[234],"product_tag":[],"class_list":{"0":"post-4103","1":"product","2":"type-product","3":"status-publish","4":"has-post-thumbnail","6":"product_cat-insekticidi","8":"first","9":"instock","10":"shipping-taxable","11":"product-type-simple"},"_links":{"self":[{"href":"https:\/\/agrarpetrovic.rs\/en\/wp-json\/wp\/v2\/product\/4103","targetHints":{"allow":["GET"]}}],"collection":[{"href":"https:\/\/agrarpetrovic.rs\/en\/wp-json\/wp\/v2\/product"}],"about":[{"href":"https:\/\/agrarpetrovic.rs\/en\/wp-json\/wp\/v2\/types\/product"}],"wp:featuredmedia":[{"embeddable":true,"href":"https:\/\/agrarpetrovic.rs\/en\/wp-json\/wp\/v2\/media\/4133"}],"wp:attachment":[{"href":"https:\/\/agrarpetrovic.rs\/en\/wp-json\/wp\/v2\/media?parent=4103"}],"wp:term":[{"taxonomy":"product_brand","embeddable":true,"href":"https:\/\/agrarpetrovic.rs\/en\/wp-json\/wp\/v2\/product_brand?post=4103"},{"taxonomy":"product_cat","embeddable":true,"href":"https:\/\/agrarpetrovic.rs\/en\/wp-json\/wp\/v2\/product_cat?post=4103"},{"taxonomy":"product_tag","embeddable":true,"href":"https:\/\/agrarpetrovic.rs\/en\/wp-json\/wp\/v2\/product_tag?post=4103"}],"curies":[{"name":"wp","href":"https:\/\/api.w.org\/{rel}","templated":true}]}}