{"id":4104,"date":"2023-07-13T16:07:27","date_gmt":"2023-07-13T14:07:27","guid":{"rendered":"https:\/\/agrarpetrovic.rs\/?post_type=product&#038;p=4104"},"modified":"2023-07-13T16:07:29","modified_gmt":"2023-07-13T14:07:29","slug":"premijer-insekticid","status":"publish","type":"product","link":"https:\/\/agrarpetrovic.rs\/en\/proizvod\/premijer-insekticid\/","title":{"rendered":"Premijer &#8211; Insekticid"},"content":{"rendered":"<div class=\"group-technical-info field-group-div technical-info-processed product-accordion-processed ui-accordion ui-widget ui-helper-reset\" role=\"tablist\">\n<div id=\"ui-accordion-1-panel-0\" class=\"content ui-accordion-content ui-helper-reset ui-widget-content ui-corner-bottom ui-accordion-content-active\" role=\"tabpanel\" aria-labelledby=\"ui-accordion-1-header-0\" aria-hidden=\"false\">\n<div class=\"field field-name-field-product-category field-type-taxonomy-term-reference field-label-above\">\n<div class=\"field-label\">Kategorija: Insekticidi<\/div>\n<\/div>\n<div class=\"field field-name-field-product-ctive-ingredient field-type-text field-label-above\">\n<div class=\"field-item even\">Aktivna materija: Tiametoksam 200 g\/l + deltametrin 25 g\/l<\/div>\n<\/div>\n<div class=\"field field-name-field-product-formulation field-type-text field-label-above\">\n<div class=\"field-item even\">Formulacija: Koncentrovana suspenzija (SC)<\/div>\n<\/div>\n<div class=\"field field-name-field-product-resistance-class field-type-text field-label-above\">\n<div class=\"field-item even\">Klasifikacija rezistentnosti: Tiametoksam 4A + deltametrin 3A<\/div>\n<\/div>\n<div class=\"field field-name-field-product-packaging field-type-text field-label-above\">\n<div class=\"field-item even\">Pakovanje: 50 ml, 250 ml i 1 L<\/div>\n<\/div>\n<div class=\"field field-name-field-product-manufacturer field-type-taxonomy-term-reference field-label-above\">\n<div class=\"field-item even\">Proizvo\u0111a\u010d: Chemical Agrosava<\/div>\n<\/div>\n<div class=\"field field-name-field-product-technical-informat field-type-text-with-summary field-label-hidden\">\n<div class=\"field-items\">\n<div class=\"field-item even\">\n<p class=\"rtejustify\"><strong>Karenca:<\/strong><br \/>\nBreskva \u2013 14 dana<\/p>\n<\/div>\n<\/div>\n<\/div>\n<\/div>\n<\/div>\n<div class=\"group-primena field-group-div primena-processed product-accordion-processed ui-accordion ui-widget ui-helper-reset\" role=\"tablist\">\n<h2 id=\"ui-accordion-2-header-0\" class=\"ui-accordion-header ui-helper-reset ui-state-default ui-accordion-icons ui-accordion-header-active ui-state-active ui-corner-top\" role=\"tab\">Primena<\/h2>\n<div id=\"ui-accordion-2-panel-0\" class=\"content ui-accordion-content ui-helper-reset ui-widget-content ui-corner-bottom ui-accordion-content-active\" role=\"tabpanel\" aria-labelledby=\"ui-accordion-2-header-0\" aria-hidden=\"false\">\n<div class=\"field field-name-field-product-application field-type-text-with-summary field-label-hidden\">\n<div class=\"field-items\">\n<div class=\"field-item even\">\n<p class=\"rtejustify\"><strong>Insekticid sa kontaktnim i digestivnim delovanjem<\/strong><\/p>\n<p class=\"rtejustify\"><strong>BRESKVA:<\/strong> za suzbijanje zelene breskvine va\u0161i <em>(Myzus persicae)<\/em> u koli\u010dini 300-400 ml\/ha uz utro\u0161ak vode 600-1.000 l\/ha.<br \/>\n<strong>Vreme primene:<\/strong> tretiranjem na po\u010detku formiranja kolonija.<\/p>\n<p class=\"rtejustify\"><strong>Mogu\u0107nost druge primene<\/strong><\/p>\n<p class=\"rtejustify\"><strong>Premijer<\/strong> se koristi u vo\u0107nim zasadima, ratarskim i povrtarskim usevima za suzbijanje svih ekonomski zna\u010dajnih vrsta lisnih va\u0161i.<\/p>\n<p class=\"rtejustify\"><strong>MOGU\u0106NOST ME\u0160ANJA<\/strong><\/p>\n<p class=\"rtejustify\"><strong>Premijer<\/strong> je mogu\u0107e me\u0161ati sa ve\u0107inom drugih preparata, s tim da pre me\u0161anja treba proveriti njihovu kompatibilnost.<\/p>\n<p class=\"rtejustify\">\n<\/div>\n<\/div>\n<\/div>\n<\/div>\n<\/div>\n<div class=\"group-caracteristics field-group-div caracteristics-processed product-accordion-processed ui-accordion ui-widget ui-helper-reset\" role=\"tablist\">\n<h2 id=\"ui-accordion-3-header-0\" class=\"ui-accordion-header ui-helper-reset ui-state-default ui-accordion-icons ui-accordion-header-active ui-state-active ui-corner-top\" role=\"tab\">Karakteristike<\/h2>\n<div id=\"ui-accordion-3-panel-0\" class=\"content ui-accordion-content ui-helper-reset ui-widget-content ui-corner-bottom ui-accordion-content-active\" role=\"tabpanel\" aria-labelledby=\"ui-accordion-3-header-0\" aria-hidden=\"false\">\n<div class=\"field field-name-field-products-characteristics field-type-text-with-summary field-label-hidden\">\n<div class=\"field-items\">\n<div class=\"field-item even\">\n<p class=\"rtejustify\"><strong>Premijer<\/strong> je kombinacija dve aktivne materije od kojih je jedna sistemi\u010dna, a druga kontaktna, pri \u010demu je dobijena znatno bolja efikasnost nego kod pojedina\u010dnog delovanja.<br \/>\nTiametoksam pripada grupi neonikotinoida, koja ometa prenos nadra\u017eaja u nervnom sistemu \u0161tetnih insekata. Neprestano stimulisanje neurona dovodi do brzog i izuzetno efikasnog suzbijanja insekata.<br \/>\nDeltametrin pripada grupi piretorida, koje odlikuje veoma brz &#8222;knock down&#8220; efekat tj. trenutno delovanje na ciljane organizme.<br \/>\nKombinacija aktivnih materija tiametoksam i deltametrin u preparatu <strong>Premijer<\/strong> ispoljava visoku efikasnost posebno u suzbijanju najotpornijih vrsta lisnih va\u0161i\u00a0(<em>Brachycaudus helichrysi, Brevycorinae brassicae, Brachycaudus amigdalinus, Aphis fabae\u00a0<\/em>i mnoge druge)<em>.<\/em><\/p>\n<p class=\"rtejustify\"><strong>NE\u017dELJENI EFEKTI<\/strong><\/p>\n<p class=\"rtejustify\"><strong>Premijer<\/strong> se ne sme primenjivati u vreme leta p\u010dela. S obzirom na to da postoji opasnost od razvoja rezistentnosti biljnih va\u0161i na tiametoksam i deltametrin, prilikom njihovog suzbijanja treba primeniti sve neophodne mere kako bi se predupredila pojava rezistentnosti i sa\u010duvala visoka efikasnost preparata.<\/p>\n<\/div>\n<\/div>\n<\/div>\n<\/div>\n<\/div>","protected":false},"excerpt":{"rendered":"<p><b>Insekticid sa kontaktnim i digestivnim delovanjem<\/b><\/p>\n<p><u><b>Primena:<\/b><\/u><b>\u00a0\u00a0\u00a0\u00a0\u00a0\u00a0 <\/b><\/p>\n<p><b>Breskva: <\/b><i>Myzus persicae <\/i>300-400 ml\/ha<\/p>\n<p><b>Koristi se u vo\u0107nim zasadima, ratarskim i povrtarskim usevima svih ekonomski zna\u010dajnih vrsta lisnih va\u0161i<\/b><\/p>\n<p><b>Karenca: <\/b>breskva 14 d<\/p>","protected":false},"featured_media":4134,"template":"","meta":[],"product_brand":[],"product_cat":[234],"product_tag":[],"class_list":{"0":"post-4104","1":"product","2":"type-product","3":"status-publish","4":"has-post-thumbnail","6":"product_cat-insekticidi","8":"first","9":"instock","10":"shipping-taxable","11":"product-type-simple"},"_links":{"self":[{"href":"https:\/\/agrarpetrovic.rs\/en\/wp-json\/wp\/v2\/product\/4104","targetHints":{"allow":["GET"]}}],"collection":[{"href":"https:\/\/agrarpetrovic.rs\/en\/wp-json\/wp\/v2\/product"}],"about":[{"href":"https:\/\/agrarpetrovic.rs\/en\/wp-json\/wp\/v2\/types\/product"}],"wp:featuredmedia":[{"embeddable":true,"href":"https:\/\/agrarpetrovic.rs\/en\/wp-json\/wp\/v2\/media\/4134"}],"wp:attachment":[{"href":"https:\/\/agrarpetrovic.rs\/en\/wp-json\/wp\/v2\/media?parent=4104"}],"wp:term":[{"taxonomy":"product_brand","embeddable":true,"href":"https:\/\/agrarpetrovic.rs\/en\/wp-json\/wp\/v2\/product_brand?post=4104"},{"taxonomy":"product_cat","embeddable":true,"href":"https:\/\/agrarpetrovic.rs\/en\/wp-json\/wp\/v2\/product_cat?post=4104"},{"taxonomy":"product_tag","embeddable":true,"href":"https:\/\/agrarpetrovic.rs\/en\/wp-json\/wp\/v2\/product_tag?post=4104"}],"curies":[{"name":"wp","href":"https:\/\/api.w.org\/{rel}","templated":true}]}}