{"id":4105,"date":"2023-07-13T16:07:27","date_gmt":"2023-07-13T14:07:27","guid":{"rendered":"https:\/\/agrarpetrovic.rs\/?post_type=product&#038;p=4105"},"modified":"2023-07-13T16:07:29","modified_gmt":"2023-07-13T14:07:29","slug":"saturn-terra-insekticid","status":"publish","type":"product","link":"https:\/\/agrarpetrovic.rs\/en\/proizvod\/saturn-terra-insekticid\/","title":{"rendered":"Saturn Terra &#8211; Insekticid"},"content":{"rendered":"<div class=\"group-technical-info field-group-div technical-info-processed product-accordion-processed ui-accordion ui-widget ui-helper-reset\" role=\"tablist\">\n<div id=\"ui-accordion-1-panel-0\" class=\"content ui-accordion-content ui-helper-reset ui-widget-content ui-corner-bottom ui-accordion-content-active\" role=\"tabpanel\" aria-labelledby=\"ui-accordion-1-header-0\" aria-hidden=\"false\">\n<div class=\"field field-name-field-product-category field-type-taxonomy-term-reference field-label-above\">\n<div class=\"field-label\">Kategorija: Insekticidi<\/div>\n<\/div>\n<div class=\"field field-name-field-product-ctive-ingredient field-type-text field-label-above\">\n<div class=\"field-item even\">Aktivna materija: Hlorpirifos 75 g\/kg<\/div>\n<\/div>\n<div class=\"field field-name-field-product-formulation field-type-text field-label-above\">\n<div class=\"field-item even\">Formulacija: Granule (GR)<\/div>\n<\/div>\n<div class=\"field field-name-field-product-resistance-class field-type-text field-label-above\">\n<div class=\"field-item even\">Klasifikacija rezistentnosti: 1B<\/div>\n<\/div>\n<div class=\"field field-name-field-product-packaging field-type-text field-label-above\">\n<div class=\"field-item even\">Pakovanje: 1 kg<\/div>\n<\/div>\n<div class=\"field field-name-field-product-manufacturer field-type-taxonomy-term-reference field-label-above\">\n<div class=\"field-item even\">Proizvo\u0111a\u010d: Chemical Agrosava<\/div>\n<\/div>\n<div class=\"field field-name-field-product-technical-informat field-type-text-with-summary field-label-hidden\">\n<div class=\"field-items\">\n<div class=\"field-item even\">\n<p class=\"rtejustify\"><strong>Karenca:<\/strong><br \/>\nObezbe\u0111ena vremenom primene<\/p>\n<\/div>\n<\/div>\n<\/div>\n<\/div>\n<\/div>\n<div class=\"group-primena field-group-div primena-processed product-accordion-processed ui-accordion ui-widget ui-helper-reset\" role=\"tablist\">\n<h2 id=\"ui-accordion-2-header-0\" class=\"ui-accordion-header ui-helper-reset ui-state-default ui-accordion-icons ui-accordion-header-active ui-state-active ui-corner-top\" role=\"tab\">Primena<\/h2>\n<div id=\"ui-accordion-2-panel-0\" class=\"content ui-accordion-content ui-helper-reset ui-widget-content ui-corner-bottom ui-accordion-content-active\" role=\"tabpanel\" aria-labelledby=\"ui-accordion-2-header-0\" aria-hidden=\"false\">\n<div class=\"field field-name-field-product-application field-type-text-with-summary field-label-hidden\">\n<div class=\"field-items\">\n<div class=\"field-item even\">\n<p class=\"rtejustify\"><strong>Zemlji\u0161ni insekticid sa kontaktnim i digestivnim delovanjem<\/strong><\/p>\n<p class=\"rtejustify\"><strong>KUKURUZ: <\/strong>za suzbijanje larvi \u017ei\u010dara <em>(Elateridae)<\/em> u koli\u010dini 15-20 kg\/ha (150-200 g na 100 m<sup>2<\/sup>).<br \/>\n<strong>Vreme primene:<\/strong> istovremeno sa setvom 1 cm ispod semena ili tretiranjem u redove.<\/p>\n<p><strong>PAPRIKA:<\/strong> za suzbijanje larvi \u017ei\u010dara <em>(Elateridae)<\/em> u koli\u010dini 15-20 kg\/ha (150-200 g na 100 m<sup>2<\/sup>).<br \/>\n<strong>Vreme primene:<\/strong> istovremeno sa sadnjom rasada.<br \/>\n<strong>Saturn Terra<\/strong> unosi se depozitorom za granule, odnosno razbaciva\u010dima \u0111ubriva. Na istoj povr\u0161ini mo\u017ee se koristiti jednom u toku godine.<\/p>\n<p class=\"rtejustify\"><strong>Mogu\u0107nost druge primene<\/strong><\/p>\n<p class=\"rtejustify\">Proizvodnja povr\u0107a na otvorenom i zatvorenom prostoru, a posebno proizvodnja korenasto-krtolastih biljaka, vrlo je atraktivna za ishranu brojnih zemlji\u0161nih \u0161teto\u010dina. Skriven na\u010din \u017eivota, vertikalno kretanje insekata i relativno mali izbor insekticida za njihovo efikasno suzbijanje zahtevaju obavezno tretiranje zemlji\u0161ta.<br \/>\nPreparati na bazi hlorpirifosa formulisani za zemlji\u0161nu primenu pokazali su se kao jedno od ekonomski najboljih re\u0161enja u za\u0161titi useva od zemlji\u0161nih \u0161teto\u010dina. Rastvorljivost hlorpirifosa u vodi je veoma mala, a time nema ni ispiranja u dublje slojeve, ve\u0107 se preparat zadr\u017eava u zoni uno\u0161enja obezbe\u0111uju\u0107i dugotrajnu za\u0161titu. Potpuna selektivnost na sve useve \u010dini ga sigurnim sredstvom za za\u0161titu semena i mladih biljaka.<br \/>\n<strong>Saturn Terra<\/strong> mo\u017ee da se koristi za tretiranje zemlji\u0161ta neposredno pre setve useva: strnih \u017eita, suncokreta, \u0161e\u0107erne repe, krompira, povrtarskih, uskrasnih biljaka, kao i u proizvodnji vo\u0107nih sadnica i rasada.<\/p>\n<p class=\"rtejustify\"><strong>MOGU\u0106NOST ME\u0160ANJA<\/strong><\/p>\n<p class=\"rtejustify\">Zbog same formulacije preparata <strong>Saturn Terra<\/strong> (granule) nema potrebe za me\u0161anjem sa drugim preparatima.<\/p>\n<\/div>\n<\/div>\n<\/div>\n<\/div>\n<\/div>\n<div class=\"group-caracteristics field-group-div caracteristics-processed product-accordion-processed ui-accordion ui-widget ui-helper-reset\" role=\"tablist\">\n<h2 id=\"ui-accordion-3-header-0\" class=\"ui-accordion-header ui-helper-reset ui-state-default ui-accordion-icons ui-accordion-header-active ui-state-active ui-corner-top\" role=\"tab\">Karakteristike<\/h2>\n<div id=\"ui-accordion-3-panel-0\" class=\"content ui-accordion-content ui-helper-reset ui-widget-content ui-corner-bottom ui-accordion-content-active\" role=\"tabpanel\" aria-labelledby=\"ui-accordion-3-header-0\" aria-hidden=\"false\">\n<div class=\"field field-name-field-products-characteristics field-type-text-with-summary field-label-hidden\">\n<div class=\"field-items\">\n<div class=\"field-item even\">\n<p class=\"rtejustify\"><strong>Saturn Terra<\/strong> je nesistemi\u010dni insekticid za suzbijanje zemlji\u0161nih insekata. Aktivna materija hlorpirifos pripada grupi organofosfata, koji deluju kao inhibitori aktivnosti acetilholinesteraze centralnog nervnog sistema insekata. Ovakav mehanizam omogu\u0107ava \u0161irok spektar delovanja. Fizi\u010dko-hemijske osobine hlorpirifosa obezbe\u0111uju kontaktno, digestivno i respiratorno delovanje. Hlorpirifos u preparatu <strong>Saturn Terra<\/strong> nanet je na kukuruzni griz. Kukuruzni griz kao nosa\u010d organskog porekla ima svojstvo atraktanta, da privu\u010de \u0161tetne insekte, ali i da omogu\u0107i lak\u0161e i ravnomerno uno\u0161enje preparata u zemlji\u0161te.<\/p>\n<p class=\"rtejustify\"><strong>NAPOMENA<\/strong><\/p>\n<p class=\"rtejustify\">Preparat se ne sme primenjivati u usevima korenastog povr\u0107a i povr\u0107a sa kratkom vegetacijom (mladi luk, salata, mladi krompir).<\/p>\n<\/div>\n<\/div>\n<\/div>\n<\/div>\n<\/div>","protected":false},"excerpt":{"rendered":"<p><b>Zemlji\u0161ni insekticid sa kontaktnim i digestivnim delovanjem <\/b><\/p>\n<p><u><b>Primena:<\/b><\/u><b>\u00a0 <\/b><\/p>\n<p><b>U za\u0161titi kukuruza, paprike od<\/b><\/p>\n<p><b>\u0161teto\u010dina korena, a posebno larvi \u017ei\u010dara 15-20 kg\/ha<\/b><\/p>\n<p><b>Unosi se istovremeno sa setvom, koristi se jednom u toku godine.<\/b><\/p>\n<p><b>\u00a0<\/b><b>Ne primenjivati u usevima korenastog povr\u0107a sa kratkom vegetacijom<\/b><\/p>","protected":false},"featured_media":4135,"template":"","meta":[],"product_brand":[],"product_cat":[234],"product_tag":[],"class_list":{"0":"post-4105","1":"product","2":"type-product","3":"status-publish","4":"has-post-thumbnail","6":"product_cat-insekticidi","8":"first","9":"instock","10":"shipping-taxable","11":"product-type-simple"},"_links":{"self":[{"href":"https:\/\/agrarpetrovic.rs\/en\/wp-json\/wp\/v2\/product\/4105","targetHints":{"allow":["GET"]}}],"collection":[{"href":"https:\/\/agrarpetrovic.rs\/en\/wp-json\/wp\/v2\/product"}],"about":[{"href":"https:\/\/agrarpetrovic.rs\/en\/wp-json\/wp\/v2\/types\/product"}],"wp:featuredmedia":[{"embeddable":true,"href":"https:\/\/agrarpetrovic.rs\/en\/wp-json\/wp\/v2\/media\/4135"}],"wp:attachment":[{"href":"https:\/\/agrarpetrovic.rs\/en\/wp-json\/wp\/v2\/media?parent=4105"}],"wp:term":[{"taxonomy":"product_brand","embeddable":true,"href":"https:\/\/agrarpetrovic.rs\/en\/wp-json\/wp\/v2\/product_brand?post=4105"},{"taxonomy":"product_cat","embeddable":true,"href":"https:\/\/agrarpetrovic.rs\/en\/wp-json\/wp\/v2\/product_cat?post=4105"},{"taxonomy":"product_tag","embeddable":true,"href":"https:\/\/agrarpetrovic.rs\/en\/wp-json\/wp\/v2\/product_tag?post=4105"}],"curies":[{"name":"wp","href":"https:\/\/api.w.org\/{rel}","templated":true}]}}