{"id":4107,"date":"2023-07-13T16:07:27","date_gmt":"2023-07-13T14:07:27","guid":{"rendered":"https:\/\/agrarpetrovic.rs\/?post_type=product&#038;p=4107"},"modified":"2023-07-13T16:07:30","modified_gmt":"2023-07-13T14:07:30","slug":"sonar-insekticid","status":"publish","type":"product","link":"https:\/\/agrarpetrovic.rs\/en\/proizvod\/sonar-insekticid\/","title":{"rendered":"Sonar &#8211; Insekticid"},"content":{"rendered":"<div class=\"group-technical-info field-group-div technical-info-processed product-accordion-processed ui-accordion ui-widget ui-helper-reset\" role=\"tablist\">\n<div id=\"ui-accordion-1-panel-0\" class=\"content ui-accordion-content ui-helper-reset ui-widget-content ui-corner-bottom ui-accordion-content-active\" role=\"tabpanel\" aria-labelledby=\"ui-accordion-1-header-0\" aria-hidden=\"false\">\n<div class=\"field field-name-field-product-category field-type-taxonomy-term-reference field-label-above\">\n<div class=\"field-label\">Kategorija: Insekticidi<\/div>\n<\/div>\n<div class=\"field field-name-field-product-ctive-ingredient field-type-text field-label-above\">\n<div class=\"field-item even\">Aktivna materija: Dimetoat 400 g\/l<\/div>\n<\/div>\n<div class=\"field field-name-field-product-formulation field-type-text field-label-above\">\n<div class=\"field-item even\">Formulacija: Koncentrovani rastvor (SL)<\/div>\n<\/div>\n<div class=\"field field-name-field-product-resistance-class field-type-text field-label-above\">\n<div class=\"field-item even\">Klasifikacija rezistentnosti: 1A<\/div>\n<\/div>\n<div class=\"field field-name-field-product-packaging field-type-text field-label-above\">\n<div class=\"field-item even\">Pakovanje: 100 ml i 1 L<\/div>\n<\/div>\n<div class=\"field field-name-field-product-manufacturer field-type-taxonomy-term-reference field-label-above\">\n<div class=\"field-item even\">Proizvo\u0111a\u010d: Chemical Agrosava<\/div>\n<\/div>\n<div class=\"field field-name-field-product-technical-informat field-type-text-with-summary field-label-hidden\">\n<div class=\"field-items\">\n<div class=\"field-item even\">\n<p class=\"rtejustify\"><strong>Karenca:<\/strong><br \/>\n\u0160ljiva \u2013 21 dan<br \/>\nRu\u017ee \u2013 nije primenljivo<\/p>\n<\/div>\n<\/div>\n<\/div>\n<\/div>\n<\/div>\n<div class=\"group-primena field-group-div primena-processed product-accordion-processed ui-accordion ui-widget ui-helper-reset\" role=\"tablist\">\n<h2 id=\"ui-accordion-2-header-0\" class=\"ui-accordion-header ui-helper-reset ui-state-default ui-accordion-icons ui-accordion-header-active ui-state-active ui-corner-top\" role=\"tab\">Primena<\/h2>\n<div id=\"ui-accordion-2-panel-0\" class=\"content ui-accordion-content ui-helper-reset ui-widget-content ui-corner-bottom ui-accordion-content-active\" role=\"tabpanel\" aria-labelledby=\"ui-accordion-2-header-0\" aria-hidden=\"false\">\n<div class=\"field field-name-field-product-application field-type-text-with-summary field-label-hidden\">\n<div class=\"field-items\">\n<div class=\"field-item even\">\n<p class=\"rtejustify\"><strong>Sistemi\u010dni insekticid \u0161irokog spektra delovanja<\/strong><\/p>\n<p class=\"rtejustify\"><strong>\u0160LJIVA:<\/strong> za suzbijanje \u0161ljivinih osa <em>(Hoplocampa flava, Hoplocampa minuta)<\/em> u koncentraciji od 0,1% (10 ml u 10 l vode).<br \/>\n<strong>Vreme primene:<\/strong> na po\u010detku piljenja larvi, odnosno u fenofazi precvetavanja, po opadanju kruni\u010dnih listi\u0107a.<\/p>\n<p><strong>RU\u017dA:<\/strong> za suzbijanje lisnih va\u0161i <em>(Aphididae, Myzus persicae, Macrosiphum rosae)<\/em> u koncentraciji 0,075-0,1% (7,5-10 ml u 10 l vode).<br \/>\n<strong>Vreme primene:<\/strong> u vreme formiranja prvih kolonija.<\/p>\n<p class=\"rtejustify\"><strong>Mogu\u0107nost druge primene<\/strong><\/p>\n<p class=\"rtejustify\">Preparati na bazi dimetoata u na\u0161oj zemlji registrovani su za primenu u zasadima:<br \/>\n<strong>JABUKA:<\/strong> za suzbijanje jabukine ose <em>(Hoplocampa testudinea)<\/em>, crvene vo\u0107ne grinje <em>(Panonychus ulmi)<\/em>, ba\u0161tenskog pauka <em>(Tetranychus urticae)<\/em>, jabukinog smotavca <em>(Cydia pomonella)<\/em>, kalifornijske \u0161titaste va\u0161i <em>(Quadraspidiotus perniciosus)<\/em>, kru\u0161ke za suzbijanje kru\u0161kine ose <em>(Hoplocampa brevis)<\/em>, breskve za suzbijanje breskvinog smotavca <em>(Cydia molesta)<\/em>, \u0161ljive za suzbijanje lisnih va\u0161i <em>(Brachycaudus helichrysi, Hyalopterus pruni)<\/em>.<\/p>\n<p><strong>TRE\u0160NJA I VI\u0160NJA:<\/strong> za suzbijanje tre\u0161njine muve <em>(Rhagoletis cerasi)<\/em>.<br \/>\nU usevu duvana koristi se za suzbijanje duvanovog tripsa <em>(Thrips tabaci)<\/em>, a kod povrtarskih useva za suzbijanje buva\u010da <em>(Phyllotreta spp.)<\/em>.<\/p>\n<p class=\"rtejustify\"><strong>MOGU\u0106NOST ME\u0160ANJA<\/strong><\/p>\n<p class=\"rtejustify\"><strong>Sonar<\/strong> se ne sme me\u0161ati sa preparatima alkalne reakcije, formulacijama koje sadr\u017ee sumpor, preparatima na bazi folpleta, kaptana i fungicidima iz grupe ditiokarbamata.<\/p>\n<p class=\"rtejustify\">\n<\/div>\n<\/div>\n<\/div>\n<\/div>\n<\/div>\n<div class=\"group-caracteristics field-group-div caracteristics-processed product-accordion-processed ui-accordion ui-widget ui-helper-reset\" role=\"tablist\">\n<h2 id=\"ui-accordion-3-header-0\" class=\"ui-accordion-header ui-helper-reset ui-state-default ui-accordion-icons ui-accordion-header-active ui-state-active ui-corner-top\" role=\"tab\">Karakteristike<\/h2>\n<div id=\"ui-accordion-3-panel-0\" class=\"content ui-accordion-content ui-helper-reset ui-widget-content ui-corner-bottom ui-accordion-content-active\" role=\"tabpanel\" aria-labelledby=\"ui-accordion-3-header-0\" aria-hidden=\"false\">\n<div class=\"field field-name-field-products-characteristics field-type-text-with-summary field-label-hidden\">\n<div class=\"field-items\">\n<div class=\"field-item even\">\n<p class=\"rtejustify\"><strong>Sonar<\/strong> je sistemi\u010dni insekticid iz grupe organofosfata, koji deluju tako \u0161to ometaju aktivnosti holinesteraze, enzima koji je bitan za pravilan rad nervnog sistema kod insekata. Ovo vodi ka produ\u017eenom periodu nervnog uzbu\u0111enja \u0161to rezultira paralizom, a kasnije uginjavanjem \u0161tetnih insekata. Zahvaljuju\u0107i ovom mehanizmu delovanja, preparat <strong>Sonar<\/strong> ispoljava visoku efikasnost u suzbijanju insekata iz rodova: <em>Lepidoptera, Coleoptera, Diptera, Hemiptera<\/em>, a dodatno deluje i na nematode i fitofagne grinje.<\/p>\n<p class=\"rtejustify\"><strong>NE\u017dELJENI EFEKTI<\/strong><\/p>\n<p class=\"rtejustify\"><strong>Sonar<\/strong> se ne sme primenjivati u vreme leta p\u010dela<\/p>\n<\/div>\n<\/div>\n<\/div>\n<\/div>\n<\/div>","protected":false},"excerpt":{"rendered":"<p><b>Sistemi\u010dni insekticid sa kontaktnim i digestivnim delovanjem<\/b><\/p>\n<p><u><b>Primena:<\/b><\/u><b>\u00a0 <\/b><\/p>\n<p><b>\u0160ljiva: \u0161ljivina osa, na po\u010detku piljenja 0,1%<\/b><\/p>\n<p><b>Ru\u017ea: lisne va\u0161i 0,075-0,1%<\/b><\/p>\n<p><b>Druge primene: <\/b><\/p>\n<p>Jabukina osa, crvena vo\u0107na grinja, ba\u0161tenski pauk,<\/p>\n<p>kalifornijska \u0161titasta va\u0161, breskvinog smotavca,<\/p>\n<p>lisnih va\u0161i, tre\u0161njine muve, buva\u010da, duvanovog<\/p>\n<p>cvetnog tripsa<\/p>","protected":false},"featured_media":4137,"template":"","meta":[],"product_brand":[],"product_cat":[234],"product_tag":[],"class_list":{"0":"post-4107","1":"product","2":"type-product","3":"status-publish","4":"has-post-thumbnail","6":"product_cat-insekticidi","8":"first","9":"instock","10":"shipping-taxable","11":"product-type-simple"},"_links":{"self":[{"href":"https:\/\/agrarpetrovic.rs\/en\/wp-json\/wp\/v2\/product\/4107","targetHints":{"allow":["GET"]}}],"collection":[{"href":"https:\/\/agrarpetrovic.rs\/en\/wp-json\/wp\/v2\/product"}],"about":[{"href":"https:\/\/agrarpetrovic.rs\/en\/wp-json\/wp\/v2\/types\/product"}],"wp:featuredmedia":[{"embeddable":true,"href":"https:\/\/agrarpetrovic.rs\/en\/wp-json\/wp\/v2\/media\/4137"}],"wp:attachment":[{"href":"https:\/\/agrarpetrovic.rs\/en\/wp-json\/wp\/v2\/media?parent=4107"}],"wp:term":[{"taxonomy":"product_brand","embeddable":true,"href":"https:\/\/agrarpetrovic.rs\/en\/wp-json\/wp\/v2\/product_brand?post=4107"},{"taxonomy":"product_cat","embeddable":true,"href":"https:\/\/agrarpetrovic.rs\/en\/wp-json\/wp\/v2\/product_cat?post=4107"},{"taxonomy":"product_tag","embeddable":true,"href":"https:\/\/agrarpetrovic.rs\/en\/wp-json\/wp\/v2\/product_tag?post=4107"}],"curies":[{"name":"wp","href":"https:\/\/api.w.org\/{rel}","templated":true}]}}