{"id":4111,"date":"2023-07-13T16:07:27","date_gmt":"2023-07-13T14:07:27","guid":{"rendered":"https:\/\/agrarpetrovic.rs\/?post_type=product&#038;p=4111"},"modified":"2025-10-23T11:54:27","modified_gmt":"2025-10-23T09:54:27","slug":"agrodimark-herbicid","status":"publish","type":"product","link":"https:\/\/agrarpetrovic.rs\/en\/proizvod\/agrodimark-herbicid\/","title":{"rendered":"Agrodimark &#8211; Herbicid"},"content":{"rendered":"<div class=\"product-harvest\">\n<p><strong>PRIMENA<\/strong>:<\/p>\n<table>\n<tbody>\n<tr class=\"bg-sec-4\">\n<td class=\"bg-4\">Kukuruz<\/td>\n<td>0,5 &#8211; 0,7 l\/ha<\/td>\n<td>Kada je kukuruz u fazi razvoja 3-5 listova a korovske vrste sa razvijenih 2 do 6 listova.<\/td>\n<\/tr>\n<\/tbody>\n<\/table>\n<\/div>\n<div class=\"product-info\">\n<p><strong>DELOVANJE:<\/strong><\/p>\n<p>Usvaja se listom i korenom, kre\u0107e se navi\u0161e i nani\u017ee u biljci. Deluje poput indolsir\u0107etne kiseline i izaziva kovrd\u017eanje listova i nekroze.<\/p>\n<p><strong>SPEKTAR DELOVANJA:<\/strong><\/p>\n<p><strong>JEDNOGODI\u0160NJE I VI\u0160EGODI\u0160NJE \u0160IROKOLISNE KOROVSKE VRSTE:<\/strong><\/p>\n<p>Ambrozija pelenasta (<em>Ambrosia artemisifolia<\/em> ), \u0161tir bljutavi (<em>Amaranthus blitoides<\/em> ), \u0161tir obi\u010dni (<em>Amaranthus retroflexus<\/em> ), viju\u0161ac njivski (<em>Bylderdikia convolvulus<\/em> ), pepeljuga (<em>Chenopodium album<\/em> ), palamida <em>(Cirsium arvense)<\/em>,\u00a0konica obi\u010dna (<em>Galinsoga parviflora<\/em> ), dvornik veliki (<em>Polygonum lapathifolium<\/em> ), pomo\u0107nica obi\u010dna (<em>Solanum nigrum<\/em> ), gor\u010dika (<em>Sonchus spp<\/em> .), \u010distac jednogodi\u0161nji (<em>Stachys annua<\/em> ), boca obi\u010dna (<em>Cirsium arvense<\/em> ),\u00a0poponac obi\u010dni<em> (Convolvulusarvensis).<\/em><\/p>\n<p><strong>PREPORUKE I NAPOMENE:<\/strong><\/p>\n<p><strong>Radi pro\u0161irenja delovanja na jednogodi\u0161nje i vi\u0161egodi\u0161nje korovske\u00a0vrste u usevu kukuruza do 5. lista agroDimark (0,6 l\/ha) + Siran\u00a040 SC (1,25 l\/ha).<\/strong> Ne sme se primenjivati u semenskom kukuruzu i\u00a0kukuruzu sa podusevom,\u00a0u kra\u0161kim podru\u010djima, na slabo humusnim\u00a0zemlji\u0161tima ispod 1%, na temperaturama vi\u0161im od 25\u00b0C. Fitotoksi\u010dan\u00a0je za sve \u0161irokolisne useve i zasade. Mo\u017ee se me\u0161ati sa preparatima na\u00a0bazi terbutilazina, nikosulfurona, rimsulfurona, 2,4 D.\u00a0Mo\u017ee se primeniti na istoj povr\u0161ini jedanput.<\/p>\n<p><strong>MBT: <\/strong>1<\/p>\n<\/div>","protected":false},"excerpt":{"rendered":"<p class=\"detail\"><strong>Klasa:<\/strong>Herbicid<\/p>\n<p class=\"detail\"><strong>Aktivna materija:<\/strong>Dikamba-DMA 480 g\/l (578 g\/l Dikamba DMA so)<\/p>\n<p class=\"detail\"><strong>Formulacija:<\/strong>SL &#8211; koncentrovani rastvor<\/p>\n<p class=\"detail\"><strong>Pakovanje:<\/strong>300ml, 1l<\/p>\n<p class=\"detail\"><strong>Proizvo\u0111a\u010d:<\/strong>Agromarket<\/p>\n<p class=\"detail\"><strong>Karenca:<\/strong>OVP<\/p>\n<p class=\"detail\"><strong>Plodored:<\/strong>Bez ograni\u010denja<\/p>\n<p class=\"detail\"><strong>MDK(mg\/kg):<\/strong>0,5 &#8211; kukuruz<\/p>","protected":false},"featured_media":4141,"template":"","meta":[],"product_brand":[],"product_cat":[203,208,204,207],"product_tag":[517],"class_list":{"0":"post-4111","1":"product","2":"type-product","3":"status-publish","4":"has-post-thumbnail","6":"product_cat-herbicidi","7":"product_cat-herbicidi-protiv-sirokolisnih-korova","8":"product_cat-herbicidi-u-kukuruzu","9":"product_cat-post-em-po-nicanju-useva","10":"product_tag-dikamba-480-g-l","12":"first","13":"outofstock","14":"shipping-taxable","15":"purchasable","16":"product-type-simple"},"_links":{"self":[{"href":"https:\/\/agrarpetrovic.rs\/en\/wp-json\/wp\/v2\/product\/4111","targetHints":{"allow":["GET"]}}],"collection":[{"href":"https:\/\/agrarpetrovic.rs\/en\/wp-json\/wp\/v2\/product"}],"about":[{"href":"https:\/\/agrarpetrovic.rs\/en\/wp-json\/wp\/v2\/types\/product"}],"wp:featuredmedia":[{"embeddable":true,"href":"https:\/\/agrarpetrovic.rs\/en\/wp-json\/wp\/v2\/media\/4141"}],"wp:attachment":[{"href":"https:\/\/agrarpetrovic.rs\/en\/wp-json\/wp\/v2\/media?parent=4111"}],"wp:term":[{"taxonomy":"product_brand","embeddable":true,"href":"https:\/\/agrarpetrovic.rs\/en\/wp-json\/wp\/v2\/product_brand?post=4111"},{"taxonomy":"product_cat","embeddable":true,"href":"https:\/\/agrarpetrovic.rs\/en\/wp-json\/wp\/v2\/product_cat?post=4111"},{"taxonomy":"product_tag","embeddable":true,"href":"https:\/\/agrarpetrovic.rs\/en\/wp-json\/wp\/v2\/product_tag?post=4111"}],"curies":[{"name":"wp","href":"https:\/\/api.w.org\/{rel}","templated":true}]}}