{"id":4112,"date":"2023-07-13T16:07:27","date_gmt":"2023-07-13T14:07:27","guid":{"rendered":"https:\/\/agrarpetrovic.rs\/?post_type=product&#038;p=4112"},"modified":"2025-10-23T11:54:27","modified_gmt":"2025-10-23T09:54:27","slug":"banvel-480-s-1-1-herbicid","status":"publish","type":"product","link":"https:\/\/agrarpetrovic.rs\/en\/proizvod\/banvel-480-s-1-1-herbicid\/","title":{"rendered":"Banvel 480 S 1\/1 &#8211; Herbicid"},"content":{"rendered":"<p><strong>Primena<\/strong>:<\/p>\n<p>USEV \/ ZASAD:<\/p>\n<p><strong>KUKURUZ<\/strong><br \/>\nKOLI\u010cINA PRIMENE: 0,5 \u2013 0,7 l\/ha (5 \u2013 7 ml na 100 m\u00b2)<br \/>\nVREME PRIMENE: Tretman kada kukuruz ima 5 listova, a korovi su u fazi 2-6 listova<\/p>\n<p><strong>STRNI\u0160TA<\/strong><br \/>\n1,0 \u2013 1,5 l\/ha (10 \u2013 15 ml na 100 m\u00b2)<br \/>\nPre primene poorati (olju\u0161titi) strnjiku i sa\u010dekati da korovi ponovo poniknu nakon oranja, pa tek onda primeniti preparat<\/p>\n<p><strong>DELOVANJE:<\/strong><\/p>\n<p>Banvel 480 EC Banvel 480 S je translokacioni herbicid. Aktivna materija dikamba\u00a0se usvaja prete\u017eno preko lisnog tkiva korova i kre\u0107e kroz biljno tkivo.Putevima kojim voda i\u00a0biljna hraniva kru\u017ee u biljci, rasprostire se i aktivna materija, dospevaju\u0107i u sve nadzemne i\u00a0podzemne delove i izazivaju\u0107i zna\u010dajne morfolo\u0161ke i fiziolo\u0161ke promene na korovima.\u00a0Kao posledica delovanja preparata na korovima se zapa\u017eaju abnormalne deformacije vegetativnih\u00a0i generativnih organa, naru\u0161ava se proces razmene materije tj. inhibira proces fotosinteze.\u00a0Usled ovakvog herbicidnog delovanja ne dolazi do regeneracije i obnavljanja izdanaka iz\u00a0korenovog sistema.<\/p>\n<p><strong>SPEKTAR DELOVANJA<\/strong>:<\/p>\n<p>\u0160IROKOLISNE KOROVSKE VRSTE:<\/p>\n<p>Ambrozija\u00a0(Ambrosia artemisifolia), \u0161tir\u00a0(Amaranthus retroflexus), \u0161tir bljutavi\u00a0(A. blitoides),\u00a0viju\u0161ac\u00a0(Bylderdikia. convolvulus), konica obi\u010dna\u00a0(Galinsoga parviflora), tu\u0161t obi\u010dni\u00a0(Portulaca oleracea), pepeljuge\u00a0(Chenopodium spp.), dvornik veliki\u00a0(Polygonum\u00a0lapathifolium), dvornik obi\u010dni\u00a0(P. persicaria), pomo\u0107nica obi\u010dna\u00a0(Solanum nigrum),\u00a0gor\u010dike\u00a0(Sonchus spp.), \u010distac jednogodi\u0161ni\u00a0(Stachys annua), boca\u00a0(Xanthium\u00a0strumarium), lipica\u00a0(Abutilon theophrasti), tatula\u00a0(Datura stramonium), palamida njivska\u00a0(Cirsium arvanse), poponac njivski\u00a0(Convolvulus arvensis), mle\u010dike\u00a0(Euphorbia spp.)\u00a0i druge.<\/p>\n<p><strong>PREPORUKE I NAPOMENE<\/strong>:<\/p>\n<p>Banvel 480 S se ne sme primenjivati u semenskom kukuruzu, \u0161e\u0107ercu, usevukukuruza sa podusevom (pasulj, bundeve i sli\u010dno); u kra\u0161kim podru\u010djima i na\u00a0izrazito lakim i peskovitim zemlji\u0161tima (sa manje od 1% humusa); na temperaturama\u00a0iznad 25\u00b0C. Banvel 480 S nije fitotoksi\u010dan ako se primeni u nazna\u010deno vreme i u\u00a0preporu\u010denim koli\u010dinama. U slu\u010dajevima primene na izrazito lakim zemlji\u0161tima\u00a0u ekstremnim vremenskim uslovima (hladno i jako vla\u017eno vreme) mo\u017ee\u00a0do\u0107i do pojave fitotoksi\u010dnosti koja je naj\u010de\u0161\u0107e prolaznog karaktera. Preparat se\u00a0mo\u017ee me\u0161ati sa preparatima na bazi nikosulfurona, rimsulfurona.\u00a0Na tretiranim povr\u0161inama ne sme se vr\u0161iti ispa\u0161a stoke. Na tretiranim strni\u0161tima\u00a0mo\u017ee se sejati tek naredne godine. Duboko oranje treba obaviti tek nakon 3\u00a0nedelje od tretiranja. Preparat se primenjuje uz utro\u0161ak vode od 200 &#8211; 400 l\/ha u\u00a0kukuruzu i 300-600 l\/ha na strni\u0161tima.<\/p>\n<p>&nbsp;<\/p>","protected":false},"excerpt":{"rendered":"<p><strong>Klasa<\/strong>:\u00a0Herbicidi<br \/>\n<strong>Aktivna materija:<\/strong>\u00a0Dikamba 480 g\/l<br \/>\n<strong>Formulacija:<\/strong>\u00a0SL \u2013 koncentrovani rastvor<br \/>\n<strong>Proizvo\u0111a\u010d:<\/strong> Sygenta<br \/>\n<strong>Karenca:<\/strong>\u00a0OVP<br \/>\n<strong>Plodored:<\/strong>\u00a0nema ograni\u010denja kod normalne primene u kukuruzu<br \/>\n<strong>MDK(mg\/kg)<\/strong>:\u00a00,5<\/p>","protected":false},"featured_media":8970,"template":"","meta":[],"product_brand":[505],"product_cat":[203,208,204,207],"product_tag":[578],"class_list":{"0":"post-4112","1":"product","2":"type-product","3":"status-publish","4":"has-post-thumbnail","6":"product_brand-syngenta","7":"product_cat-herbicidi","8":"product_cat-herbicidi-protiv-sirokolisnih-korova","9":"product_cat-herbicidi-u-kukuruzu","10":"product_cat-post-em-po-nicanju-useva","11":"product_tag-dikamba","13":"first","14":"outofstock","15":"shipping-taxable","16":"purchasable","17":"product-type-simple"},"_links":{"self":[{"href":"https:\/\/agrarpetrovic.rs\/en\/wp-json\/wp\/v2\/product\/4112","targetHints":{"allow":["GET"]}}],"collection":[{"href":"https:\/\/agrarpetrovic.rs\/en\/wp-json\/wp\/v2\/product"}],"about":[{"href":"https:\/\/agrarpetrovic.rs\/en\/wp-json\/wp\/v2\/types\/product"}],"wp:featuredmedia":[{"embeddable":true,"href":"https:\/\/agrarpetrovic.rs\/en\/wp-json\/wp\/v2\/media\/8970"}],"wp:attachment":[{"href":"https:\/\/agrarpetrovic.rs\/en\/wp-json\/wp\/v2\/media?parent=4112"}],"wp:term":[{"taxonomy":"product_brand","embeddable":true,"href":"https:\/\/agrarpetrovic.rs\/en\/wp-json\/wp\/v2\/product_brand?post=4112"},{"taxonomy":"product_cat","embeddable":true,"href":"https:\/\/agrarpetrovic.rs\/en\/wp-json\/wp\/v2\/product_cat?post=4112"},{"taxonomy":"product_tag","embeddable":true,"href":"https:\/\/agrarpetrovic.rs\/en\/wp-json\/wp\/v2\/product_tag?post=4112"}],"curies":[{"name":"wp","href":"https:\/\/api.w.org\/{rel}","templated":true}]}}