{"id":4113,"date":"2023-07-13T16:07:27","date_gmt":"2023-07-13T14:07:27","guid":{"rendered":"https:\/\/agrarpetrovic.rs\/?post_type=product&#038;p=4113"},"modified":"2025-10-23T11:54:27","modified_gmt":"2025-10-23T09:54:27","slug":"bentamark","status":"publish","type":"product","link":"https:\/\/agrarpetrovic.rs\/en\/proizvod\/bentamark\/","title":{"rendered":"Bentamark"},"content":{"rendered":"<div class=\"product-harvest\">\n<p class=\"detail\">Primena:<\/p>\n<table>\n<thead>\n<tr class=\"bg-4\">\n<th>USEV \/ ZASAD<\/th>\n<th>KOLI\u010cINA PRIMENE<\/th>\n<th>VREME PRIMENE<\/th>\n<\/tr>\n<\/thead>\n<tbody>\n<tr class=\"bg-sec-4\">\n<td class=\"bg-4\">Kukuruz<\/td>\n<td>3,0 &#8211; 4,0<\/td>\n<td>Kukuruz u fazi 1 do 5 listova, a korovi 2 do 6 listova<\/td>\n<\/tr>\n<tr class=\"bg-sec-4\">\n<td class=\"bg-4\">Soja<\/td>\n<td>3,0 &#8211; 4,0<\/td>\n<td>Prva do tre\u0107e troliske soje, a korovi 2 do 6 listova<\/td>\n<\/tr>\n<\/tbody>\n<\/table>\n<\/div>\n<div class=\"product-info\">\n<p><strong>DELOVANJE:<\/strong><\/p>\n<p>Kontaktni herbicid koga usvaja zelena masa pri \u010demu je slabo pokretan te je nu\u017eno da masa bude dobro pokrivena preparatom. Inhibira proces fotosinteze.<\/p>\n<p><strong>SPEKTAR DELOVANJA:<\/strong><\/p>\n<ul>\n<li><strong>JEDNOGODI\u0160NJI \u0160IROKOLISNI KOROVI:<\/strong><\/li>\n<\/ul>\n<p>\u0160tir obi\u010dni\u00a0<em>(Amaranthus retroflexus)<\/em>, vidov\u010dica\u00a0<em>(Anagalis arvensis)<\/em>,\u00a0pepeljuga obi\u010dna\u00a0<em>(Chenopodium album)<\/em>, tatula<em>\u00a0(Datura stramonium)<\/em>,\u00a0bro\u0107ika-lepu\u0161a\u00a0<em>(Galium aparinae)<\/em>, pti\u010diji dvornik\u00a0<em>(Polygonum aviculare)<\/em>,\u00a0goru\u0161ica njivska<em>\u00a0(Sinapis arvensis)<\/em>, pomo\u0107nica\u00a0<em>(Solanum nigrum)<\/em>,\u00a0\u010di\u010dak\u00a0<em>(Xanthium strumarium)<\/em>.<\/p>\n<ul>\n<li><strong>VI\u0160EGODI\u0160NJI \u0160IROKOLISNI KOROVI:<\/strong><\/li>\n<\/ul>\n<p>Masla\u010dak<em>\u00a0(Taraxacum officinale)<\/em>.<\/p>\n<p><strong>PREPORUKE I NAPOMENE:<\/strong><\/p>\n<p>Odli\u010dnim se pokazao u usevu soje u kombinaciji sa herbicidom\u00a0Dynox u split aplikaciji Dynox (50 g\/ha) + Bentamark (1,5 l\/ha).\u00a0Mo\u017ee biti fitotoksi\u010dan u kombinaciji sa organofosfornim insekticidima.\u00a0Ne tretirati na temperaturama preko 25\u00b0C zbog mogu\u0107ih o\u017eegotina\u00a0na lisnoj masi. Ukoliko do\u0111e do preoravanja ili privremenog skidanja\u00a0useva, na tretiranim povr\u0161inama mogu se sejati strna \u017eita, soja\u00a0i lucerka<\/p>\n<\/div>","protected":false},"excerpt":{"rendered":"<p class=\"detail\"><strong>Klasa:<\/strong>\u00a0Herbicidi<\/p>\n<p class=\"detail\"><strong>Aktivna materija:<\/strong>\u00a0Bentazon 480 g\/l (Bentazon Na-so 524 g\/l)<\/p>\n<p class=\"detail\"><strong>Formulacija:<\/strong>\u00a0SL &#8211; koncentrovani rastvor<\/p>\n<p class=\"detail\"><strong>Pakovanje:<\/strong>\u00a01 l<\/p>\n<p class=\"detail\"><strong>Proizvo\u0111a\u010d:<\/strong>\u00a0Agromarket<\/p>\n<p class=\"detail\"><strong>Karenca:<\/strong>\u00a063 dana &#8211; kukuruz, soja<\/p>\n<p class=\"detail\"><strong>Plodored:<\/strong>\u00a0bez ograni\u010denja kod normalne smene useva u plodoredu<\/p>\n<p class=\"detail\"><strong>MDK(mg\/kg):<\/strong>\u00a00,1 &#8211; soja, kukuruz<\/p>","protected":false},"featured_media":4143,"template":"","meta":[],"product_brand":[],"product_cat":[203,278,208,204,211,264,207],"product_tag":[562],"class_list":{"0":"post-4113","1":"product","2":"type-product","3":"status-publish","4":"has-post-thumbnail","6":"product_cat-herbicidi","7":"product_cat-herbicidi-protiv-sirokolisnih-korova-u-soji","8":"product_cat-herbicidi-protiv-sirokolisnih-korova","9":"product_cat-herbicidi-u-kukuruzu","10":"product_cat-herbicidi-u-soji","11":"product_cat-post-em-po-nicanju-useva-u-soji","12":"product_cat-post-em-po-nicanju-useva","13":"product_tag-bentazon-480-g-l-bentazon-na-so-524-g-l","15":"first","16":"outofstock","17":"shipping-taxable","18":"purchasable","19":"product-type-simple"},"_links":{"self":[{"href":"https:\/\/agrarpetrovic.rs\/en\/wp-json\/wp\/v2\/product\/4113","targetHints":{"allow":["GET"]}}],"collection":[{"href":"https:\/\/agrarpetrovic.rs\/en\/wp-json\/wp\/v2\/product"}],"about":[{"href":"https:\/\/agrarpetrovic.rs\/en\/wp-json\/wp\/v2\/types\/product"}],"wp:featuredmedia":[{"embeddable":true,"href":"https:\/\/agrarpetrovic.rs\/en\/wp-json\/wp\/v2\/media\/4143"}],"wp:attachment":[{"href":"https:\/\/agrarpetrovic.rs\/en\/wp-json\/wp\/v2\/media?parent=4113"}],"wp:term":[{"taxonomy":"product_brand","embeddable":true,"href":"https:\/\/agrarpetrovic.rs\/en\/wp-json\/wp\/v2\/product_brand?post=4113"},{"taxonomy":"product_cat","embeddable":true,"href":"https:\/\/agrarpetrovic.rs\/en\/wp-json\/wp\/v2\/product_cat?post=4113"},{"taxonomy":"product_tag","embeddable":true,"href":"https:\/\/agrarpetrovic.rs\/en\/wp-json\/wp\/v2\/product_tag?post=4113"}],"curies":[{"name":"wp","href":"https:\/\/api.w.org\/{rel}","templated":true}]}}