{"id":4115,"date":"2023-07-13T16:07:28","date_gmt":"2023-07-13T14:07:28","guid":{"rendered":"https:\/\/agrarpetrovic.rs\/?post_type=product&#038;p=4115"},"modified":"2025-10-23T11:54:27","modified_gmt":"2025-10-23T09:54:27","slug":"calaris-pro-herbicid","status":"publish","type":"product","link":"https:\/\/agrarpetrovic.rs\/en\/proizvod\/calaris-pro-herbicid\/","title":{"rendered":"Calaris Pro &#8211; Herbicid"},"content":{"rendered":"<div class=\"product-harvest\">\n<p class=\"detail\"><strong>PRIMENA<\/strong>:<\/p>\n<table>\n<thead>\n<tr class=\"bg-4\">\n<th>USEV \/ ZASAD<\/th>\n<th>KOLI\u010cINA PRIMENE<\/th>\n<th>VREME PRIMENE<\/th>\n<\/tr>\n<\/thead>\n<tbody>\n<tr class=\"bg-sec-4\">\n<td class=\"bg-4\"><a href=\"https:\/\/www.agromarket.rs\/srb\/zastita-bilja\/programi-zastite\/1001\/Kukuruz\">Kukuruz<\/a><\/td>\n<td>2,0 \u2013 2,3 l\/ha (20 \u2013 23 ml\/100 m2) + 150 \u2013 250 ml EtalFix Pro<\/td>\n<td>Od 2 do 8 lista kukuruza (post-em), odnosno faze (11-18 BBCH-skale)<\/td>\n<\/tr>\n<\/tbody>\n<\/table>\n<\/div>\n<div class=\"product-info\">\n<p><strong>DELOVANJE:<\/strong><\/p>\n<p>Razli\u010dit spektar, na\u010dini i mehanizmi delovanja aktivnih materija koje se me\u0111usobno dopunjuju ima sna\u017eno delovanje na najotpornije vrste korova. Mezotrion je herbicid za suzbijanje jednogodi\u0161njih i vi\u0161egodi\u0161njih \u0161irokolisnih korovskih vrsta koji pripada grupi Triketona. Inhibira 4-hidroksifenil purivatdioksigenazu u procesu biosinteze karotenoida. Usvaja se i folijarno i korenom, a u biljci se kre\u0107e i bazipetalno i akropetalno. Terbutilazin pripada grupi Triazina, su\u0161tinski deluje kao inhibitor fotosinteze. Obrazuje herbicidni film koji spre\u010dava klijanje i nicanje korova ali se usvaja I preko lista korova.<\/p>\n<p><strong>SPEKTAR DELOVANJA<\/strong><\/p>\n<ul>\n<li><strong>JEDNOGODI\u0160NJE \u0160IROKOLISNE KOROVSKE VRSTE<br \/>\n<\/strong>lipica\u00a0<em>(Abutilon theophrasti)<\/em>,\u00a0\u0161tir obi\u010dan\u00a0<em>(Amaranthus retroflexus)<\/em>, viju\u0161ac njivski\u00a0<em>(Bylderdikia convolvulus)<\/em>,\u00a0ze\u010diji gorocvet\u00a0<em>(Adonis aestivalis)<\/em>, repica crna<em>\u00a0(Brassica nigra)<\/em>, tar\u010du\u017eak\u00a0<em>(Capsella bursa-pastoris)<\/em>, pepeljuga obi\u010dna\u00a0<em>(Chenopodium album)<\/em>,\u00a0pepeljuga srcolisna<em>\u00a0(Ch. hybridum)<\/em>, tatula\u00a0<em>(Datura stramonium)<\/em>,\u00a0lubeni\u010darka njivska\u00a0<em>(Hibiscus trionum)<\/em>, dvornik pti\u010diji\u00a0<em>(Polygonum\u00a0aviculare)<\/em>, dvornik veliki\u00a0<em>(P. lapathifolium)<\/em>, goru\u0161ica\u00a0<em>(Sinapis arvensis)<\/em>,\u00a0pomo\u0107nica\u00a0<em>(Solanum nigrum)<\/em>, gor\u010dica rapava\u00a0<em>(Sonchus asper)<\/em>, \u010distac\u00a0<em>(Stachys annua)<\/em>, boca obi\u010dna<em>\u00a0(Xanthium strumarium)<\/em><\/li>\n<li><strong>VI\u0160EGODI\u0160NJI \u0160IROKOLISNI KOROVI<br \/>\n<\/strong>palamida\u00a0<em>(Cirsium arvense)<\/em>, renika\u00a0obi\u010dna\u00a0<em>(Lepidium draba)<\/em><\/li>\n<\/ul>\n<p><strong>PREPORUKE I NAPOMENE:<\/strong><\/p>\n<p>izuzetno fleksibilan u pogledu mogu\u0107eg me\u0161anja sa drugim herbicidima u\u00a0pre-em tretmanima (acetohlor, S-metolahlor\u2026), odnosno sulfonil-ureama\u00a0u post-em tretmanima (nikosulfuron\u2026). Ukoliko je potrebno rano suzbijanje\u00a0ve\u0107eg broja travnih korova, idealna za\u0161tita se posti\u017ee kada se pre nicanja kukuruza\u00a0primeni herbicid na bazi metolahlora (Dual Gold, Mont) u koli\u010dini od 1,4 &#8211; 1,6\u00a0l\/ha, a nakon nicanja useva Calaris Pro u koli\u010dini 2 &#8211; 2,3 l\/ha. Ukoliko zbog\u00a0suvog zemlji\u0161ta tretiranje herbicidom Dual Gold\/Mont, posle setve treba\u00a0odlo\u017eiti, mo\u017ee se napraviti kombinacija Calaris Pro + Dual Gold\/Mont i tretirati\u00a0odmah nakon nicanja useva, s tim da semenske trave u toj fazi ne smeju\u00a0imati vi\u0161e od dva prava lista. Ne me\u0161a se sa insekticidima izrazito kisele\u00a0reakcije. Preporu\u010duje se utro\u0161ak vode 200 &#8211; 400 l\/ha.<\/p>\n<\/div>","protected":false},"excerpt":{"rendered":"<p class=\"detail\"><strong>Klasa:<\/strong>\u00a0Herbicidi<\/p>\n<p class=\"detail\"><strong>Aktivna materija:<\/strong>\u00a0Mezotrion 50 g\/l + Terbutilazin 326 g\/l<\/p>\n<p class=\"detail\"><strong>Formulacija:<\/strong>\u00a0SC \u2013 koncentrovana suspenzijaSC \u2013 koncentrovana suspenzija<\/p>\n<p class=\"detail\"><strong>Pakovanje:<\/strong>\u00a01 l<\/p>\n<p class=\"detail\"><strong>Proizvo\u0111a\u010d:<\/strong>\u00a0Syngenta<\/p>\n<p class=\"detail\"><strong>Karenca:<\/strong>\u00a0OVP<\/p>\n<p class=\"detail\"><strong>Plodored:<\/strong>\u00a0ukoliko do\u0111e do preoravanja useva, mo\u017ee se sejati samo kukuruz. U jesen iste godine mogu se sejati strna \u017eita, a uljana repica uz prethodno duboko oranje. U prole\u0107e naredne godine nakon dubokog oranja mogu se sejati kukuruz, strna \u017eita, soja, suncokret i krompir. Dve godine nakon primene mogu se sejati \u0161e\u0107erna repa, gra\u0161ak, pasulj, spana\u0107<\/p>\n<p class=\"detail\"><strong>MDK(mg\/kg):<\/strong>\u00a00,05<\/p>","protected":false},"featured_media":4145,"template":"","meta":[],"product_brand":[],"product_cat":[203,208,204,207],"product_tag":[664],"class_list":{"0":"post-4115","1":"product","2":"type-product","3":"status-publish","4":"has-post-thumbnail","6":"product_cat-herbicidi","7":"product_cat-herbicidi-protiv-sirokolisnih-korova","8":"product_cat-herbicidi-u-kukuruzu","9":"product_cat-post-em-po-nicanju-useva","10":"product_tag-mezotrion-terbutilazin","12":"first","13":"outofstock","14":"shipping-taxable","15":"purchasable","16":"product-type-simple"},"_links":{"self":[{"href":"https:\/\/agrarpetrovic.rs\/en\/wp-json\/wp\/v2\/product\/4115","targetHints":{"allow":["GET"]}}],"collection":[{"href":"https:\/\/agrarpetrovic.rs\/en\/wp-json\/wp\/v2\/product"}],"about":[{"href":"https:\/\/agrarpetrovic.rs\/en\/wp-json\/wp\/v2\/types\/product"}],"wp:featuredmedia":[{"embeddable":true,"href":"https:\/\/agrarpetrovic.rs\/en\/wp-json\/wp\/v2\/media\/4145"}],"wp:attachment":[{"href":"https:\/\/agrarpetrovic.rs\/en\/wp-json\/wp\/v2\/media?parent=4115"}],"wp:term":[{"taxonomy":"product_brand","embeddable":true,"href":"https:\/\/agrarpetrovic.rs\/en\/wp-json\/wp\/v2\/product_brand?post=4115"},{"taxonomy":"product_cat","embeddable":true,"href":"https:\/\/agrarpetrovic.rs\/en\/wp-json\/wp\/v2\/product_cat?post=4115"},{"taxonomy":"product_tag","embeddable":true,"href":"https:\/\/agrarpetrovic.rs\/en\/wp-json\/wp\/v2\/product_tag?post=4115"}],"curies":[{"name":"wp","href":"https:\/\/api.w.org\/{rel}","templated":true}]}}