{"id":4116,"date":"2023-07-13T16:07:28","date_gmt":"2023-07-13T14:07:28","guid":{"rendered":"https:\/\/agrarpetrovic.rs\/?post_type=product&#038;p=4116"},"modified":"2025-10-23T11:54:27","modified_gmt":"2025-10-23T09:54:27","slug":"chikara-duo-herbicid","status":"publish","type":"product","link":"https:\/\/agrarpetrovic.rs\/en\/proizvod\/chikara-duo-herbicid\/","title":{"rendered":"Chikara Duo &#8211; Herbicid"},"content":{"rendered":"<div class=\"product-harvest\">\n<p class=\"detail\"><strong>PRIMENA<\/strong>:<\/p>\n<table>\n<thead>\n<tr class=\"bg-4\">\n<th>USEV \/ ZASAD<\/th>\n<th>KOLI\u010cINA PRIMENE<\/th>\n<th>VREME PRIMENE<\/th>\n<\/tr>\n<\/thead>\n<tbody>\n<tr class=\"bg-sec-4\">\n<td class=\"bg-4\"><a href=\"https:\/\/www.agromarket.rs\/srb\/zastita-bilja\/programi-zastite\/1018\/Jabuka\">JABUKA KRU\u0160KA<\/a><\/td>\n<td>3,0<\/td>\n<td>Primena u zasadima starijim od 3 godine, od marta do jula, kada su korovi iznikli i u fazi aktivnog porasta (do 10 cm visine)<\/td>\n<\/tr>\n<tr class=\"bg-sec-4\">\n<td class=\"bg-4\"><a href=\"https:\/\/www.agromarket.rs\/srb\/zastita-bilja\/programi-zastite\/1020\/Vinova-loza\">VINOVA LOZA VINSKE I STONE SORTE<\/a><\/td>\n<td>3,0<\/td>\n<td>Primena u zasadima starijim od 4 godine kada su korovi iznikli i u fazi aktivnog porasta (do 10 cm visine), a pre cvetanja vinove loze (faze BBCH 00-57)<\/td>\n<\/tr>\n<\/tbody>\n<\/table>\n<\/div>\n<div class=\"product-info\">\n<div>DELOVANJE: dvokompenentni herbicid, pri \u010demu jedna aktivna materija\u00a0<em>Flazasulfuron<\/em>\u00a0pripada grupi\u00a0<em>Sulfonilurea<\/em>\u00a0sa pre i post emergentnim delovanjem. Inhibira aktivnost enzima\u00a0<em>acetolaktat sintetaze \u2013 ALS<\/em>\u00a0(AHAS \u2013 sintaza hidroksi sir\u0107etne kiseline), prvi enzim u biosintezi amino kiselina razgranatog lanca, \u010dime uti\u010de na biosintezu proteina i deobu \u0107elija (prestanak rasta biljaka). Druga aktivna materija,\u00a0<em>Glifosat<\/em>\u00a0je nerezidualni herbicid \u0161irokog spektra, sistemi\u010dnog i kontaktnog delovanja. Inhibira EPSP sintazu. Inhibicija enzima spre\u010dava biljke da sinteti\u0161u potrebne materije za biosintezu proteina, \u010dime se smanjuje proizvodnja proteina u biljci i ihnibira rast biljaka.<\/div>\n<div>\n<div>SPEKTAR DELOVANJA<\/div>\n<div>JEDNOGODI\u0160NJ\u0415 \u0160IROKOLISNE KOROVSKE VRSTE:<\/div>\n<div>dobro suzbija: jednogodi\u0161nji travni korovi \u2013 ljulj italijanski (<em>Lolium multiflorum<\/em>), ljulj engleski (<em>Lolium perene<\/em>), livadarka jednogodi\u0161nja (<em>Poa annua<\/em>), livadarka obi\u010dna (<em>P.<\/em>\u00a0<em>trivalis<\/em>), obi\u010dna krstica (<em>Senecio vulgaris<\/em>), muhar zeleni (<em>Setaria viridis<\/em>), muhar lepljivi (<em>S. verticiliata<\/em>)<\/div>\n<div>&#8211; jednogodi\u0161nji \u0161irokolisni korovi &#8211; \u0161tir obi\u010dni (<em>Amaranthus retroflexus<\/em>), hudoletnica<\/div>\n<div>kanadska (<em>Erigeron canadensis<\/em>), tar\u010du\u017eak obi\u010dni (<em>Capsella bursa-pastoris<\/em>), obi\u010dna<\/div>\n<div>mi\u0161jakinja (<em>Stellaria media<\/em>)<\/div>\n<div>zadovoljavaju\u0107e suzbija:<\/div>\n<div>&#8211; jednogodi\u0161nji uskolisni korovi \u2013 vlasulja o\u0161tra (<em>Bromus sterilis<\/em>), proso korovsko (<em>Echinochloa crus-galli<\/em>)<\/div>\n<div>&#8211; jednogodi\u0161nji \u0161irokolisni korovi &#8211; pepeljuga obi\u010dna (<em>Chenopodium album<\/em>), \u010dekinju\u0161a<\/div>\n<div>(<em>Crepis capillaris<\/em>), vrste iz roda Geranium spp., ma\u010dije uho glatko (<em>Hypochaeris glabra<\/em>), salata divlja (<em>Lactuca serriola<\/em>), kamilica bezmirisna (<em>Tripleuspermum inodorum- Matricaria perforate<\/em>), vrste iz roda\u00a0<em>Veronica spp.<\/em><\/div>\n<div>&#8211; vi\u0161egodi\u0161nji \u0161irokolisni korovi \u2013 palamida njivska (<em>Cirsium arvense<\/em>), masla\u010dak<\/div>\n<div>obi\u010dan (<em>Taraxacum officinale<\/em>) slabo suzbija \u2013 svra\u010dica crvena\u00a0<em>(Digitaria sanguinalis<\/em>), pirevina obi\u010dna (<em>Agropyrum repens<\/em>), lipice iz roda\u00a0<em>Abutilon spp<\/em>., rosulja jednogodi\u0161nja (<em>Mercuralis annua<\/em>), poponac njivski (<em>Convolvulus arvensis<\/em>), ladole\u017e divlji (Calystegia sepium), rastavi\u0107 njivski (Equisetum arvense).<\/div>\n<\/div>\n<\/div>","protected":false},"excerpt":{"rendered":"<p class=\"detail\"><strong>Klasa:<\/strong>\u00a0Herbicid<\/p>\n<p class=\"detail\"><strong>Aktivna materija:<\/strong>\u00a0Flazasulfuron 6,7 g\/kg + Glifosat 288 g\/kg (324,5 g\/kg Glifosat Na so)<\/p>\n<p class=\"detail\"><strong>Formulacija:<\/strong>\u00a0WG vodorastvorljive granule<\/p>\n<p class=\"detail\"><strong>Pakovanje:<\/strong>\u00a01 kg<\/p>\n<p class=\"detail\"><strong>Proizvo\u0111a\u010d:<\/strong>\u00a0Belchim<\/p>\n<p class=\"detail\"><strong>Karenca:<\/strong>\u00a060 dana jabuka i kru\u0161ka, 75 dana vinova loza<\/p>\n<p class=\"detail\"><strong>Plodored:<\/strong>\u00a0slu\u010daju propadanja zasada, na tretiranim povr\u0161inama se godinu dana nakon primene mogu sejati p\u0161enica, je\u010dam, ra\u017e i kukuruz. Primena sredsta je mogu\u0107a do godinu dana pre uklanjanja zasada vinove loze<\/p>","protected":false},"featured_media":4146,"template":"","meta":[],"product_brand":[],"product_cat":[203,270],"product_tag":[598],"class_list":{"0":"post-4116","1":"product","2":"type-product","3":"status-publish","4":"has-post-thumbnail","6":"product_cat-herbicidi","7":"product_cat-herbicidi-u-vocu","8":"product_tag-flazasulfuron","10":"first","11":"outofstock","12":"shipping-taxable","13":"product-type-simple"},"_links":{"self":[{"href":"https:\/\/agrarpetrovic.rs\/en\/wp-json\/wp\/v2\/product\/4116","targetHints":{"allow":["GET"]}}],"collection":[{"href":"https:\/\/agrarpetrovic.rs\/en\/wp-json\/wp\/v2\/product"}],"about":[{"href":"https:\/\/agrarpetrovic.rs\/en\/wp-json\/wp\/v2\/types\/product"}],"wp:featuredmedia":[{"embeddable":true,"href":"https:\/\/agrarpetrovic.rs\/en\/wp-json\/wp\/v2\/media\/4146"}],"wp:attachment":[{"href":"https:\/\/agrarpetrovic.rs\/en\/wp-json\/wp\/v2\/media?parent=4116"}],"wp:term":[{"taxonomy":"product_brand","embeddable":true,"href":"https:\/\/agrarpetrovic.rs\/en\/wp-json\/wp\/v2\/product_brand?post=4116"},{"taxonomy":"product_cat","embeddable":true,"href":"https:\/\/agrarpetrovic.rs\/en\/wp-json\/wp\/v2\/product_cat?post=4116"},{"taxonomy":"product_tag","embeddable":true,"href":"https:\/\/agrarpetrovic.rs\/en\/wp-json\/wp\/v2\/product_tag?post=4116"}],"curies":[{"name":"wp","href":"https:\/\/api.w.org\/{rel}","templated":true}]}}