{"id":4120,"date":"2023-07-13T16:07:28","date_gmt":"2023-07-13T14:07:28","guid":{"rendered":"https:\/\/agrarpetrovic.rs\/?post_type=product&#038;p=4120"},"modified":"2025-10-23T11:54:27","modified_gmt":"2025-10-23T09:54:27","slug":"arigo-herbicid","status":"publish","type":"product","link":"https:\/\/agrarpetrovic.rs\/en\/proizvod\/arigo-herbicid\/","title":{"rendered":"Arigo &#8211; Herbicid"},"content":{"rendered":"<div class=\"product-details\">\n<p class=\"detail\">\n<\/div>\n<div class=\"product-harvest\">\n<p class=\"detail\">Primena:<\/p>\n<table>\n<thead>\n<tr class=\"bg-4\">\n<th>USEV \/ ZASAD<\/th>\n<th>KOLI\u010cINA PRIMENE<\/th>\n<th>VREME PRIMENE<\/th>\n<\/tr>\n<\/thead>\n<tbody>\n<tr class=\"bg-sec-4\">\n<td class=\"bg-4\"><a href=\"https:\/\/www.agromarket.rs\/srb\/zastita-bilja\/programi-zastite\/1001\/Kukuruz\">Kukuruz<\/a><\/td>\n<td>0.330 + 0,1% okva\u0161iva\u010da Trend 90<\/td>\n<td>Kada se kukuruz nalazi u fazi od 2 do 8 listova (faze 12-18 BBCH skale)<\/td>\n<\/tr>\n<\/tbody>\n<\/table>\n<\/div>\n<div class=\"product-info\">\n<div>DELOVANJE: kombinacija tri aktivne materije od kojih prva,\u00a0<em>Mezotrion<\/em>\u00a0pripada grupi\u00a0<em>Triketona<\/em>\u00a0i koji inhibira 4-hidroksifenil purivatdioksigenazu u procesu biosinteze karotenoida. Usvaja se i folijarno i korenom, a u biljci se kre\u0107e i bazipetalno i akropetalno. Ostala dva,\u00a0<em>Nikosulfuron<\/em>\u00a0i\u00a0<em>Rimsulfuron<\/em>\u00a0spadaju u grupu inhibitora\u00a0<em>acetolaktat sintetaze<\/em>\u00a0(ALS), spre\u010davaju\u0107i sintezu razgranatih aminokiselina (valin,<\/div>\n<div>leucin, izoleucin). Brzo se transportuju u meristemska tkiva. Usvajaju se listom i korenom i kre\u0107u navi\u0161e i nani\u017ee u biljci sprovodnim sudovima ksilema i floema.<\/div>\n<div>\n<div>SPEKTAR DELOVANJA<\/div>\n<div>A- VI\u0160EGODI\u0160NJE USKOLISNE KOROVE: sirak divlji iz rizoma (<em>Sorghum halepense<\/em>)<\/div>\n<div>\n<div>B &#8211; JEDNOGODI\u0160NJE USKOLISNE KOROVE, kao \u0161to su: muhar sivi (<em>Setaria glauca<\/em>), sirak divlji iz semena (<em>Sorghum halepense<\/em>)<\/div>\n<\/div>\n<div>\n<div>C &#8211; JEDNOGODI\u0160NJE \u0160IROKOLISNE KOROVE, kao \u0161to su:<\/div>\n<div>ambrozija (<em>Ambrosia artemisiifolia<\/em>), pepeljuga obi\u010dna (<em>Chenopodium album<\/em>), tatula obi\u010dna (<em>Datura stramonium<\/em>), suncokret divlji (<em>Helianthus annus<\/em>), lubeni\u010darka njivska (<em>Hibiscus trionum<\/em>), krtolasti graor (<em>Lathyrus tuberosus<\/em>), goru\u0161ica poljska (<em>Sinapis arvensis<\/em>), pomo\u0107nica obi\u010dna (<em>Solanum nigrum<\/em>)<\/div>\n<\/div>\n<div>\n<div>PREPORUKE I NAPOMENE:<\/div>\n<div>delovanje tri aktivne materije u optimalnom odnosu omogu\u0107ava da se jednim<\/div>\n<div>tretmanom, u trenutku koji je najpovoljniji, suzbiju dominantni korovi u ukukuruzu koji uti\u010du na smanjenje prinosa. Superiorno delovanje u malim koli\u010dinama primene i obezbe\u0111ena visoka selektivnost, te je usev bezbedan. Preparat ispoljava delovanje preko lista i preko zemlji\u0161ta.<\/div>\n<\/div>\n<\/div>\n<\/div>","protected":false},"excerpt":{"rendered":"<p class=\"detail\"><strong>Klasa:<\/strong>\u00a0Herbicid<\/p>\n<p class=\"detail\"><strong>Aktivna materija:<\/strong>\u00a0Mezotrion 360 g\/kg + Nikosulfuron 120 g\/kg + Rimsulfuron 30 g\/kg<\/p>\n<p class=\"detail\"><strong>Formulacija:<\/strong>\u00a0WG vododisperzibilne granule<\/p>\n<p class=\"detail\"><strong>Pakovanje:<\/strong>\u00a0330 g<\/p>\n<p class=\"detail\"><strong>Proizvo\u0111a\u010d:<\/strong>\u00a0DuPont<\/p>\n<p class=\"detail\"><strong>Karenca:<\/strong>\u00a0OVP<\/p>\n<p class=\"detail\"><strong>Plodored:<\/strong>\u00a0u slu\u010daju preoravanja, mogu se sejati merkantilni i sila\u017eni kukuruz i ozima \u017eita, a uljana repica posle dubokog oranja. Naredne godine se mogu sejati jare \u017eitarice, suncokret, soja i krompir, a 2 godine nakon primene \u0161e\u0107erna i sto\u010dna repa, pasulj, gra\u0161ak, spana\u0107<\/p>","protected":false},"featured_media":4167,"template":"","meta":[],"product_brand":[],"product_cat":[203,208,255,204,207],"product_tag":[665],"class_list":{"0":"post-4120","1":"product","2":"type-product","3":"status-publish","4":"has-post-thumbnail","6":"product_cat-herbicidi","7":"product_cat-herbicidi-protiv-sirokolisnih-korova","8":"product_cat-herbicidi-protiv-uskolisnih-korova","9":"product_cat-herbicidi-u-kukuruzu","10":"product_cat-post-em-po-nicanju-useva","11":"product_tag-mezotrion-360-g-kg-nikosulfuron-120-g-kg-rimsulfuron-30-g-kg","13":"first","14":"outofstock","15":"shipping-taxable","16":"purchasable","17":"product-type-simple"},"_links":{"self":[{"href":"https:\/\/agrarpetrovic.rs\/en\/wp-json\/wp\/v2\/product\/4120","targetHints":{"allow":["GET"]}}],"collection":[{"href":"https:\/\/agrarpetrovic.rs\/en\/wp-json\/wp\/v2\/product"}],"about":[{"href":"https:\/\/agrarpetrovic.rs\/en\/wp-json\/wp\/v2\/types\/product"}],"wp:featuredmedia":[{"embeddable":true,"href":"https:\/\/agrarpetrovic.rs\/en\/wp-json\/wp\/v2\/media\/4167"}],"wp:attachment":[{"href":"https:\/\/agrarpetrovic.rs\/en\/wp-json\/wp\/v2\/media?parent=4120"}],"wp:term":[{"taxonomy":"product_brand","embeddable":true,"href":"https:\/\/agrarpetrovic.rs\/en\/wp-json\/wp\/v2\/product_brand?post=4120"},{"taxonomy":"product_cat","embeddable":true,"href":"https:\/\/agrarpetrovic.rs\/en\/wp-json\/wp\/v2\/product_cat?post=4120"},{"taxonomy":"product_tag","embeddable":true,"href":"https:\/\/agrarpetrovic.rs\/en\/wp-json\/wp\/v2\/product_tag?post=4120"}],"curies":[{"name":"wp","href":"https:\/\/api.w.org\/{rel}","templated":true}]}}