{"id":4123,"date":"2023-07-13T16:07:28","date_gmt":"2023-07-13T14:07:28","guid":{"rendered":"https:\/\/agrarpetrovic.rs\/?post_type=product&#038;p=4123"},"modified":"2025-10-23T11:54:27","modified_gmt":"2025-10-23T09:54:27","slug":"harmony-75-wg-herbicid","status":"publish","type":"product","link":"https:\/\/agrarpetrovic.rs\/en\/proizvod\/harmony-75-wg-herbicid\/","title":{"rendered":"Harmony 75 WG -Herbicid"},"content":{"rendered":"<div class=\"product-details\">\n<p class=\"detail\">\n<\/div>\n<div class=\"product-harvest\">\n<p class=\"detail\">Primena:<\/p>\n<table>\n<thead>\n<tr class=\"bg-4\">\n<th>USEV \/ ZASAD<\/th>\n<th>KOLI\u010cINA PRIMENE<\/th>\n<th>VREME PRIMENE<\/th>\n<\/tr>\n<\/thead>\n<tbody>\n<tr class=\"bg-sec-4\">\n<td class=\"bg-4\"><a href=\"https:\/\/www.agromarket.rs\/srb\/zastita-bilja\/programi-zastite\/1003\/Soja\">SOJA<\/a><\/td>\n<td>0,008 + 0,1% okva\u0161iva\u010da Trend 90<\/td>\n<td>Posle nicanja useva, u fazi prve potpuno razvijene troliske (faza 13 BBCH skale), a kada korovi imaju razvijena 2-4 lista<\/td>\n<\/tr>\n<tr class=\"bg-sec-4\">\n<td class=\"bg-4\"><a href=\"https:\/\/www.agromarket.rs\/srb\/zastita-bilja\/programi-zastite\/1029\/Borovnica-i-aronija\">LUCERKA<\/a><\/td>\n<td>0,015 &#8211; 0,020 + 0,05 % okva\u0161iva\u010da Trend 90<\/td>\n<td>U zasnovanom usevu lucerke u drugoj godini ili kasnije, tretiranjem rano u prole\u0107e pre po\u010detka vegetacije lucerke<\/td>\n<\/tr>\n<\/tbody>\n<\/table>\n<\/div>\n<div class=\"product-info\">\n<p>DELOVANJE: aktivna materija pripada grupi Sulfoniluree, a biljka je usvaja uglavnom kroz listove i brzo translocira kroz celu biljku. Kao i svi \u010dlanovi ove grupe herbicida inhibira aktivnost enzima acetolaktat sintetaze (ALS). Deluje tako \u0161to spre\u010dava deobu \u0107elija u izdancima i korenu kod osetljivih korova. Osetljivi korovi zaustavljaju rast<br \/>\nposle nekoliko \u010dasova od primene, a drugi simptomi su vidljivi tek 5-10 dana kasnije, a potpuno uginu za 15-25 dana. Manje osetljivi korovi i odrasliji korovi ostaju zakr\u017eljali i ne konkuri\u0161u usevu za vodu i hranljive materije.<\/p>\n<div>SPEKTAR DELOVANJA<\/div>\n<div>JEDNOGODI\u0160NJI \u0160IROKOLISNI KOROVI:<\/div>\n<div>lipica teofrastova (<em>Abutilon theophrasti<\/em>), \u0161tir bljutavi (<em>Amaranthus blitoides<\/em>), \u0161tir obi\u010dni (<em>Amaranthus retrofexus<\/em>), vidov\u010dica crvena (<em>Anagalis arvensis<\/em>), prstenak poljski (<em>Anthemis arvensis<\/em>), pepeljuga obi\u010dna (<em>Chenopodium album<\/em>), pepeljuga srcolisna (<em>Ch.\u00a0<\/em><em>hybridum<\/em>), pepeljuga mnogocvetna (<em>Ch. polyspermum<\/em>), konica obi\u010dna (<em>Galinsoga\u00a0<\/em><em>parviflora<\/em>), lubeni\u010darka njivska (<em>Hibiscus trionum<\/em>), mrtva kopriva crvena (<em>Lamium\u00a0<\/em><em>purpureum<\/em>), kamilica prava (<em>Matricaria chamomilla<\/em>), dvornik pti\u010diji (<em>Polygonum\u00a0<\/em><em>aviculare<\/em>), ljuti\u0107 njivski (<em>Ranunculus arvensis<\/em>), goru\u0161ica poljska (<em>Sinapis arvensis<\/em>), \u010distac jednogodi\u0161nji (<em>Stachys annua<\/em>), samonikli suncokret (<em>Helianthus annuus<\/em>), dvornik veliki (<em>Polygonum lapathifolium<\/em>)<\/div>\n<div>\n<div>PREPORUKE I NAPOMENA:<\/div>\n<div>uspe\u0161no se mo\u017ee me\u0161ati sa drugim herbicidima radi pro\u0161irenja spektra delovanja.<\/div>\n<div>Ne me\u0161a se sa organofosfornim insekticidima. Ne sme se primenjivati na kosim i erozivnm terenima i kra\u0161kim poljima zbog ispirljivosti. Na tretiranim povr\u0161inama, 7 dana pre i 4 dana posle primene ne smeju se koristiti organofosforni insekticidi. Lak za upotrebu, a najefikasniji kada se primenjuje na male korove, kada su u po\u010detnom porastu. Uspe\u0161na za\u0161tita soje od korova, a posebno odli\u010dno delovanje na pepeljugu (<em>Chenopodium album<\/em>) i dvornike (<em>Polygonum spp.<\/em>).<\/div>\n<\/div>\n<\/div>","protected":false},"excerpt":{"rendered":"<p class=\"detail\"><strong>Klasa:<\/strong>\u00a0Herbicid<\/p>\n<p class=\"detail\"><strong>Aktivna materija:<\/strong>\u00a0Tifensulfuron-metil 750 g\/kg<\/p>\n<p class=\"detail\"><strong>Formulacija:<\/strong>\u00a0WG \u2013 vododisperzibilne granule<\/p>\n<p class=\"detail\"><strong>Pakovanje:<\/strong>\u00a02&#215;8 g<\/p>\n<p class=\"detail\"><strong>Proizvo\u0111a\u010d:<\/strong>\u00a0DuPont<\/p>\n<p class=\"detail\"><strong>Karenca:<\/strong>\u00a0OVP<\/p>\n<p class=\"detail\"><strong>MDK(mg\/kg):<\/strong>\u00a00,05<\/p>","protected":false},"featured_media":4170,"template":"","meta":[],"product_brand":[],"product_cat":[203,278,261,260,211,264],"product_tag":[466],"class_list":{"0":"post-4123","1":"product","2":"type-product","3":"status-publish","4":"has-post-thumbnail","6":"product_cat-herbicidi","7":"product_cat-herbicidi-protiv-sirokolisnih-korova-u-soji","8":"product_cat-herbicidi-protiv-sirokolisnih-korova-u-lucerki","9":"product_cat-herbicidi-u-lucerki","10":"product_cat-herbicidi-u-soji","11":"product_cat-post-em-po-nicanju-useva-u-soji","12":"product_tag-tifensulfuron-metil","14":"first","15":"outofstock","16":"shipping-taxable","17":"product-type-simple"},"_links":{"self":[{"href":"https:\/\/agrarpetrovic.rs\/en\/wp-json\/wp\/v2\/product\/4123","targetHints":{"allow":["GET"]}}],"collection":[{"href":"https:\/\/agrarpetrovic.rs\/en\/wp-json\/wp\/v2\/product"}],"about":[{"href":"https:\/\/agrarpetrovic.rs\/en\/wp-json\/wp\/v2\/types\/product"}],"wp:featuredmedia":[{"embeddable":true,"href":"https:\/\/agrarpetrovic.rs\/en\/wp-json\/wp\/v2\/media\/4170"}],"wp:attachment":[{"href":"https:\/\/agrarpetrovic.rs\/en\/wp-json\/wp\/v2\/media?parent=4123"}],"wp:term":[{"taxonomy":"product_brand","embeddable":true,"href":"https:\/\/agrarpetrovic.rs\/en\/wp-json\/wp\/v2\/product_brand?post=4123"},{"taxonomy":"product_cat","embeddable":true,"href":"https:\/\/agrarpetrovic.rs\/en\/wp-json\/wp\/v2\/product_cat?post=4123"},{"taxonomy":"product_tag","embeddable":true,"href":"https:\/\/agrarpetrovic.rs\/en\/wp-json\/wp\/v2\/product_tag?post=4123"}],"curies":[{"name":"wp","href":"https:\/\/api.w.org\/{rel}","templated":true}]}}