{"id":4124,"date":"2023-07-13T16:07:28","date_gmt":"2023-07-13T14:07:28","guid":{"rendered":"https:\/\/agrarpetrovic.rs\/?post_type=product&#038;p=4124"},"modified":"2025-10-23T11:54:27","modified_gmt":"2025-10-23T09:54:27","slug":"principal-plus-herbicid","status":"publish","type":"product","link":"https:\/\/agrarpetrovic.rs\/en\/proizvod\/principal-plus-herbicid\/","title":{"rendered":"Principal Plus -Herbicid"},"content":{"rendered":"<div class=\"product-harvest\">\n<p class=\"detail\"><strong>PRIMENA<\/strong>:<\/p>\n<table>\n<thead>\n<tr class=\"bg-4\">\n<th>USEV \/ ZASAD<\/th>\n<th>KOLI\u010cINA PRIMENE<\/th>\n<th>VREME PRIMENE<\/th>\n<\/tr>\n<\/thead>\n<tbody>\n<tr class=\"bg-sec-4\">\n<td class=\"bg-4\">KUKURUZ (MERKATILNI I SILA\u017dNI)<\/td>\n<td>0,440 + 0,1% okva\u0161iva\u010da Trend 90<\/td>\n<td>Biljke kukuruza u fazi 2-6 listova (faze 12-16 BBCH skale)<\/td>\n<\/tr>\n<\/tbody>\n<\/table>\n<\/div>\n<div class=\"product-info\">\n<div><strong>DELOVANJE:<\/strong><\/div>\n<div><\/div>\n<div>Kombinacija tri aktivne materije od kojih dva,\u00a0<em>Nikosulfuron i Rimsulfuron<\/em>\u00a0spadaju u grupu inhibitora acetolaktat sintetaze (ALS). Delovanje ispoljavaju spre\u010davaju\u0107i sintezu razgranatih aminokiselina (valin, leucin, izoleucin). Brzo se transportuju u meristemska tkiva. Usvajaju se listom i korenom i kre\u0107u navi\u0161e i nani\u017ee u biljci sprovodnim sudovima ksilema i floema. Tre\u0107a aktivna materija, Dikamba pripada grupi Derivati benzoeve kiseline, transportuje se ksilemom i floemom i akumulira u delovima biljke koji rastu.<\/div>\n<div><\/div>\n<div><strong>SPEKTAR DELOVANJA:<\/strong><\/div>\n<div><\/div>\n<div>A &#8211; JEDNOGODI\u0160NJE USKOLISNE KOROVE: proso korovsko (<em>Echinochloa crus-galli<\/em>), muhar sivi (<em>Setaria glauca<\/em>), muhar lepljivi (<em>Setaria verticiliata<\/em>), muhar zeleni (<em>Setaria viridis<\/em>), sirak divlji iz semena (<em>Sorghum halepense<\/em>).<\/div>\n<div>B &#8211; VI\u0160EGODI\u0160NJE USKOLISNE KOROVE: sirak divlji iz rizoma (<em>Sorghum halepense<\/em>), pirevina obi\u010dna (<em>Agropyrum repens<\/em>).<\/div>\n<div>C &#8211; JEDNOGODI\u0160NJE \u0160IROKOLISNE KOROVE: \u0161tir bljutavi (<em>Amaranthus blitoides<\/em>), ambrozija pelenasta (<em>Ambrosia artemisiifolia<\/em>), \u0161tir obi\u010dni (<em>Amaranthus retroflexus<\/em>), pepeljuga (<em>Chenopodium album<\/em>), srcolisna pepeljuga (<em>Chenopodium hybridum<\/em>), tatula obi\u010dna (<em>Datura stramonium<\/em>), goru\u0161ica poljska (<em>Sinapis arvensis<\/em>), pomo\u0107nica obi\u010dna (<em>Solanum nigrum<\/em>), \u010distac jednogodi\u0161nji (<em>Stachys annua<\/em>), boca obi\u010dna (<em>Xanthium strumarium<\/em>).<br \/>\nD &#8211; VI\u0160EGODI\u0160NJE \u0160IROKOLISNE KOROVE: palamida njivska (<em>Cirsium arvense<\/em>), poponac njivski (<em>Convolvulus arvensis<\/em>).<\/div>\n<div>\n<p><strong>\u00a0<\/strong><\/p>\n<p><strong>PREPORUKE I NAPOMENE:<\/strong><\/p>\n<p>Idealan proizvod za proizvo\u0111a\u010de koji vole jednostavna re\u0161enja za ozbiljne probleme. Vreme primene je usagla\u0161eno sa fazom kada su korovi najosetljiviji, odnosno vi\u0161egodi\u0161nji uskolisni korovi razvili 3-5 lista, jednogodi\u0161nji uskolisni korovi se nalaze u fazi od 1 lista do faze bokorenja, a \u0161irokolisni korovi od 2 do 6 listova. Primenjuje se uz utro\u0161ak vode od 200-400 l\/ha.<\/p>\n<\/div>\n<\/div>","protected":false},"excerpt":{"rendered":"<p class=\"detail\"><strong>Klasa:<\/strong>\u00a0Herbicid<\/p>\n<p class=\"detail\"><strong>Aktivna materija:<\/strong>\u00a0Rimsulfuron 23 g\/kg + Nikosulfuron 92 g\/kg + Dikamba 550 g\/kg<\/p>\n<p class=\"detail\"><strong>Formulacija:<\/strong>\u00a0WG \u2013 vododisperzibilne granule<\/p>\n<p class=\"detail\"><strong>Pakovanje:<\/strong>\u00a0440 g<\/p>\n<p class=\"detail\"><strong>Proizvo\u0111a\u010d:<\/strong>\u00a0DuPont<\/p>\n<p class=\"detail\"><strong>Karenca:<\/strong>\u00a0OVP<\/p>\n<p class=\"detail\"><strong>Plodored:<\/strong>\u00a0u slu\u010daju preoravanja, mogu se sejati merkantilni i sila\u017eni kukuruz i ozima \u017eita. Iste kalendarske godine: sve ozime i jare gajene biljke, osim paradajza i duvana; naredne godine: jare \u017eitarice, uljana repica, \u0161e\u0107erna repa, krompir, paradajz,kukuruz \u0161e\u0107erac i koki\u010dar, pasulj, gra\u0161ak, lucerka, detelina, suncokret<\/p>\n<p class=\"detail\"><strong>MDK(mg\/kg):<\/strong>\u00a0Dikamba 0,5 Rimsulfuron 0,05 Nikosilfuron 0,1<\/p>","protected":false},"featured_media":4171,"template":"","meta":[],"product_brand":[],"product_cat":[203,208,204,207],"product_tag":[677],"class_list":{"0":"post-4124","1":"product","2":"type-product","3":"status-publish","4":"has-post-thumbnail","6":"product_cat-herbicidi","7":"product_cat-herbicidi-protiv-sirokolisnih-korova","8":"product_cat-herbicidi-u-kukuruzu","9":"product_cat-post-em-po-nicanju-useva","10":"product_tag-nikosulfuron-92-g-kg-rimsulfuron-23-g-kg-dikamba-550-g-kg","12":"first","13":"outofstock","14":"shipping-taxable","15":"purchasable","16":"product-type-simple"},"_links":{"self":[{"href":"https:\/\/agrarpetrovic.rs\/en\/wp-json\/wp\/v2\/product\/4124","targetHints":{"allow":["GET"]}}],"collection":[{"href":"https:\/\/agrarpetrovic.rs\/en\/wp-json\/wp\/v2\/product"}],"about":[{"href":"https:\/\/agrarpetrovic.rs\/en\/wp-json\/wp\/v2\/types\/product"}],"wp:featuredmedia":[{"embeddable":true,"href":"https:\/\/agrarpetrovic.rs\/en\/wp-json\/wp\/v2\/media\/4171"}],"wp:attachment":[{"href":"https:\/\/agrarpetrovic.rs\/en\/wp-json\/wp\/v2\/media?parent=4124"}],"wp:term":[{"taxonomy":"product_brand","embeddable":true,"href":"https:\/\/agrarpetrovic.rs\/en\/wp-json\/wp\/v2\/product_brand?post=4124"},{"taxonomy":"product_cat","embeddable":true,"href":"https:\/\/agrarpetrovic.rs\/en\/wp-json\/wp\/v2\/product_cat?post=4124"},{"taxonomy":"product_tag","embeddable":true,"href":"https:\/\/agrarpetrovic.rs\/en\/wp-json\/wp\/v2\/product_tag?post=4124"}],"curies":[{"name":"wp","href":"https:\/\/api.w.org\/{rel}","templated":true}]}}