{"id":4128,"date":"2023-07-13T16:07:28","date_gmt":"2023-07-13T14:07:28","guid":{"rendered":"https:\/\/agrarpetrovic.rs\/?post_type=product&#038;p=4128"},"modified":"2025-10-23T11:54:28","modified_gmt":"2025-10-23T09:54:28","slug":"glifohem-toatalni-neselektivni-herbicid","status":"publish","type":"product","link":"https:\/\/agrarpetrovic.rs\/en\/proizvod\/glifohem-toatalni-neselektivni-herbicid\/","title":{"rendered":"Glifohem Toatalni (neselektivni) herbicid"},"content":{"rendered":"<div class=\"product-details\">\n<p class=\"detail\">\n<\/div>\n<div class=\"product-harvest\">\n<p class=\"detail\">Primena:<\/p>\n<table>\n<thead>\n<tr class=\"bg-4\">\n<th>USEV \/ ZASAD<\/th>\n<th>KOLI\u010cINA PRIMENE<\/th>\n<th>VREME PRIMENE<\/th>\n<\/tr>\n<\/thead>\n<tbody>\n<tr class=\"bg-sec-4\">\n<td class=\"bg-4\">Vo\u0107naci<\/td>\n<td>2,0 \u2013 6,0 (20 \u2013 60 ml na 100 m2)<\/td>\n<td>Tretiranje kada su korovi visine 10 do 40 cm<\/td>\n<\/tr>\n<\/tbody>\n<\/table>\n<\/div>\n<div class=\"product-info\">\n<p>DELOVANJE:<\/p>\n<p>Herbicid na bazi aktivne materije\u00a0<em>Glifosat<\/em>\u00a0koji pripada grupi Derivati glicina koji se apsorbuje\u00a0lisnom masom i translocira bazipetalno i akropetalno. Inhibira sintezu aromati\u010dnih kiselina te se spre\u010dava\u00a0sinteza neophodnih aminokiselina za sintezu proteina.<\/p>\n<div>SPEKTAR DELOVANJA<\/div>\n<div>Primenjen u fazi intenzivog porasta korova u dozi od 2-4 l\/ha, suzbija slede\u0107e<\/div>\n<div>korovske vrste:<\/div>\n<div>divlja zob \u2013 divlji ovas (Avena spp.), klasa\u010da (Bromus spp.), muhari (Setaria<\/div>\n<div>spp.), lipica teofrastova (Abutilon theophrasti), ambrozija pelenasta (Ambrosia artemisifolia), \u0161tirevi (Amaranthus spp.), ladole\u017e divlji (Calisegia sepium), tar\u010du\u017eak obi\u010dni (Capsella bursa-pastoris), pepeljuge (Chenopodium spp.), tatula (Datura stramonium), svra\u010dice (Digitaria spp.), proso korovsko (Echinochloa crus-galli), konica obi\u010dna (Galinsoga parviflora), bro\u0107ika (Galium aparine), mrtva kopriva crvena (Lamium purpureum), ljuljevi (Lolium spp.), bokvice (Plantago spp.), livadarke (Poa spp.), dvornici (Polygonum spp.), krstica obi\u010dna (<em>Senecio vulgaris<\/em>), goru\u0161ica njivska (<em>Sinapis arvensis<\/em>), gor\u010dike (<em>Sonchus asper, S. oleraceus<\/em>), \u010distac jednogodi\u0161nji (Stachys annua), mi\u0161jakinja obi\u010dna (Stellaria media), kravlja trava<\/div>\n<div>(Thlaspi arvense), \u010destoslavice (<em>Veronica spp<\/em>.), grahorice (<em>Vicia spp.<\/em>) ljubi\u010dicapoljska (<em>Viola arvensis<\/em>), boce (<em>Xanthium spp<\/em>.)<\/div>\n<div>Tretiranjem pred cvetanje i u fazi cvetanja korova u dozi od 3-4 l\/ha, suzbija se: pirevina obi\u010dna (<em>Agropyrum repens<\/em>), a od faze kada je korov 40-50 cm visine pa do faze metli\u010denja u dozi od 3,5-5,0 l\/ha divlji sirak iz rizoma (<em>Sorghum halepense<\/em>)<\/div>\n<div>Tretiranjem u fazi intenzivnog porasta do po\u010detka cvetanja u dozi od 4-6 l\/ha, suzbija se: crni pelin (<em>Artemisia vulgaris<\/em>), \u010di\u010dak obi\u010dni (<em>Articum spp.<\/em>), palamida njivska (<em>Cirsium arvense<\/em>), mle\u010dike (<em>Euphorbia spp.<\/em>), graor krtolasti<\/div>\n<div>(<em>Lathyrus tuberosus<\/em>), nane (<em>Mentha spp.<\/em>), petoprsnica puze\u0107a (<em>Potentila repens<\/em>), ljuti\u0107 puze\u0107i (<em>Ranunculus repens<\/em>), \u0161tavelji (<em>Rumex spp<\/em>.), masla\u010dak obi\u010dni (<em>Taraxacum officinale<\/em>), podbel (<em>Tussilago farfara<\/em>), koprive (<em>Urticae spp<\/em>.) Tretiranjem u fazi cvetanja u dozi od 6-8 l\/ha suzbija popanac njivski (<em>Convolvulus arvensi<\/em>s), a kada je korov15-20 cm visine do po\u010detka klasanja u dozi od 6-8 l\/ha zuba\u010du obi\u010dnu (<em>Cynodon dactylon<\/em>), a u vreme nedozrelih<\/div>\n<div>plodova u dozi od 6-8 l\/ha kupinu (<em>Rubus spp<\/em>.) Tretiranjem u fazi intentivnog porasta do po\u010detka cvetanja u dozi od 8-12 l\/ha rastavi\u0107 (<em>Equisetum arvense<\/em>), \u0161ilja (<em>Cyperus<\/em>\u00a0<em>rotundus<\/em>), kanadska hudoljetnica (<em>Erigeron canadensis<\/em>), trska (<em>Phragmites communis<\/em>), rogoz (<em>Typha spp.<\/em>)<\/div>\n<div>PREPORUKE I NAPOMENE:<\/div>\n<div>na tretiranim povr\u0161inama zabranjena je ispa\u0161a mle\u010dne stoke i kori\u0161\u0107enje osu\u0161ene trave za njenu ishranu.<\/div>\n<div>Ispa\u0161a ostale stoke i kori\u0161\u0107enje osu\u0161ene trave za njenu ishranu je mogu\u0107a nakon 7 dana od primene. Ne sme<\/div>\n<div>se primenjivati u zasadima vo\u0107a i vinove loze mla\u0111im od 4 godine.<\/div>\n<\/div>","protected":false},"excerpt":{"rendered":"<p class=\"detail\"><strong>Klasa:<\/strong>\u00a0Herbicid<\/p>\n<p class=\"detail\"><strong>Aktivna materija:<\/strong>\u00a0Glifosat 480 g\/l glifosat IPA soli (360 g\/l glifosata)<\/p>\n<p class=\"detail\"><strong>Formulacija:<\/strong>\u00a0SL \u2013 koncentrovani rastvor<\/p>\n<p class=\"detail\"><strong>Pakovanje:<\/strong>\u00a0250 ml, 1 l, 5 l, 20 l, 200 l<\/p>\n<p class=\"detail\"><strong>Proizvo\u0111a\u010d:<\/strong>\u00a0Agromarket<\/p>\n<p class=\"detail\"><strong>Karenca:<\/strong>\u00a035 dana<\/p>\n<p class=\"detail\"><strong>Plodored:<\/strong>\u00a0nema ograni\u010denja<\/p>\n<p class=\"detail\"><strong>Radna Karenca:<\/strong>\u00a012 sati<\/p>","protected":false},"featured_media":4175,"template":"","meta":[],"product_brand":[],"product_cat":[203,270,271],"product_tag":[622],"class_list":{"0":"post-4128","1":"product","2":"type-product","3":"status-publish","4":"has-post-thumbnail","6":"product_cat-herbicidi","7":"product_cat-herbicidi-u-vocu","8":"product_cat-neselektivni-totalni-herbicidi","9":"product_tag-glifosat-ipa-480-g-l","11":"first","12":"outofstock","13":"shipping-taxable","14":"purchasable","15":"product-type-simple"},"_links":{"self":[{"href":"https:\/\/agrarpetrovic.rs\/en\/wp-json\/wp\/v2\/product\/4128","targetHints":{"allow":["GET"]}}],"collection":[{"href":"https:\/\/agrarpetrovic.rs\/en\/wp-json\/wp\/v2\/product"}],"about":[{"href":"https:\/\/agrarpetrovic.rs\/en\/wp-json\/wp\/v2\/types\/product"}],"wp:featuredmedia":[{"embeddable":true,"href":"https:\/\/agrarpetrovic.rs\/en\/wp-json\/wp\/v2\/media\/4175"}],"wp:attachment":[{"href":"https:\/\/agrarpetrovic.rs\/en\/wp-json\/wp\/v2\/media?parent=4128"}],"wp:term":[{"taxonomy":"product_brand","embeddable":true,"href":"https:\/\/agrarpetrovic.rs\/en\/wp-json\/wp\/v2\/product_brand?post=4128"},{"taxonomy":"product_cat","embeddable":true,"href":"https:\/\/agrarpetrovic.rs\/en\/wp-json\/wp\/v2\/product_cat?post=4128"},{"taxonomy":"product_tag","embeddable":true,"href":"https:\/\/agrarpetrovic.rs\/en\/wp-json\/wp\/v2\/product_tag?post=4128"}],"curies":[{"name":"wp","href":"https:\/\/api.w.org\/{rel}","templated":true}]}}