{"id":4129,"date":"2023-07-13T16:07:28","date_gmt":"2023-07-13T14:07:28","guid":{"rendered":"https:\/\/agrarpetrovic.rs\/?post_type=product&#038;p=4129"},"modified":"2025-10-23T11:54:28","modified_gmt":"2025-10-23T09:54:28","slug":"glifomark-totalni-neselektivni-herbicid","status":"publish","type":"product","link":"https:\/\/agrarpetrovic.rs\/en\/proizvod\/glifomark-totalni-neselektivni-herbicid\/","title":{"rendered":"Glifomark &#8211; Totalni (neselektivni) herbicid"},"content":{"rendered":"<div class=\"product-details\">\n<p class=\"detail\">\n<\/div>\n<div class=\"product-harvest\">\n<p class=\"detail\">Primena:<\/p>\n<table>\n<thead>\n<tr class=\"bg-4\">\n<th>USEV \/ ZASAD<\/th>\n<th>KOLI\u010cINA PRIMENE<\/th>\n<th>VREME PRIMENE<\/th>\n<\/tr>\n<\/thead>\n<tbody>\n<tr class=\"bg-sec-4\">\n<td class=\"bg-4\"><a href=\"https:\/\/www.agromarket.rs\/srb\/zastita-bilja\/programi-zastite\/1002\/Psenica\">Strni\u0161te<\/a><\/td>\n<td>2-4 l\/ha (20-40 ml na 100 m2)<\/td>\n<td>Za suzbijanje jednogodi\u0161njih korova<\/td>\n<\/tr>\n<tr class=\"bg-sec-4\">\n<td class=\"bg-4\"><a href=\"https:\/\/www.agromarket.rs\/srb\/zastita-bilja\/programi-zastite\/1002\/Psenica\">Strni\u0161te<\/a><\/td>\n<td>4-8 l\/ha (40-80 ml na 100 m2)<\/td>\n<td>Za suzbijanje vi\u0161egodi\u0161njih korova<\/td>\n<\/tr>\n<tr class=\"bg-sec-4\">\n<td class=\"bg-4\"><a href=\"https:\/\/www.agromarket.rs\/srb\/zastita-bilja\/programi-zastite\/1002\/Psenica\">Strni\u0161te<\/a><\/td>\n<td>8-12 l\/ha (80-120 ml na 100 m2)<\/td>\n<td>Za suzbijanje izuzetno otpornih vi\u0161egodi\u0161njih korova<\/td>\n<\/tr>\n<\/tbody>\n<\/table>\n<\/div>\n<div class=\"product-info\">\n<p><strong>MEHANIZAM DELOVANJA:<\/strong><\/p>\n<p>Neselektivni herbicid, usvaja se li\u0161\u0107em. Kre\u0107e se navi\u0161e i nani\u017ee u biljci, inaktivira se u kontaktu sa zemlji\u0161tem. Inhibira EPSP, odnosno sintezu aromati\u010dnih kiselina \u010dime spre\u010dava sintezu neophodnih aminokiselina za proizvodnju proteina.<\/p>\n<p><strong>SPEKTAR DELOVANJA:<\/strong><\/p>\n<p>U zavisnosti od vrste korova i povr\u0161ina na kojima se primenjuju preparati na bazi glifosata (360 g\/l glifosata, odnosno 480 g\/l glifosat IPA) uz utro\u0161ak ve\u0107ih koli\u010dina vode (200-400 l\/ha), tretiranje se vr\u0161i u koli\u010dinama:<\/p>\n<ul>\n<li>2-3 l\/ha (20-30 ml na 100 m2), za vrste iz roda<em>\u00a0Avena , Bromus , Setaria<\/em>\u00a0, tretiranjem u fazi intenzivnog porasta.<\/li>\n<li>2-4 l\/ha (20-40 ml na 100 m2), za slede\u0107e vrste: Galiu<em>Digitaria spp ., Echinocloa crus-galli, Lolium spp., Poa spp., Abutilon theophrasti, Amaranthus spp., Ambrosia artemisifolia, Calistegia sepium, Capsella bursa pastoris, Chenopodim spp., Galinsoga parviflora,\u00a0m apa rine, Plantago spp., Polygonum spp., Senecio vulgaris, Sinapis arvensis, Sonchus asper, S.oleraceus, Stachys annua, Stellaria media, Thlaspi arvense, Veronica spp., Vicia spp., Viola arvensis<\/em>\u00a0, tretiranjem u fazi intenzivnog porasta.<\/li>\n<li>3-4 l\/ha (30-40 ml na 100 m2), za slede}e vrste:<em>\u00a0Panicum spp., Festuca spp., Lepidium draba, Datura stramonium, Solanum nigrum, Sonchus arvensis, Xanthium spp<\/em>\u00a0., tretiranjem u fazi intenzivnog porasta, a za<em>\u00a0Agropyrum repens<\/em>\u00a0, tretiranjem pred cvetanje i u fazi cvetanja.<\/li>\n<li>3,5-5 l\/ha (35-50 ml na 100 m2), za\u00a0<em>Sorghum halepense<\/em>\u00a0iz rizoma, tretiranjem od 40-50 cm visine pa do u fazi metli\u010denja.<\/li>\n<li>4-6 l\/ha (40-60 ml na 100 m2), za\u00a0<em>Convolvulus arvensis<\/em>\u00a0(tretiranjem u fazi cvetanja),\u00a0<em>Cynodon dactylon<\/em>\u00a0(tretiranjem kada je korov 15-20 cm visine do po\u010detka klasanja),\u00a0<em>Rubus spp<\/em>\u00a0. (tretiranjem u vreme nedozrelih plodova),\u00a0<em>Erigeron canadensis, Cyperus rotundus, Phragmites communis, Typha spp .<\/em>\u00a0(tretiranjem u fazi intenzivnog porasta do po\u010detka cvetanja).<\/li>\n<li>8-12 l\/ha (80-120 ml na 100 m2), za\u00a0<em>Equisetum arvense<\/em>\u00a0, tretiranjem u fazi intenzivnog porasta do po\u010detka cvetanja.<\/li>\n<\/ul>\n<p><strong>PREPORUKE I NAPOMENE:<\/strong><\/p>\n<p>na tretiranim povr\u0161inama zabranjena je ispa\u0161a mle\u010dne stoke i kori\u0161\u0107enje\u00a0osu\u0161ene trave za ishranu stoke. Ispa\u0161a ostale stoke, kao i\u00a0kori\u0161\u0107enje\u00a0osu\u0161ene trave za ishranu stoke je mogu\u0107a 7 dana posle\u00a0primene.Tretirana povr\u0161ina strni\u0161ta se ne sme obra\u0111ivati najmanje\u00a014 dana posle primene. Ko\u0161enje livada i pa\u0161njaka se mo\u017ee obaviti 7\u00a0dana posle, a ponovna setva trava 14 dana nakon primene. Slama,\u00a0odnosno suva korovska masa, sa tretiranih povr\u0161ina se ne sme koristiti\u00a0za pripremu komposta, koji se koristi u proizvodnji povr\u0107a. Tretirane\u00a0korove ne treba zaoravati ili frezirati najmanje 2-3 nedelje posle\u00a0primene; ponovno pu\u0161tanje vode u kanale je 7 dana posle primene.<\/p>\n<\/div>","protected":false},"excerpt":{"rendered":"<p class=\"detail\"><strong>Klasa:<\/strong>\u00a0Herbicidi<\/p>\n<p class=\"detail\"><strong>Aktivna materija:<\/strong>\u00a0480g\/l glifosata u obliku glifosat-IPA soli<\/p>\n<p class=\"detail\"><strong>Formulacija:<\/strong>\u00a0SL &#8211; koncentrovani rastvor<\/p>\n<p class=\"detail\"><strong>Pakovanje:<\/strong>\u00a01 l, 1,5 l, 20 l, 200 l<\/p>\n<p class=\"detail\"><strong>Proizvo\u0111a\u010d:<\/strong>\u00a0Agromarket<\/p>\n<p class=\"detail\"><strong>Karenca:<\/strong>\u00a0OVP<\/p>\n<p class=\"detail\"><strong>Plodored:<\/strong>\u00a0nema ograni\u010denja u plodoredu, spre\u010diti zano\u0161enje preparata na sve zeljaste gajene biljke, kao i na zelene delove vi\u0161egodi\u0161njih zasada<\/p>","protected":false},"featured_media":4176,"template":"","meta":[],"product_brand":[],"product_cat":[203,271],"product_tag":[621],"class_list":{"0":"post-4129","1":"product","2":"type-product","3":"status-publish","4":"has-post-thumbnail","6":"product_cat-herbicidi","7":"product_cat-neselektivni-totalni-herbicidi","8":"product_tag-glifosat","10":"first","11":"outofstock","12":"shipping-taxable","13":"purchasable","14":"product-type-simple"},"_links":{"self":[{"href":"https:\/\/agrarpetrovic.rs\/en\/wp-json\/wp\/v2\/product\/4129","targetHints":{"allow":["GET"]}}],"collection":[{"href":"https:\/\/agrarpetrovic.rs\/en\/wp-json\/wp\/v2\/product"}],"about":[{"href":"https:\/\/agrarpetrovic.rs\/en\/wp-json\/wp\/v2\/types\/product"}],"wp:featuredmedia":[{"embeddable":true,"href":"https:\/\/agrarpetrovic.rs\/en\/wp-json\/wp\/v2\/media\/4176"}],"wp:attachment":[{"href":"https:\/\/agrarpetrovic.rs\/en\/wp-json\/wp\/v2\/media?parent=4129"}],"wp:term":[{"taxonomy":"product_brand","embeddable":true,"href":"https:\/\/agrarpetrovic.rs\/en\/wp-json\/wp\/v2\/product_brand?post=4129"},{"taxonomy":"product_cat","embeddable":true,"href":"https:\/\/agrarpetrovic.rs\/en\/wp-json\/wp\/v2\/product_cat?post=4129"},{"taxonomy":"product_tag","embeddable":true,"href":"https:\/\/agrarpetrovic.rs\/en\/wp-json\/wp\/v2\/product_tag?post=4129"}],"curies":[{"name":"wp","href":"https:\/\/api.w.org\/{rel}","templated":true}]}}