{"id":4131,"date":"2023-07-13T16:07:29","date_gmt":"2023-07-13T14:07:29","guid":{"rendered":"https:\/\/agrarpetrovic.rs\/?post_type=product&#038;p=4131"},"modified":"2025-10-23T11:54:31","modified_gmt":"2025-10-23T09:54:31","slug":"ikarus-herbicid","status":"publish","type":"product","link":"https:\/\/agrarpetrovic.rs\/en\/proizvod\/ikarus-herbicid\/","title":{"rendered":"Ikarus &#8211; Herbicid"},"content":{"rendered":"<div class=\"product-details\">\n<p class=\"detail\">\n<\/div>\n<div class=\"product-harvest\">\n<p class=\"detail\">Primena:<\/p>\n<table>\n<thead>\n<tr class=\"bg-4\">\n<th>USEV \/ ZASAD<\/th>\n<th>KOLI\u010cINA PRIMENE<\/th>\n<th>VREME PRIMENE<\/th>\n<\/tr>\n<\/thead>\n<tbody>\n<tr class=\"bg-sec-4\">\n<td class=\"bg-4\"><a href=\"https:\/\/www.agromarket.rs\/srb\/zastita-bilja\/programi-zastite\/1003\/Soja\">Soja<\/a><\/td>\n<td>1,0 \u2013 1,2 l\/ha (10 \u2013 12 ml na 100 m\u00b2)<\/td>\n<td>Tretiranje po nicanju u fazi 2 do 3 trolista (faza 11 do 13 BBCH skale), a korovi u fazi razvoja 2 do 4 lista<\/td>\n<\/tr>\n<tr class=\"bg-sec-4\">\n<td class=\"bg-4\"><a href=\"https:\/\/www.agromarket.rs\/srb\/zastita-bilja\/programi-zastite\/1005\/Suncokret\">Suncokret<\/a><\/td>\n<td>1,2 l\/ha (12 ml na 100 m\u00b2)<\/td>\n<td>Tretman samo u suncokretu tolerantnom prema herbicidima iz grupe Imidazolinona kada usev ima razvijenih 2 do 4 lista<\/td>\n<\/tr>\n<\/tbody>\n<\/table>\n<\/div>\n<div class=\"product-info\">\n<p><strong>DELOVANJE:<\/strong><\/p>\n<p>Ikarus je herbicid na bazi aktivne materije Imazakoms koji pripada grupi Imidazolinona koji se apsorbuje korenom biljaka i folijarno i translocira do delova izniklih koji rastu, a preko zemlji\u0161ta na korove u fazi klijanja. Inhibira sintezu esencijalnih aminokiselina<\/p>\n<p><strong>SPEKTAR DELOVANJA:<\/strong><\/p>\n<p><strong>JEDNOGODI\u0160NJI USKOLISNI (TRAVNI) KOROVI:<\/strong><br \/>\nmuhar zeleni<em>\u00a0(Setaria viridis)<\/em>, muhar sivi\u00a0<em>(Setaria glauca)<\/em>, muhar lepljivi\u00a0<em>(Setaria verticillata)<\/em>, divlji sirak iz semena<em>\u00a0(Sorghum halepense)<\/em>.<\/p>\n<p><strong>JEDNOGODI\u0160NJI \u0160IROKOLISNI KOROVI:<\/strong><br \/>\nlipica teofrastova\u00a0<em>(Abutilon theophrasti)<\/em>, \u0161tir obi\u010dni\u00a0<em>(Amaranthus retroflexus)<\/em>,\u00a0ambrozija pelenasta\u00a0<em>(Ambrosia artemisiifolia)<\/em>, viju\u0161ac njivski\u00a0<em>(Bylderdikia\u00a0convolvulus)<\/em>, ho\u0107u-ne\u0107u, tar\u010du\u017eak\u00a0<em>(Capsella bursa-pastoris)<\/em>, pepeljuga\u00a0obi\u010dna\u00a0<em>(Chenopodium album)<\/em>, tatula obi\u010dna\u00a0<em>(Datura stramonium)<\/em>,\u00a0dvornik obi\u010dni<em>\u00a0(Polygonum persicaria)<\/em>, goru\u0161ica poljska\u00a0<em>(Sinapis\u00a0arvensis)<\/em>, kere\u0107e gro\u017e\u0111e-pomo\u0107nica\u00a0<em>(Solanum nigrum)<\/em>, boca obi\u010dna\u00a0<em>(Xanthium strumarium)<\/em>.<\/p>\n<p><strong>PREPORUKE I NAPOMENE:<\/strong><\/p>\n<p>ne me\u0161ati sa insekticidima iz grupe karbamata i organofosfata.\u00a0Tretiranje iz vazduhoplova nije dozvoljeno. U nepovoljnim vremenskim\u00a0uslovima (niske temperature i padavine) mo\u017ee do\u0107i do kratkotrajne\u00a0(3 do 10 dana) prolazne pojave bledila koja nema uticaja na razvoj i\u00a0prinos gajene biljke. Ukoliko do\u0111e do propadanja ili preoravanja useva\u00a0soje, mogu se sejati soja, gra\u0161ak, pasulj i hibridi suncokreta tolerantni prema herbicidima iz grupe\u00a0<em>Imidazolinona<\/em>.\u00a0U ovim hibridima suncokreta, najbolja efikasnost na volovod\u00a0<em>(Orobanche\u00a0cumana)<\/em>\u00a0se posti\u017ee dvokratnim tretmanom i to, I tretman kada suncokret\u00a0ima razvijenih 2 do 4 prava lista dozom od 0,4 l\/ha, i II tretman u fazi\u00a0razvoja 6 listova suncokreta u dozi od 0,8 l\/ha jer tada volovod po\u010dinje\u00a0da parazitira suncokret. Preporu\u010deni utro\u0161ak vode 200 do 400 l\/ha.<\/p>\n<\/div>","protected":false},"excerpt":{"rendered":"<p class=\"detail\"><strong>Klasa:<\/strong>\u00a0Herbicidi<\/p>\n<p class=\"detail\"><strong>Aktivna materija:<\/strong>\u00a0Imazamoks 40 g\/l<\/p>\n<p class=\"detail\"><strong>Formulacija:<\/strong>\u00a0SL \u2013 koncentrat za rastvor<\/p>\n<p class=\"detail\"><strong>Pakovanje:<\/strong>\u00a01 l<\/p>\n<p class=\"detail\"><strong>Proizvo\u0111a\u010d:<\/strong>\u00a0Agromarket<\/p>\n<p class=\"detail\"><strong>Karenca:<\/strong>\u00a035 dana<\/p>\n<p class=\"detail\"><strong>Plodored:<\/strong>\u00a04 meseca \u2013 je\u010dam, p\u0161enica, ra\u017e, suncokret, duvan; 9 meseci \u2013 kukuruz, pamuk, krompir, pirina\u010d; 12 meseci \u2013 uljana repica, \u0161e\u0107erna repa<\/p>\n<p class=\"detail\"><strong>MDK(mg\/kg):<\/strong>\u00a00,05<\/p>","protected":false},"featured_media":4189,"template":"","meta":[],"product_brand":[],"product_cat":[203,278,274,211,212,275,264,266],"product_tag":[634],"class_list":{"0":"post-4131","1":"product","2":"type-product","3":"status-publish","4":"has-post-thumbnail","6":"product_cat-herbicidi","7":"product_cat-herbicidi-protiv-sirokolisnih-korova-u-soji","8":"product_cat-herbicidi-protiv-sirokolisnih-korova-u-suncokretu","9":"product_cat-herbicidi-u-soji","10":"product_cat-herbicidi-u-suncokretu","11":"product_cat-herbicidi-za-imi-hibride","12":"product_cat-post-em-po-nicanju-useva-u-soji","13":"product_cat-post-em-po-nicanju-useva-u-suncokretu","14":"product_tag-imazamoks-40-g-l","16":"first","17":"outofstock","18":"shipping-taxable","19":"purchasable","20":"product-type-simple"},"_links":{"self":[{"href":"https:\/\/agrarpetrovic.rs\/en\/wp-json\/wp\/v2\/product\/4131","targetHints":{"allow":["GET"]}}],"collection":[{"href":"https:\/\/agrarpetrovic.rs\/en\/wp-json\/wp\/v2\/product"}],"about":[{"href":"https:\/\/agrarpetrovic.rs\/en\/wp-json\/wp\/v2\/types\/product"}],"wp:featuredmedia":[{"embeddable":true,"href":"https:\/\/agrarpetrovic.rs\/en\/wp-json\/wp\/v2\/media\/4189"}],"wp:attachment":[{"href":"https:\/\/agrarpetrovic.rs\/en\/wp-json\/wp\/v2\/media?parent=4131"}],"wp:term":[{"taxonomy":"product_brand","embeddable":true,"href":"https:\/\/agrarpetrovic.rs\/en\/wp-json\/wp\/v2\/product_brand?post=4131"},{"taxonomy":"product_cat","embeddable":true,"href":"https:\/\/agrarpetrovic.rs\/en\/wp-json\/wp\/v2\/product_cat?post=4131"},{"taxonomy":"product_tag","embeddable":true,"href":"https:\/\/agrarpetrovic.rs\/en\/wp-json\/wp\/v2\/product_tag?post=4131"}],"curies":[{"name":"wp","href":"https:\/\/api.w.org\/{rel}","templated":true}]}}