{"id":4150,"date":"2023-07-13T16:07:53","date_gmt":"2023-07-13T14:07:53","guid":{"rendered":"https:\/\/agrarpetrovic.rs\/?post_type=product&#038;p=4150"},"modified":"2025-10-23T11:54:32","modified_gmt":"2025-10-23T09:54:32","slug":"kletox-extra-hrbicid","status":"publish","type":"product","link":"https:\/\/agrarpetrovic.rs\/en\/proizvod\/kletox-extra-hrbicid\/","title":{"rendered":"Kletox Extra &#8211; Hrbicid"},"content":{"rendered":"<div class=\"product-details\">\n<p class=\"detail\"><strong>Klasa:<\/strong>\u00a0Herbicid<\/p>\n<p class=\"detail\">\n<\/div>\n<div class=\"product-harvest\">\n<p class=\"detail\">Primena:<\/p>\n<table>\n<thead>\n<tr class=\"bg-4\">\n<th>USEV \/ ZASAD<\/th>\n<th>KOLI\u010cINA PRIMENE<\/th>\n<th>VREME PRIMENE<\/th>\n<\/tr>\n<\/thead>\n<tbody>\n<tr class=\"bg-sec-4\">\n<td class=\"bg-4\"><a href=\"https:\/\/www.agromarket.rs\/srb\/zastita-bilja\/programi-zastite\/1003\/Soja\">Soja<\/a><\/td>\n<td>0,4 \u2013 1,0 (4 &#8211; 10 ml na 100 m2)<\/td>\n<td>Posle nicanja useva, a korovi u fazi 2 do 5 listova<\/td>\n<\/tr>\n<\/tbody>\n<\/table>\n<\/div>\n<div class=\"product-info\">\n<p><strong>DELOVANJE:<\/strong><\/p>\n<p>aktivna materija spada u grupu Cikloheksanona i deluje na biosintezu lipida. Inhibira aktivnost enzima acetil-CoA-karboksilaze (ACCase) zaustavljaju\u0107i proces biosinteze masnih kiselina. Usvaja se listom i u biljci se kre\u0107e floemom. Nakuplja se u korenovom sistemu i meristemskim tkivima u kojima ispoljava delovanje.<\/p>\n<p><strong>SPEKTAR DELOVANJA:<\/strong><\/p>\n<p>jednogodi\u0161nji i vi\u0161egodi\u0161nji uskolisni korovi: muhar sivi (Setaria glauca), muhar zeleni (Setaria viridis), divlji sirak (Sorghum halepense), ljulj francuski (Lolium perenne), svra\u010dica obi\u010dna (Digitaria sanquinalis), proso korovsko (Echinochloa crusgalli), pirevina obi\u010dna (Agropyrum repens).<\/p>\n<p><strong>PREPORUKE I NAPOMENE:<br \/>\n<\/strong><br \/>\ndoza primene zavisi od registrovanih korovskih vrsta, pa tako ni\u017ee doze (0,4 l\/ha) se preporu\u010duju za jednogodi\u0161nje korove, a vi\u0161e doze (1,0 l\/ha) za vi\u0161egodi\u0161nje korove (pirevina, divlji sirak iz rizoma&#8230;). Ne me\u0161ati sa herbicidima namenjenim suzbijanju \u0161irokolisnih korova.<br \/>\nTretiranje iz vazduhoplova nije dozvoljeno.<br \/>\nNe preporu\u010duje se primena nakon formiranja 4 para listova suncokreta.<br \/>\nNe preporu\u010duje se primena na temperaturama iznad 26 stepeni Celzijusa.<\/p>\n<p><strong>MBT:<\/strong>\u00a01<\/p>\n<\/div>","protected":false},"excerpt":{"rendered":"<p class=\"detail\"><strong>Aktivna materija:<\/strong>\u00a0Kletodim 240 g\/l<\/p>\n<p class=\"detail\"><strong>Formulacija:<\/strong>\u00a0EC \u2013 koncentrat za emulziju<\/p>\n<p class=\"detail\"><strong>Pakovanje:<\/strong>\u00a01 l<\/p>\n<p class=\"detail\"><strong>Proizvo\u0111a\u010d:<\/strong>\u00a0Agromarket<\/p>\n<p class=\"detail\"><strong>Karenca:<\/strong>\u00a0OVP<\/p>\n<p class=\"detail\"><strong>Plodored:<\/strong>\u00a0slu\u010daju preoravanja ili prevremenog skidanja useva na tretiranim povr\u0161inama odmah se mogu sejati \u0161irokolisne gajene vrste, a 30 dana nakon tretiranja se mogu sejati uskolisne gajene biljke<\/p>\n<p class=\"detail\"><strong>Radna Karenca:<\/strong>\u00a024 sata<\/p>","protected":false},"featured_media":4191,"template":"","meta":[],"product_brand":[],"product_cat":[203,265,211],"product_tag":[645],"class_list":{"0":"post-4150","1":"product","2":"type-product","3":"status-publish","4":"has-post-thumbnail","6":"product_cat-herbicidi","7":"product_cat-herbicidi-protiv-uskolisnih-korova-u-soji","8":"product_cat-herbicidi-u-soji","9":"product_tag-kletodim-240-g-l","11":"first","12":"outofstock","13":"shipping-taxable","14":"product-type-simple"},"_links":{"self":[{"href":"https:\/\/agrarpetrovic.rs\/en\/wp-json\/wp\/v2\/product\/4150","targetHints":{"allow":["GET"]}}],"collection":[{"href":"https:\/\/agrarpetrovic.rs\/en\/wp-json\/wp\/v2\/product"}],"about":[{"href":"https:\/\/agrarpetrovic.rs\/en\/wp-json\/wp\/v2\/types\/product"}],"wp:featuredmedia":[{"embeddable":true,"href":"https:\/\/agrarpetrovic.rs\/en\/wp-json\/wp\/v2\/media\/4191"}],"wp:attachment":[{"href":"https:\/\/agrarpetrovic.rs\/en\/wp-json\/wp\/v2\/media?parent=4150"}],"wp:term":[{"taxonomy":"product_brand","embeddable":true,"href":"https:\/\/agrarpetrovic.rs\/en\/wp-json\/wp\/v2\/product_brand?post=4150"},{"taxonomy":"product_cat","embeddable":true,"href":"https:\/\/agrarpetrovic.rs\/en\/wp-json\/wp\/v2\/product_cat?post=4150"},{"taxonomy":"product_tag","embeddable":true,"href":"https:\/\/agrarpetrovic.rs\/en\/wp-json\/wp\/v2\/product_tag?post=4150"}],"curies":[{"name":"wp","href":"https:\/\/api.w.org\/{rel}","templated":true}]}}