{"id":4151,"date":"2023-07-13T16:07:54","date_gmt":"2023-07-13T14:07:54","guid":{"rendered":"https:\/\/agrarpetrovic.rs\/?post_type=product&#038;p=4151"},"modified":"2023-07-13T16:08:24","modified_gmt":"2023-07-13T14:08:24","slug":"lancelot-450-wg-herbicid","status":"publish","type":"product","link":"https:\/\/agrarpetrovic.rs\/en\/proizvod\/lancelot-450-wg-herbicid\/","title":{"rendered":"Lancelot 450 WG &#8211; herbicid"},"content":{"rendered":"<div class=\"product-details\">\n<p class=\"detail\">\n<\/div>\n<div class=\"product-harvest\">\n<p class=\"detail\">Primena:<\/p>\n<table>\n<thead>\n<tr class=\"bg-4\">\n<th>USEV \/ ZASAD<\/th>\n<th>KOLI\u010cINA PRIMENE<\/th>\n<th>VREME PRIMENE<\/th>\n<\/tr>\n<\/thead>\n<tbody>\n<tr class=\"bg-sec-4\">\n<td class=\"bg-4\">P\u0161enica i Je\u010dam<\/td>\n<td>33 g\/ha (0,3 g na 100 m2)<\/td>\n<td>Primenjuje se u periodu kada su p\u0161enica i je\u010dam u razvojnoj fazi od po\u010detka bokorenja do pojave drugog kolenca (faze 21-32 BBCH skale) a korovi u fazi 2-6 lista<\/td>\n<\/tr>\n<\/tbody>\n<\/table>\n<\/div>\n<div class=\"product-info\">\n<p><strong>DELOVANJE:<\/strong><\/p>\n<p>Sadr\u017ei dve aktivne materije, novu piridin karboksilnu kiselinu \u2013\u00a0<em>Aminopiralid<\/em>\u00a0i\u00a0triazolopirimidinski herbicid \u2013 Florasulam. Prestanak rasta i razvoja osetljivih korova se dogada u roku\u00a0od jednog dana nakon prskanja. Prvi vidljivi simptomi (gubitak boje i uvijanje listova pra\u0107eno skra\u0107ivanjem\u00a0internodija) su uo\u010dljivi 3-4 dana nakon primene herbicida. Potpuno su\u0161enje tretiranih korova se doga\u0111a\u00a02-3 nedelje nakom primene, \u0161to zavisi od korovske vrste i klimatskih uslova. Lancelot 450 WG prvenstveno\u00a0deluje kao folijarni herbicid, prodiru\u0107i u korove preko lisne povr\u0161ine, a zatim se prenosi floemom u vrhove\u00a0rasta, ali za razliku od ve\u0107ine drugih herbicida u \u017eitaricama, preparat pokazuje i vrlo dobru aktivnost putem\u00a0zemlji\u0161ta, \u0161to omogu\u0107ava i suzbijanje korova koji kasnije ni\u010du ili onih s produ\u017eenim periodom nicanja.<\/p>\n<div><strong>SPEKTAR DELOVANJA:<\/strong><\/div>\n<div><\/div>\n<div>Namenjen je suzbijanju \u0161irokolisnih korovskih vrsta i to : jednogodi\u0161nji korovi, gorocvet ze\u010diji (Adonis aestivalis), volovski jezik (Anchusa officinalis), kukolj (Agrostemma githago), tar\u010du\u017eak obi\u010dni (Capsella bursa-pastoris), ti\u010dinac poljski (Cerastivum arvense), \u017eavornjak obi\u010dni (Consolida regalis), bro\u0107ika lepu\u0161a (Gallium aparinae), divlja salata (Lactuca seriola), bulka obi\u010dna (Papaver rhoeas), goru\u0161ica poljska (Sinapis arvensis), mi\u0161jakinja obi\u010dna (Stellaria media),<\/div>\n<div>mi\u0161jakinja dugolisna (Stellaria graminea), krasolika (Stenactis annua), kravlja stisnu\u0161a (Thlaspi arvensis), kamilica (Matricaria inodora), viju\u0161ac njivski (Bylderdikia<\/div>\n<div>convolvulus), ljuti\u0107 njivski (Ranunculus arvensis), dimnja\u010da obi\u010dna (Fumaria officinalis), mrtva kopriva (Lamium purpureum), grahorica obi\u010dna (Vicia sativa), poljska ljubi\u010dica (Viola arvensis), dvornik pti\u010dji (Polygonum aviculare), pepeljuga obi\u010dna (Chenopodium album), kao i vi\u0161egodi\u0161njih palamida njivska (Cirsium arvense), grahorica obi\u010dna (Vicia sativa), divlja mrkva (Daucus carota), \u017eavornjak obi\u010dni (Consolida regalis), popanac (Convolvulus arvensis).<\/div>\n<div><\/div>\n<div><strong>PREPORUKE I NAPOMENE:<\/strong><\/div>\n<div><\/div>\n<div>Ne preporu\u010duje se me\u0161anje sa drugim preparatima. Preparat Lancelot 450 WG najbolje deluje u vla\u017enim uslovima, kada su korovi u intenzivnom porastu i kada je br\u017ea translokacija aktivnih materija te je uo\u010dljivo i delovanje putem zemlji\u0161ta. Temperatura tako\u0111e uti\u010de na efikasnost herbicida. Ako je srednja dnevna temperatura vi\u0161a od 5\u00b0C, herbicid se translocira unutar biljke. Tako\u0111e, pokazuje ve\u0107u efikasnost, posebno na korove koji su manje osetljivi, ako je usev gu\u0161\u0107i, u dobroj kondiciji, stvaraju\u0107i jaku konkurenciju korovima. Biljke ga vrlo brzo usvajaju tako da ni padavine, 1 sat nakon primene, ne mogu umanjiti njegovo delovanje.<\/div>\n<\/div>","protected":false},"excerpt":{"rendered":"<p class=\"detail\"><strong>Klasa:<\/strong>\u00a0Herbicid<\/p>\n<p class=\"detail\"><strong>Aktivna materija:<\/strong>\u00a0Aminopiralid-kalijum 355 g\/kg + Florasulam 150 g\/kg<\/p>\n<p class=\"detail\"><strong>Formulacija:<\/strong>\u00a0WG \u2013 vodorastvorljive granule<\/p>\n<p class=\"detail\"><strong>Pakovanje:<\/strong>\u00a00,033 kg, 0,5 kg<\/p>\n<p class=\"detail\"><strong>Proizvo\u0111a\u010d:<\/strong>\u00a0Dow AgroSciences<\/p>\n<p class=\"detail\"><strong>Karenca:<\/strong>\u00a0OVP<\/p>\n<p class=\"detail\"><strong>Plodored:<\/strong>\u00a0ukoliko do\u0111e do preoravanja ili prevremenog skidanja useva, 4 nedelje nakon primene preparat na tretiranim povr\u0161inama mogu se sejati kukuruz, p\u0161enica i je\u010dam. U normalnom plodoredu posle primene herbicida mogu se sejati: iste jeseni: ozime \u017eita i uljana repica; slede\u0107eg prole\u0107a: jara \u017eita, kukuruz, jara uljana repica, suncokret, \u0161e\u0107erna repa, krompir, mrkva, lucerka, cikorija i luk; nakon 14 meseci: soja, gra\u0161ak, so\u010divo<\/p>","protected":false},"featured_media":4192,"template":"","meta":[],"product_brand":[],"product_cat":[203,206,205],"product_tag":[],"class_list":{"0":"post-4151","1":"product","2":"type-product","3":"status-publish","4":"has-post-thumbnail","6":"product_cat-herbicidi","7":"product_cat-herbicidi-protiv-sirokolisnih-korova-u-psenici","8":"product_cat-herbicidi-u-psenici","10":"first","11":"instock","12":"shipping-taxable","13":"product-type-simple"},"_links":{"self":[{"href":"https:\/\/agrarpetrovic.rs\/en\/wp-json\/wp\/v2\/product\/4151","targetHints":{"allow":["GET"]}}],"collection":[{"href":"https:\/\/agrarpetrovic.rs\/en\/wp-json\/wp\/v2\/product"}],"about":[{"href":"https:\/\/agrarpetrovic.rs\/en\/wp-json\/wp\/v2\/types\/product"}],"wp:featuredmedia":[{"embeddable":true,"href":"https:\/\/agrarpetrovic.rs\/en\/wp-json\/wp\/v2\/media\/4192"}],"wp:attachment":[{"href":"https:\/\/agrarpetrovic.rs\/en\/wp-json\/wp\/v2\/media?parent=4151"}],"wp:term":[{"taxonomy":"product_brand","embeddable":true,"href":"https:\/\/agrarpetrovic.rs\/en\/wp-json\/wp\/v2\/product_brand?post=4151"},{"taxonomy":"product_cat","embeddable":true,"href":"https:\/\/agrarpetrovic.rs\/en\/wp-json\/wp\/v2\/product_cat?post=4151"},{"taxonomy":"product_tag","embeddable":true,"href":"https:\/\/agrarpetrovic.rs\/en\/wp-json\/wp\/v2\/product_tag?post=4151"}],"curies":[{"name":"wp","href":"https:\/\/api.w.org\/{rel}","templated":true}]}}