{"id":4152,"date":"2023-07-13T16:07:54","date_gmt":"2023-07-13T14:07:54","guid":{"rendered":"https:\/\/agrarpetrovic.rs\/?post_type=product&#038;p=4152"},"modified":"2025-10-23T11:54:32","modified_gmt":"2025-10-23T09:54:32","slug":"lodin-herbicid","status":"publish","type":"product","link":"https:\/\/agrarpetrovic.rs\/en\/proizvod\/lodin-herbicid\/","title":{"rendered":"Lodin &#8211; Herbicid"},"content":{"rendered":"<div class=\"product-details\">\n<p class=\"detail\">\n<\/div>\n<div class=\"product-harvest\">\n<p class=\"detail\">Primena:<\/p>\n<table>\n<thead>\n<tr class=\"bg-4\">\n<th>USEV \/ ZASAD<\/th>\n<th>KOLI\u010cINA PRIMENE<\/th>\n<th>VREME PRIMENE<\/th>\n<\/tr>\n<\/thead>\n<tbody>\n<tr class=\"bg-sec-4\">\n<td class=\"bg-4\">Kukuruz<\/td>\n<td>0.8 lit\/ha<\/td>\n<td>Kukuruz u fazi 3 do 6 listova<\/td>\n<\/tr>\n<tr class=\"bg-sec-4\">\n<td class=\"bg-4\"><a href=\"https:\/\/www.agromarket.rs\/srb\/zastita-bilja\/programi-zastite\/1002\/Psenica\">Strna \u017eita &#8211; jara<\/a><\/td>\n<td>0,4 \u2013 0,8 lit\/ha<\/td>\n<td>Faza 3 lista do pojave zastavi\u010dara<\/td>\n<\/tr>\n<tr class=\"bg-sec-4\">\n<td class=\"bg-4\"><a href=\"https:\/\/www.agromarket.rs\/srb\/zastita-bilja\/programi-zastite\/1002\/Psenica\">Strna \u017eita &#8211; ozima<\/a><\/td>\n<td>0,6 \u2013 1,2 lit\/ha<\/td>\n<td>Faza 3 lista do pojave zastavi\u010dara<\/td>\n<\/tr>\n<\/tbody>\n<\/table>\n<\/div>\n<div class=\"product-info\">\n<p><strong>DELOVANJE:<\/strong><\/p>\n<p>Lodin je herbicid koji usvaja zelena masa, kre\u0107e se navi\u0161e i nani\u017ee u biljci.\u00a0Izaziva karakteristi\u010dne simptome na tretiranim biljkama kao \u0161to je kovrd\u017eanje li\u0161\u0107a.<\/p>\n<p><strong>Spektar delovanja:<\/strong><\/p>\n<ul>\n<li><strong>JEDNOGODI\u0160NJI \u0160IROKOLISNI KOROVI:<\/strong>\u00a0ambrozija pelanasta (<em>Ambrosia artemisifolia<\/em>\u00a0), \u0161tir (<em>Amaranthus retroflexus<\/em>\u00a0), viju\u0161ac njivski (<em>Bilderdykia convolvulu<\/em>s ), pepeljuga obi\u010dna (<em>Chenopodium album<\/em>\u00a0), tatula (<em>Datura stramonium<\/em>\u00a0), bro\u0107 (<em>Galium aparinae<\/em>\u00a0), dimnja\u010da (<em>Fumaria officinalis<\/em>\u00a0), samonikli suncokret (<em>Helianthus annuus<\/em>\u00a0), pti\u010dji dvornik (<em>Polygonum aviculare<\/em>\u00a0), veliki dvornik (<em>Polygonum lapathifolium<\/em>\u00a0), kere\u0107e gro\u017e\u0111e (<em>Solanum nigrum<\/em>\u00a0), gor\u010dika (<em>Sonchus oleraceus<\/em>\u00a0), \u010di\u010dak (<em>Xantium strumarium<\/em>\u00a0).<\/li>\n<li><strong>VI\u0160EGODI\u0160NJI \u0160IROKOLISNI KOROVI:<\/strong>\u00a0kokotkinja-vu\u010dja jabu\u010dica\u00a0(<em>Aristolochia clematitis<\/em>\u00a0), poponac njivski (<em>Convolvulus arvensis<\/em>\u00a0), bokvica (<em>Plantago major<\/em>\u00a0), \u0161tavelj (<em>Rumex crispus<\/em>\u00a0), masla\u010dak (<em>Taraxacum officinale<\/em>\u00a0), kopriva (<em>Urtica dioica<\/em>\u00a0).<\/li>\n<\/ul>\n<p><strong><span class=\"podnaslovPoglavljaZS\">PREPORUKE I NAPOMENE:<\/span><\/strong><\/p>\n<p>izuzetnu efikasnost na\u00a0<em>Galium aparine<\/em>\u00a0tj. prilepa\u010du. Maksimalna\u00a0efikasnost se posti\u017ee u kombinaciji sa herbicidima Metmark ili Cerealis.\u00a0Tretiranje iz vazduhoplova nije dozvoljeno. Nije fitotoksi\u010dan ako se\u00a0primeni u preoru\u010denim dozama. Ne sme se koristiti na vrlo slabo\u00a0humusnim zemlji\u0161tima (&lt; 1% humusa).<\/p>\n<p><strong>MBT:<\/strong>\u00a01<\/p>\n<\/div>","protected":false},"excerpt":{"rendered":"<p class=\"detail\"><strong>Klasa:<\/strong>\u00a0Herbicidi<\/p>\n<p class=\"detail\"><strong>Aktivna materija:<\/strong>\u00a0Fluroksipir 360 g\/l<\/p>\n<p class=\"detail\"><strong>Formulacija:<\/strong>\u00a0EC &#8211; koncentrat za emulziju<\/p>\n<p class=\"detail\"><strong>Pakovanje:<\/strong>\u00a00,5 l, 1 l, 5 l, 10 l<\/p>\n<p class=\"detail\"><strong>Proizvo\u0111a\u010d:<\/strong>\u00a0Agromarket<\/p>\n<p class=\"detail\"><strong>Karenca:<\/strong>\u00a0OVP<\/p>\n<p class=\"detail\"><strong>Plodored:<\/strong>\u00a0Bez ograni\u010denja u plodoredu.<\/p>\n<p class=\"detail\"><strong>MDK(mg\/kg):<\/strong>\u00a00,1 &#8211; p\u0161enica; 0,05 &#8211; kukuruz<\/p>","protected":false},"featured_media":4193,"template":"","meta":[],"product_brand":[],"product_cat":[203,208,206,204,205,207],"product_tag":[612],"class_list":{"0":"post-4152","1":"product","2":"type-product","3":"status-publish","4":"has-post-thumbnail","6":"product_cat-herbicidi","7":"product_cat-herbicidi-protiv-sirokolisnih-korova","8":"product_cat-herbicidi-protiv-sirokolisnih-korova-u-psenici","9":"product_cat-herbicidi-u-kukuruzu","10":"product_cat-herbicidi-u-psenici","11":"product_cat-post-em-po-nicanju-useva","12":"product_tag-fluroksipir-200-g-l","14":"first","15":"outofstock","16":"shipping-taxable","17":"purchasable","18":"product-type-simple"},"_links":{"self":[{"href":"https:\/\/agrarpetrovic.rs\/en\/wp-json\/wp\/v2\/product\/4152","targetHints":{"allow":["GET"]}}],"collection":[{"href":"https:\/\/agrarpetrovic.rs\/en\/wp-json\/wp\/v2\/product"}],"about":[{"href":"https:\/\/agrarpetrovic.rs\/en\/wp-json\/wp\/v2\/types\/product"}],"wp:featuredmedia":[{"embeddable":true,"href":"https:\/\/agrarpetrovic.rs\/en\/wp-json\/wp\/v2\/media\/4193"}],"wp:attachment":[{"href":"https:\/\/agrarpetrovic.rs\/en\/wp-json\/wp\/v2\/media?parent=4152"}],"wp:term":[{"taxonomy":"product_brand","embeddable":true,"href":"https:\/\/agrarpetrovic.rs\/en\/wp-json\/wp\/v2\/product_brand?post=4152"},{"taxonomy":"product_cat","embeddable":true,"href":"https:\/\/agrarpetrovic.rs\/en\/wp-json\/wp\/v2\/product_cat?post=4152"},{"taxonomy":"product_tag","embeddable":true,"href":"https:\/\/agrarpetrovic.rs\/en\/wp-json\/wp\/v2\/product_tag?post=4152"}],"curies":[{"name":"wp","href":"https:\/\/api.w.org\/{rel}","templated":true}]}}