{"id":4153,"date":"2023-07-13T16:07:54","date_gmt":"2023-07-13T14:07:54","guid":{"rendered":"https:\/\/agrarpetrovic.rs\/?post_type=product&#038;p=4153"},"modified":"2025-10-23T11:54:32","modified_gmt":"2025-10-23T09:54:32","slug":"max-51-herbicid","status":"publish","type":"product","link":"https:\/\/agrarpetrovic.rs\/en\/proizvod\/max-51-herbicid\/","title":{"rendered":"Max 51- Herbicid"},"content":{"rendered":"<div class=\"product-details\">\n<p class=\"detail\">\n<\/div>\n<div class=\"product-harvest\">\n<p class=\"detail\">Primena:<\/p>\n<table>\n<thead>\n<tr class=\"bg-4\">\n<th>USEV \/ ZASAD<\/th>\n<th>KOLI\u010cINA PRIMENE<\/th>\n<th>VREME PRIMENE<\/th>\n<\/tr>\n<\/thead>\n<tbody>\n<tr class=\"bg-sec-4\">\n<td class=\"bg-4\"><a href=\"https:\/\/www.agromarket.rs\/srb\/zastita-bilja\/programi-zastite\/1003\/Soja\">Soja<\/a><\/td>\n<td>0,160 (1,6 grama na 100 m2)<\/td>\n<td>Posle setve, a pre nicanja useva<\/td>\n<\/tr>\n<\/tbody>\n<\/table>\n<\/div>\n<div class=\"product-info\">\n<p><strong>DELOVANJE:<\/strong><\/p>\n<p>aktivna materija pripada grupi\u00a0<em>N-fenilftalimida.\u00a0<\/em>Deluje na biosintezu hlorofila. Inhibida aktivnost enzima protoporfirin-oksidaze (PPO), a kao krajnja posledica dolazi do peroksidacije lipidnih membrana., odnosno ireverzibilnog naru\u0161avanja njihove strukture i funkcije. Usvajaju ga klijanci ili iznikle biljke listom<\/p>\n<p><strong>SPEKTAR DELOVANJA:<\/strong><\/p>\n<p>jednogodi\u0161nji \u0161irokolisni korovi:\u0161tir obi\u010dni (<em>Amaranthus retroflexus),\u00a0<\/em>ambrozija pelenasta (<em>Ambrosia arteisifolia),<\/em>\u00a0pepeljuga obi\u010dna<em>\u00a0(Chenopodium album),\u00a0<\/em>tatula obi\u010dna<em>\u00a0(Datura stramonium),\u00a0<\/em>goru\u0161ica (<em>Sinapis arvensis),\u00a0<\/em>pomo\u0107nica (<em>Solanum nigrum),\u00a0<\/em>\u010distac jednogodi\u0161nji (<em>Stachys annua),\u00a0<\/em>lubeni\u010darka njivska<em>\u00a0(Hibiscum trionum),\u00a0<\/em>boca obi\u010dna<em>\u00a0(Xanthium strumarium)<\/em>.<\/p>\n<p><strong>PREPORUKE I NAPOMENA:<\/strong><\/p>\n<p>radi kompletiranja spektra delovanja (uskolisni I \u0161irokolisni korovi) preporuka je primena kombinacije\u00a0<strong>MAX 51 (100 \u2013 120 g\/ha) + Mont 960 EC (1,2 \u2013 1,3 l\/ha).<br \/>\n<\/strong>Spre\u010diti zano\u0161enje na osetljive susedne useve i zasade. Zabranjena je primena u vodoza\u0161titnim zonama za izvori\u0161ta vode i vodosnabdevanje stanovni\u0161tva. Tretiranje iz vazduhoplova nije dozvoljeno.<br \/>\nU uslovima vla\u017enog (obilne padavine) i hladnog vremena posle primene herbicida MAX51 mo\u017ee do\u0107i do prolazne fitotoksije.<\/p>\n<\/div>","protected":false},"excerpt":{"rendered":"<p class=\"detail\"><strong>Klasa:<\/strong>\u00a0Herbicid<\/p>\n<p class=\"detail\"><strong>Aktivna materija:<\/strong>\u00a0Flumioksazin 510 g\/kg<\/p>\n<p class=\"detail\"><strong>Formulacija:<\/strong>\u00a0WG \u2013 vododisperibilne granule<\/p>\n<p class=\"detail\"><strong>Pakovanje:<\/strong>\u00a080 g<\/p>\n<p class=\"detail\"><strong>Proizvo\u0111a\u010d:<\/strong>\u00a0Agromarket<\/p>\n<p class=\"detail\"><strong>Karenca:<\/strong>\u00a0OVP<\/p>\n<p class=\"detail\"><strong>Plodored:<\/strong>\u00a0u normalnom plodoredu posle \u010detiri (4) meseca nakon primene mo\u017ee se sejati je\u010dam, ra\u017e, gra\u0161ak, kukuruz \u0161e\u0107erac, a posle 12 meseci od primene mogu se sejati lucerka, detelina, uljana repica, zob-ovas, \u0161e\u0107erna repa, salata i povrtarske biljke iz familije tikava (Cucurbitaceae). Ukoliko do\u0111e do propadanja ili preoravanja useva, na tretiranim povr\u0161inama mogu se sejati kukuruz, sirak, suncokret, strna \u017eita, soja i rasa\u0111ivati duvan.<\/p>\n<p class=\"detail\"><strong>Radna Karenca:<\/strong>\u00a0do su\u0161enja depozita (6 do 12 sati)<\/p>","protected":false},"featured_media":4194,"template":"","meta":[],"product_brand":[],"product_cat":[203,211,215],"product_tag":[541],"class_list":{"0":"post-4153","1":"product","2":"type-product","3":"status-publish","4":"has-post-thumbnail","6":"product_cat-herbicidi","7":"product_cat-herbicidi-u-soji","8":"product_cat-pre-em-posle-setve-a-pre-nicanja-useva-u-soji","9":"product_tag-flumioksazin-510-g-kg","11":"first","12":"outofstock","13":"shipping-taxable","14":"purchasable","15":"product-type-simple"},"_links":{"self":[{"href":"https:\/\/agrarpetrovic.rs\/en\/wp-json\/wp\/v2\/product\/4153","targetHints":{"allow":["GET"]}}],"collection":[{"href":"https:\/\/agrarpetrovic.rs\/en\/wp-json\/wp\/v2\/product"}],"about":[{"href":"https:\/\/agrarpetrovic.rs\/en\/wp-json\/wp\/v2\/types\/product"}],"wp:featuredmedia":[{"embeddable":true,"href":"https:\/\/agrarpetrovic.rs\/en\/wp-json\/wp\/v2\/media\/4194"}],"wp:attachment":[{"href":"https:\/\/agrarpetrovic.rs\/en\/wp-json\/wp\/v2\/media?parent=4153"}],"wp:term":[{"taxonomy":"product_brand","embeddable":true,"href":"https:\/\/agrarpetrovic.rs\/en\/wp-json\/wp\/v2\/product_brand?post=4153"},{"taxonomy":"product_cat","embeddable":true,"href":"https:\/\/agrarpetrovic.rs\/en\/wp-json\/wp\/v2\/product_cat?post=4153"},{"taxonomy":"product_tag","embeddable":true,"href":"https:\/\/agrarpetrovic.rs\/en\/wp-json\/wp\/v2\/product_tag?post=4153"}],"curies":[{"name":"wp","href":"https:\/\/api.w.org\/{rel}","templated":true}]}}