{"id":4159,"date":"2023-07-13T16:07:54","date_gmt":"2023-07-13T14:07:54","guid":{"rendered":"https:\/\/agrarpetrovic.rs\/?post_type=product&#038;p=4159"},"modified":"2023-07-13T16:08:31","modified_gmt":"2023-07-13T14:08:31","slug":"albion-herbicid","status":"publish","type":"product","link":"https:\/\/agrarpetrovic.rs\/en\/proizvod\/albion-herbicid\/","title":{"rendered":"Albion &#8211; Herbicid"},"content":{"rendered":"<div class=\"group-technical-info field-group-div technical-info-processed product-accordion-processed ui-accordion ui-widget ui-helper-reset\" role=\"tablist\">\n<div id=\"ui-accordion-1-panel-0\" class=\"content ui-accordion-content ui-helper-reset ui-widget-content ui-corner-bottom ui-accordion-content-active\" role=\"tabpanel\" aria-labelledby=\"ui-accordion-1-header-0\" aria-hidden=\"false\">\n<div class=\"field field-name-field-product-category field-type-taxonomy-term-reference field-label-above\">\n<div class=\"field-label\">Kategorija: Herbicidi<\/div>\n<\/div>\n<div class=\"field field-name-field-product-ctive-ingredient field-type-text field-label-above\">\n<div class=\"field-item even\">Aktivna materija: Imazamoks 22 g\/l + bentazon 480 g\/l<\/div>\n<\/div>\n<div class=\"field field-name-field-product-formulation field-type-text field-label-above\">\n<div class=\"field-item even\">Formulacija: Koncentrovani rastvor (SL)<\/div>\n<\/div>\n<div class=\"field field-name-field-product-resistance-class field-type-text field-label-above\">\n<div class=\"field-item even\">Klasifikacija rezistentnosti: B\/2; C3\/6<\/div>\n<\/div>\n<div class=\"field field-name-field-product-packaging field-type-text field-label-above\">\n<div class=\"field-item even\">Pakovanje: 1 L i 10 L<\/div>\n<\/div>\n<div class=\"field field-name-field-product-manufacturer field-type-taxonomy-term-reference field-label-above\">\n<div class=\"field-item even\">Proizvo\u0111a\u010d: Chemical Agrosava<\/div>\n<\/div>\n<div class=\"field field-name-field-product-technical-informat field-type-text-with-summary field-label-hidden\">\n<div class=\"field-items\">\n<div class=\"field-item even\">\n<p><strong>Karenca:<\/strong><br \/>\nSoja \u2013 obezbe\u0111ena vremenom primene.<\/p>\n<\/div>\n<\/div>\n<\/div>\n<\/div>\n<\/div>\n<div class=\"group-primena field-group-div primena-processed product-accordion-processed ui-accordion ui-widget ui-helper-reset\" role=\"tablist\">\n<h2 id=\"ui-accordion-2-header-0\" class=\"ui-accordion-header ui-helper-reset ui-state-default ui-accordion-icons ui-accordion-header-active ui-state-active ui-corner-top\" role=\"tab\">Primena<\/h2>\n<div id=\"ui-accordion-2-panel-0\" class=\"content ui-accordion-content ui-helper-reset ui-widget-content ui-corner-bottom ui-accordion-content-active\" role=\"tabpanel\" aria-labelledby=\"ui-accordion-2-header-0\" aria-hidden=\"false\">\n<div class=\"field field-name-field-product-application field-type-text-with-summary field-label-hidden\">\n<div class=\"field-items\">\n<div class=\"field-item even\">\n<p class=\"rtejustify\"><strong>Selektivni herbicid za suzbijanje jednogodi\u0161njih \u0161irokolisnih i nekih uskolisnih korova<\/strong><\/p>\n<p class=\"rtejustify\"><strong>SOJA:<\/strong><\/p>\n<ul>\n<li class=\"rtejustify\">primenjuje se u split aplikaciji (0,9 + 0,9 l\/ha). Dodavanje okva\u0161iva\u010da nije potrebno. Prvi tretman obaviti kada je usev soje u fazi razvoja 1-3 troliske (faze 12-14 BBCH skale), a drugi tretman 7-10 dana kasnije.<\/li>\n<\/ul>\n<p class=\"rtejustify\"><strong>Vreme primene:<\/strong> primenjuje se od klijanja do razvoja \u0161estog lista, mada se najbolji efekti posti\u017eu kada su korovi u fazi razvoja od kotiledona do dva razvijena lista. Na korove u starijom razvojnim fazama, kao i na vi\u0161egodi\u0161nje \u0161irokolisne korove u ranim fazama razvoja ispoljava izra\u017eeno supresivno delovanje.<\/p>\n<p class=\"rtejustify\"><strong>Pri koli\u010dini primene od 0,9 + 0,9 l\/ha preparat ispoljava:<\/strong><\/p>\n<ul>\n<li class=\"rtejustify\">dobru efikasnost (efikasnost &gt;90%) u odnosu na: teofrastova lipica <em>(Abutilon theophrasti)<\/em>, \u0161tir obi\u010dni <em>(Amaranthus retroflexus)<\/em>, pepeljuga obi\u010dna <em>(Chenopodium album)<\/em>, tatula obi\u010dna <em>(Datura stramonium)<\/em>, samonikli suncokret <em>(Helianthus annuus)<\/em>, lubeni\u010dnjak njivski <em>(Hibiscus trionum)<\/em>, pti\u010diji dvornik <em>(Polygonum aviculare)<\/em>, goru\u0161ica poljska <em>(Sinapis arvensis)<\/em>, pomo\u0107nica obi\u010dna <em>(Solanum nigrum)<\/em> i boca obi\u010dna <em>(Xanthium strumarium)<\/em>.<\/li>\n<li class=\"rtejustify\">Zadovoljavaju\u0107u efikasnost (efikasnost 75-90%) u odnosu na: palamida <em>(Cirsium arvense)<\/em>, poponac <em>(Convolvulus arvensis)<\/em>, proso korovsko <em>(Echinochloa crus-galli)<\/em> i semenski sirak <em>(Sorghum halepense)<\/em>.<\/li>\n<li class=\"rtejustify\">Slabu efikasnost (efikasnost &lt;75%) u odnosu na: rizomski sirak <em>(Sorghum halepense)<\/em>.<\/li>\n<\/ul>\n<p class=\"rtejustify\"><strong>MOGU\u0106NOST ME\u0160ANJA:<\/strong><\/p>\n<p class=\"rtejustify\">Zbog pro\u0161irenja spektra delovanja mo\u017ee se me\u0161ati sa drugim aktivnim supstancama (u svetu postoje gotove formulacije). U slu\u010daju primene u tank miksu neophodno je prethodno proveriti kompatibilnost formulacija. Ne sme se me\u0161ati sa insekticidima iz grupe karbamata i organofosfata.<\/p>\n<\/div>\n<\/div>\n<\/div>\n<\/div>\n<\/div>","protected":false},"excerpt":{"rendered":"<p class=\"rtejustify\"><strong>Selektivni herbicid za suzbijanje jednogodi\u0161njih \u0161irokolisnih i nekih uskolisnih korova u <\/strong><strong>soji<\/strong><\/p>\n<p>Primena: u split aplikaciji 0,9 + 0,9 l\/ha<\/p>\n<div class=\"field-label\">Aktivna materija:<\/div>\n<div class=\"field-items\">\n<div class=\"field-item even\">Imazamoks 22 g\/l + bentazon 480 g\/l<\/div>\n<\/div>","protected":false},"featured_media":4200,"template":"","meta":[],"product_brand":[],"product_cat":[203,278,265,211,264],"product_tag":[],"class_list":{"0":"post-4159","1":"product","2":"type-product","3":"status-publish","4":"has-post-thumbnail","6":"product_cat-herbicidi","7":"product_cat-herbicidi-protiv-sirokolisnih-korova-u-soji","8":"product_cat-herbicidi-protiv-uskolisnih-korova-u-soji","9":"product_cat-herbicidi-u-soji","10":"product_cat-post-em-po-nicanju-useva-u-soji","12":"first","13":"instock","14":"shipping-taxable","15":"product-type-simple"},"_links":{"self":[{"href":"https:\/\/agrarpetrovic.rs\/en\/wp-json\/wp\/v2\/product\/4159","targetHints":{"allow":["GET"]}}],"collection":[{"href":"https:\/\/agrarpetrovic.rs\/en\/wp-json\/wp\/v2\/product"}],"about":[{"href":"https:\/\/agrarpetrovic.rs\/en\/wp-json\/wp\/v2\/types\/product"}],"wp:featuredmedia":[{"embeddable":true,"href":"https:\/\/agrarpetrovic.rs\/en\/wp-json\/wp\/v2\/media\/4200"}],"wp:attachment":[{"href":"https:\/\/agrarpetrovic.rs\/en\/wp-json\/wp\/v2\/media?parent=4159"}],"wp:term":[{"taxonomy":"product_brand","embeddable":true,"href":"https:\/\/agrarpetrovic.rs\/en\/wp-json\/wp\/v2\/product_brand?post=4159"},{"taxonomy":"product_cat","embeddable":true,"href":"https:\/\/agrarpetrovic.rs\/en\/wp-json\/wp\/v2\/product_cat?post=4159"},{"taxonomy":"product_tag","embeddable":true,"href":"https:\/\/agrarpetrovic.rs\/en\/wp-json\/wp\/v2\/product_tag?post=4159"}],"curies":[{"name":"wp","href":"https:\/\/api.w.org\/{rel}","templated":true}]}}