{"id":4161,"date":"2023-07-13T16:07:54","date_gmt":"2023-07-13T14:07:54","guid":{"rendered":"https:\/\/agrarpetrovic.rs\/?post_type=product&#038;p=4161"},"modified":"2023-07-13T16:08:33","modified_gmt":"2023-07-13T14:08:33","slug":"eurofertil-top-35-np","status":"publish","type":"product","link":"https:\/\/agrarpetrovic.rs\/en\/proizvod\/eurofertil-top-35-np\/","title":{"rendered":"Eurofertil Top 35 NP"},"content":{"rendered":"<h1 class=\"article_title\">Eurofertil TOP<\/h1>\n<div class=\"group clearfix\">\n<div class=\"article_photo\"><img decoding=\"async\" src=\"https:\/\/www.timacagro.rs\/uploads\/ck_editor\/images\/Biljna%20proizvodnja\/Granulisana%20djubriva\/EurofertilTOP.png\" alt=\"\" \/><\/div>\n<div class=\"article_content\">\n<p><strong>Eurofertil TOP<\/strong>\u00a0je linija \u010dvrstih kompleksnih mineralnih \u0111ubriva prvenstveno namenjena usevima kod kojih se zahteva brz po\u010detni porast i stvaranje optimalnog sklopa biljaka dok proizvodi iz ove linije omogu\u0107avaju gajenim kulturama veoma visok procenat iskori\u0161\u0107enja hraniva iz \u0111ubriva.<\/p>\n<p>&nbsp;<\/p>\n<p><strong>Eurofertil TOP<\/strong>\u00a0mineralna \u0111ubriva sadr\u017ee inovativna patentirana re\u0161enja Roullier Group\u00a0<a href=\"http:\/\/www.timacagro.rs\/inovacije\/inovacije\">TOP-PHOS i N-Process<\/a>.<\/p>\n<\/div>\n<\/div>","protected":false},"excerpt":{"rendered":"<table>\n<tbody>\n<tr>\n<td>Eurofertil TOP 35 NP \u2013 NP 15\/20 + 0,5 Zn + 3 MgO + 18 SO<sub>3<\/sub><\/td>\n<\/tr>\n<\/tbody>\n<\/table>","protected":false},"featured_media":4202,"template":"","meta":[],"product_brand":[],"product_cat":[200],"product_tag":[],"class_list":{"0":"post-4161","1":"product","2":"type-product","3":"status-publish","4":"has-post-thumbnail","6":"product_cat-ishrana-bilja","8":"first","9":"instock","10":"shipping-taxable","11":"product-type-simple"},"_links":{"self":[{"href":"https:\/\/agrarpetrovic.rs\/en\/wp-json\/wp\/v2\/product\/4161","targetHints":{"allow":["GET"]}}],"collection":[{"href":"https:\/\/agrarpetrovic.rs\/en\/wp-json\/wp\/v2\/product"}],"about":[{"href":"https:\/\/agrarpetrovic.rs\/en\/wp-json\/wp\/v2\/types\/product"}],"wp:featuredmedia":[{"embeddable":true,"href":"https:\/\/agrarpetrovic.rs\/en\/wp-json\/wp\/v2\/media\/4202"}],"wp:attachment":[{"href":"https:\/\/agrarpetrovic.rs\/en\/wp-json\/wp\/v2\/media?parent=4161"}],"wp:term":[{"taxonomy":"product_brand","embeddable":true,"href":"https:\/\/agrarpetrovic.rs\/en\/wp-json\/wp\/v2\/product_brand?post=4161"},{"taxonomy":"product_cat","embeddable":true,"href":"https:\/\/agrarpetrovic.rs\/en\/wp-json\/wp\/v2\/product_cat?post=4161"},{"taxonomy":"product_tag","embeddable":true,"href":"https:\/\/agrarpetrovic.rs\/en\/wp-json\/wp\/v2\/product_tag?post=4161"}],"curies":[{"name":"wp","href":"https:\/\/api.w.org\/{rel}","templated":true}]}}