{"id":4178,"date":"2023-07-13T16:08:17","date_gmt":"2023-07-13T14:08:17","guid":{"rendered":"https:\/\/agrarpetrovic.rs\/?post_type=product&#038;p=4178"},"modified":"2023-07-13T16:08:37","modified_gmt":"2023-07-13T14:08:37","slug":"sulfammo-25-0-0","status":"publish","type":"product","link":"https:\/\/agrarpetrovic.rs\/en\/proizvod\/sulfammo-25-0-0\/","title":{"rendered":"Sulfammo 25-0-0"},"content":{"rendered":"<h1 class=\"article_title\">Sulfammo<\/h1>\n<div class=\"group clearfix\">\n<div class=\"article_photo\"><img decoding=\"async\" src=\"https:\/\/www.timacagro.rs\/uploads\/ck_editor\/images\/Biljna%20proizvodnja\/Granulisana%20djubriva\/Sulfammo.png\" alt=\"\" \/><\/div>\n<div class=\"article_content\">\n<p><strong>Sulfammo<\/strong>\u00a0je linija mineralnih \u0111ubriva namenjena azotnoj prihrani useva i pored azota sadr\u017ei sekundarne elemente magnezijum i sumpor. Karakteristika Sulfammo mineralnih \u0111ubriva jeste azot u obliku koji je lako pristupa\u010dan gajenim kulturama i ne ispira se iz zemlji\u0161ta, \u0161to omogu\u0107ava pravilnu ishranu useva azotom uz primenu manjih koli\u010dina \u0111ubriva.<\/p>\n<p>&nbsp;<\/p>\n<p>Primenom\u00a0<strong>Sulfammo\u00a0<\/strong>mineralnih \u0111ubriva pobolj\u0161ava se usvajanje azota od strane gajenih kultura, transformacija\u00a0 usvojenog azota u biljkama i pove\u0107ava se prinos i kvalitet roda.<\/p>\n<p>&nbsp;<\/p>\n<p>Specifi\u010dnost\u00a0<strong>Sulfammo\u00a0<\/strong>linije ogleda se u primenjenim inovacijama\u00a0<a href=\"http:\/\/www.timacagro.rs\/inovacije\/inovacije\" target=\"_self\" rel=\"noopener noreferrer\">N-Process<\/a>\u00a0i\u00a0<a href=\"http:\/\/www.timacagro.rs\/inovacije\/inovacije\">MPPA kompleks<\/a><a href=\"https:\/\/www.timacagro.rs\/biljna-proizvodnja\/granulisana-djubriva\/sulfammo.html#\">.<\/a><\/p>\n<\/div>\n<\/div>","protected":false},"excerpt":{"rendered":"<table>\n<tbody>\n<tr>\n<td>Sulfammo 25 MPPA \u2013 N 25 + 2 MgO + 31 SO<sub>3<\/sub><\/td>\n<\/tr>\n<\/tbody>\n<\/table>","protected":false},"featured_media":4207,"template":"","meta":[],"product_brand":[],"product_cat":[200],"product_tag":[],"class_list":{"0":"post-4178","1":"product","2":"type-product","3":"status-publish","4":"has-post-thumbnail","6":"product_cat-ishrana-bilja","8":"first","9":"instock","10":"shipping-taxable","11":"product-type-simple"},"_links":{"self":[{"href":"https:\/\/agrarpetrovic.rs\/en\/wp-json\/wp\/v2\/product\/4178","targetHints":{"allow":["GET"]}}],"collection":[{"href":"https:\/\/agrarpetrovic.rs\/en\/wp-json\/wp\/v2\/product"}],"about":[{"href":"https:\/\/agrarpetrovic.rs\/en\/wp-json\/wp\/v2\/types\/product"}],"wp:featuredmedia":[{"embeddable":true,"href":"https:\/\/agrarpetrovic.rs\/en\/wp-json\/wp\/v2\/media\/4207"}],"wp:attachment":[{"href":"https:\/\/agrarpetrovic.rs\/en\/wp-json\/wp\/v2\/media?parent=4178"}],"wp:term":[{"taxonomy":"product_brand","embeddable":true,"href":"https:\/\/agrarpetrovic.rs\/en\/wp-json\/wp\/v2\/product_brand?post=4178"},{"taxonomy":"product_cat","embeddable":true,"href":"https:\/\/agrarpetrovic.rs\/en\/wp-json\/wp\/v2\/product_cat?post=4178"},{"taxonomy":"product_tag","embeddable":true,"href":"https:\/\/agrarpetrovic.rs\/en\/wp-json\/wp\/v2\/product_tag?post=4178"}],"curies":[{"name":"wp","href":"https:\/\/api.w.org\/{rel}","templated":true}]}}