{"id":4182,"date":"2023-07-13T16:08:17","date_gmt":"2023-07-13T14:08:17","guid":{"rendered":"https:\/\/agrarpetrovic.rs\/?post_type=product&#038;p=4182"},"modified":"2023-07-13T16:08:38","modified_gmt":"2023-07-13T14:08:38","slug":"aminor","status":"publish","type":"product","link":"https:\/\/agrarpetrovic.rs\/en\/proizvod\/aminor\/","title":{"rendered":"Aminor"},"content":{"rendered":"<p><strong>Aminor\u00a0<\/strong>(NPK 4\/3\/3 + 10 CaO + 60% OM + 30 C + SE) je\u00a0<strong>100% organsko \u0111ubrivo \u017eivotinjskog porekla<\/strong>, proizvedeno od kompostiranog i toplotno tretiranog \u017eivinskog stajnjaka i mo\u017ee se koristiti kako u konvencionalnoj tako i u organskoj poljoprivrednoj proizvodnji.<\/p>\n<p>&nbsp;<\/p>\n<p><strong>Aminor\u00a0<\/strong>je \u010dvrsto peletirano organsko NPK \u0111ubrivo koje svojim mehanizmom delovanja \u2013\u00a0<strong>organska materija + huminske kiseline + kalcijum + mineralna hraniva<\/strong>\u00a0vi\u0161estruko pozitivno deluje kako na zemlji\u0161te tako i na gajene useve.<\/p>\n<p>&nbsp;<\/p>\n<p><strong>Primenom Aminora<\/strong>\u00a0posti\u017eu se slede\u0107i efekti:<\/p>\n<p>&nbsp;<\/p>\n<ul>\n<li>pove\u0107anje sadr\u017eaja organske materije &#8211; humusa u zemlji\u0161tu<\/li>\n<li>pove\u0107anje plodnosti zemlji\u0161ta<\/li>\n<li>pove\u0107anje rastresitosti zemlji\u0161ta<\/li>\n<li>bolji razvoj korena biljaka<\/li>\n<li>aktivacija i pove\u0107anje broja korisnih mikroorganizama u zemlji\u0161tu<\/li>\n<li>intenzivnije usvajanje hraniva, sna\u017enije i bolje razvijene biljke<\/li>\n<\/ul>\n<p>&nbsp;<\/p>\n<p>Aminor se mo\u017ee koristiti za \u0111ubrenje svih useva u proizvodnji na otvorenom polju i u zatvorenom prostoru kao i na svim tipovima zemlji\u0161ta a naro\u010dito na zemlji\u0161tima sa niskim sadr\u017eajem organske materije.<\/p>\n<p>&nbsp;<\/p>\n<p>Aminor se primenuje u osnovnoj i predsetvenoj pripremi zemlji\u0161ta, za sve ratarske useve, povr\u0107e, vo\u0107e i travnjake u koli\u010dini od 1.000 \u2013 2.000 kg\/ha sa neposrednom inkorporacijom u zemlji\u0161te.<\/p>\n<p>&nbsp;<\/p>\n<p><strong>Zahvaljuju\u0107i svom 100% organskom sastavu, Aminor se preporu\u010duje za sve useve u organskoj proizvodnji.<\/strong><\/p>","protected":false},"excerpt":{"rendered":"<p><strong>Aminor\u00a0<\/strong>(NPK 4\/3\/3 + 10 CaO + 60% OM + 30 C + SE)<\/p>","protected":false},"featured_media":4209,"template":"","meta":[],"product_brand":[],"product_cat":[200,284],"product_tag":[],"class_list":{"0":"post-4182","1":"product","2":"type-product","3":"status-publish","4":"has-post-thumbnail","6":"product_cat-ishrana-bilja","7":"product_cat-organska-djubriva","9":"first","10":"instock","11":"shipping-taxable","12":"product-type-simple"},"_links":{"self":[{"href":"https:\/\/agrarpetrovic.rs\/en\/wp-json\/wp\/v2\/product\/4182","targetHints":{"allow":["GET"]}}],"collection":[{"href":"https:\/\/agrarpetrovic.rs\/en\/wp-json\/wp\/v2\/product"}],"about":[{"href":"https:\/\/agrarpetrovic.rs\/en\/wp-json\/wp\/v2\/types\/product"}],"wp:featuredmedia":[{"embeddable":true,"href":"https:\/\/agrarpetrovic.rs\/en\/wp-json\/wp\/v2\/media\/4209"}],"wp:attachment":[{"href":"https:\/\/agrarpetrovic.rs\/en\/wp-json\/wp\/v2\/media?parent=4182"}],"wp:term":[{"taxonomy":"product_brand","embeddable":true,"href":"https:\/\/agrarpetrovic.rs\/en\/wp-json\/wp\/v2\/product_brand?post=4182"},{"taxonomy":"product_cat","embeddable":true,"href":"https:\/\/agrarpetrovic.rs\/en\/wp-json\/wp\/v2\/product_cat?post=4182"},{"taxonomy":"product_tag","embeddable":true,"href":"https:\/\/agrarpetrovic.rs\/en\/wp-json\/wp\/v2\/product_tag?post=4182"}],"curies":[{"name":"wp","href":"https:\/\/api.w.org\/{rel}","templated":true}]}}