{"id":4183,"date":"2023-07-13T16:08:18","date_gmt":"2023-07-13T14:08:18","guid":{"rendered":"https:\/\/agrarpetrovic.rs\/?post_type=product&#038;p=4183"},"modified":"2025-10-23T11:54:32","modified_gmt":"2025-10-23T09:54:32","slug":"metmark-wg-herbicid","status":"publish","type":"product","link":"https:\/\/agrarpetrovic.rs\/en\/proizvod\/metmark-wg-herbicid\/","title":{"rendered":"Metmark WG &#8211; Herbicid"},"content":{"rendered":"<div class=\"span9\">\n<div class=\"product-details\">\n<p class=\"detail\"><strong>Klasa:<\/strong>Herbicid<\/p>\n<p class=\"detail\"><strong>Aktivna materija:<\/strong>Metsulfuron-metil 600 g\/kg<\/p>\n<p class=\"detail\"><strong>Formulacija:<\/strong>WG &#8211; vodorastvorljive granule<\/p>\n<p class=\"detail\"><strong>Pakovanje:<\/strong>10 g, 50 g<\/p>\n<p class=\"detail\"><strong>Proizvo\u0111a\u010d:<\/strong>Agromarket<\/p>\n<p class=\"detail\"><strong>Karenca:<\/strong>OVP<\/p>\n<p class=\"detail\"><strong>Plodored:<\/strong>u istoj kalendarskoj godini:posle strnih p\u0161enice i je\u010dma na tretiranim povr\u0161inama se mogu sejati samo strna \u017eita, uljana repica, pasulj ili trave. Posle \u017eetve p\u0161enice i je\u010dma ne sme se sejati povr\u0107e. Naredne godine mogu se sejati svi usevi u uobi\u010dajenoj rotaciji ali se mora voditi ra\u010duna kod \u0161e\u0107erne repe i povr\u0107a. Posle setve ili sadnje ovih useva, naro\u010dito na zemlji\u0161tima sa pH &gt;7 ili u slu\u010daju dugog su\u0161nog perioda od primene herbicida do setve, odnosno sadnje ovih useva, obavezno je duboko oranje<\/p>\n<p class=\"detail\"><strong>MDK(mg\/kg):<\/strong>0,1<\/p>\n<p class=\"detail\"><strong>Radna Karenca:<\/strong>do su\u0161enja depozita<\/p>\n<\/div>\n<div class=\"product-harvest\">\n<p class=\"detail\">Primena:<\/p>\n<table>\n<thead>\n<tr class=\"bg-4\">\n<th>USEV \/ ZASAD<\/th>\n<th>KOLI\u010cINA PRIMENE<\/th>\n<th>VREME PRIMENE<\/th>\n<\/tr>\n<\/thead>\n<tbody>\n<tr class=\"bg-sec-4\">\n<td class=\"bg-4\"><a href=\"https:\/\/www.agromarket.rs\/srb\/zastita-bilja\/programi-zastite\/1002\/Psenica\">P\u0161enica<\/a><\/td>\n<td>0,01 + 0,1% okva\u0161iva\u010da<\/td>\n<td>Tretiranje se vr\u0161i po nicanju, kada p\u0161enica ima najmanje 3 lista, pa do pojave lista zastavi\u010dara (faze 13-39 \u0412\u0412\u0421\u041d skale)<\/td>\n<\/tr>\n<\/tbody>\n<\/table>\n<\/div>\n<div class=\"product-info\">\n<p><strong>SPEKTAR DELOVANJA<\/strong><br \/>\nnamenjen je suzbijanju \u0161irokolisnih korovskih vrsta i to:<br \/>\na) dobro suzbija ( &gt; 90%) jednogodi\u0161nje korove kao \u0161to su: ze\u010dji mak <em>(Adonis<\/em><br \/>\n<em>aestivalis)<\/em>, pepeljuga srcolisna<em> (Chenopodium hybridum)<\/em>, ba\u0161tenska pepeljuga<br \/>\n<em>(Chenophodium polyspermum)<\/em>, tar\u010du\u017eak <em>(Capsella bursa pastoris)<\/em>, \u017eavornjak<br \/>\nobi\u010dni <em>(Consolida regalis)<\/em>, mrtva kopriva crvena <em>(Lamium purpureum)<\/em>, divlja<br \/>\nsalata<em> (Lactuca scariola)<\/em>, bezmirisna kamilica<em> (Matricaria inodora)<\/em>, goru\u0161ica<br \/>\npoljska <em>(Sinapis arvensis)<\/em>, mi\u0161jakinja <em>(Stelaria media)<\/em>; vi\u0161egodi\u0161nje korove<br \/>\nkao \u0161to je palamida njivska <em>(Cirsium arvense)<\/em>.<\/p>\n<p><strong>PREPORUKE I NAPOMENE:<\/strong><br \/>\nprimenjuje se le\u0111nom ili traktorskom prskalicom u koli\u010dini od 200 do 400<br \/>\nlitara te\u010dnosti po hektaru. Primena iz aviona je dozvoljena pod posebnim<br \/>\nuslovima i to:<br \/>\n&#8211; povr\u0161ine koje se tretiraju treba da budu udaljene najmanje 500 m od<br \/>\nnaselja i poljoprivrednih objekata (farmi) i 200 m od vodoza\u0161titnih zona i<br \/>\nvoda (vodotoka, bunara, jezera, izvori\u0161ta voda);<br \/>\n&#8211; brzina vetra ne sme prelaziti 2-3 m\/s; rubne zone (300 \u2013 500 m) se tretiraju<br \/>\nsa zemlje<br \/>\nFitotoksi\u010dan je za sve \u0161irokolisne useve. Ne sme se primenjivati: na<br \/>\nuseve koji su pod stresom izazvanim su\u0161om, potopljenim zemlji\u0161tem,<br \/>\nniskim temperaturama, napadom insekta ili patogena, nedostatkom<br \/>\nhranljivih materija i drugim faktorima koji uti\u010du na rast useva; u p\u0161enici u<br \/>\nzdru\u017eenom usevu sa travama, detelinom i drugim leguminozama ili drugim<br \/>\n\u0161irokolisnim usevima; ukoliko je prethodno primenjen bilo koji herbicid<br \/>\niz grupe sulfonilurea. Pri primeni u kombinaciji sa preparatima na bazi<br \/>\nfluroksipir meptila voditi ra\u010duna o slede\u0107em: ne sme se primenjivati na vrlo<br \/>\nslabo humoznim zemlji\u0161tima (&lt; 1% humusa) i u kra\u0161kim podru\u010djima zbog<br \/>\nispirljivosti. Ukoliko do\u0111e do preoravanja ili propadanja useva, na tretiranim<br \/>\npovr\u0161inama se mogu sejati samo jara \u017eita, uz prethodnu obradu zemlji\u0161ta.<br \/>\nRadi pro\u0161irenja delovanja, mo\u017ee se me\u0161ati saherbicidima na bazi fluroksipir<br \/>\nmeptila <strong>(Lodin),<\/strong> dikambe <strong>(AgroDimark)<\/strong>.<\/p>\n<p><strong>MBT: <\/strong>1<\/p>\n<\/div>\n<\/div>","protected":false},"excerpt":{"rendered":"<p><strong>Klasa:<\/strong> Herbicid<\/p>\n<p><strong>Aktivna materija:<\/strong> Metsulfuron-metil 600 g\/kg<\/p>\n<p><strong>Formulacija:<\/strong> WG &#8211; vodorastvorljive granule<\/p>\n<p><strong>Pakovanje:<\/strong> 10 g, 50 g<\/p>\n<p><strong>Proizvo\u0111a\u010d:<\/strong> Agromarke<\/p>","protected":false},"featured_media":4234,"template":"","meta":[],"product_brand":[],"product_cat":[203,206,205],"product_tag":[663],"class_list":{"0":"post-4183","1":"product","2":"type-product","3":"status-publish","4":"has-post-thumbnail","6":"product_cat-herbicidi","7":"product_cat-herbicidi-protiv-sirokolisnih-korova-u-psenici","8":"product_cat-herbicidi-u-psenici","9":"product_tag-metsulfuron-metil-600-g-kg","11":"first","12":"outofstock","13":"shipping-taxable","14":"purchasable","15":"product-type-simple"},"_links":{"self":[{"href":"https:\/\/agrarpetrovic.rs\/en\/wp-json\/wp\/v2\/product\/4183","targetHints":{"allow":["GET"]}}],"collection":[{"href":"https:\/\/agrarpetrovic.rs\/en\/wp-json\/wp\/v2\/product"}],"about":[{"href":"https:\/\/agrarpetrovic.rs\/en\/wp-json\/wp\/v2\/types\/product"}],"wp:featuredmedia":[{"embeddable":true,"href":"https:\/\/agrarpetrovic.rs\/en\/wp-json\/wp\/v2\/media\/4234"}],"wp:attachment":[{"href":"https:\/\/agrarpetrovic.rs\/en\/wp-json\/wp\/v2\/media?parent=4183"}],"wp:term":[{"taxonomy":"product_brand","embeddable":true,"href":"https:\/\/agrarpetrovic.rs\/en\/wp-json\/wp\/v2\/product_brand?post=4183"},{"taxonomy":"product_cat","embeddable":true,"href":"https:\/\/agrarpetrovic.rs\/en\/wp-json\/wp\/v2\/product_cat?post=4183"},{"taxonomy":"product_tag","embeddable":true,"href":"https:\/\/agrarpetrovic.rs\/en\/wp-json\/wp\/v2\/product_tag?post=4183"}],"curies":[{"name":"wp","href":"https:\/\/api.w.org\/{rel}","templated":true}]}}