{"id":4184,"date":"2023-07-13T16:08:18","date_gmt":"2023-07-13T14:08:18","guid":{"rendered":"https:\/\/agrarpetrovic.rs\/?post_type=product&#038;p=4184"},"modified":"2023-07-13T16:08:47","modified_gmt":"2023-07-13T14:08:47","slug":"fertyactil-starter","status":"publish","type":"product","link":"https:\/\/agrarpetrovic.rs\/en\/proizvod\/fertyactil-starter\/","title":{"rendered":"FERTYACTIL STARTER"},"content":{"rendered":"<p><strong>Fertiactyl Starter\u00a0<\/strong>(NPK 13\/5\/8 + 4% C + GB + HUM. i FUL. A.)<strong>\u00a0<\/strong>je te\u010dno \u0111ubrivo sa hranivima u\u00a0<a href=\"http:\/\/www.timacagro.rs\/inovacije\/inovacije\">Fertiactyl kompleksu<\/a>\u00a0i huminskim i fulvo kiselinama. Primenjuje se u po\u010detnim fazama porasta biljaka posle nicanja ili rasa\u0111ivanja. Uti\u010de na br\u017ee i intenzivnije ukorenjavanje mladih biljaka, pove\u0107ava \u010dvrsto\u0107u stabla, pospe\u0161uje brz po\u010detni porast i intenzivira fotosintezu.<\/p>\n<p>&nbsp;<\/p>\n<p><strong>Fertiactyl Starter<\/strong>\u00a0se primenjuje folijarno, zalivanjem ili preko sistema za navodnjavanje kapanjem. U folijarnoj primeni aplikacija se obavlja svim tipovima standardnih prskalica i atomizera uz upotrebu 200 \u2013 400 l\/ha vode za \u017eitarice, industrijsko bilje, povr\u0107e i cve\u0107e.<\/p>\n<p>&nbsp;<\/p>\n<p><strong>Fertiactyl Starter<\/strong>\u00a0dostupan je u pakovanjima od 1, 5, 10, 20 i 220 litara<\/p>","protected":false},"excerpt":{"rendered":"<p><strong>Fertiactyl Starter\u00a0<\/strong>(NPK 13\/5\/8 + 4% C + GB + HUM. i FUL. A.)<\/p>","protected":false},"featured_media":4235,"template":"","meta":[],"product_brand":[],"product_cat":[200,285],"product_tag":[],"class_list":{"0":"post-4184","1":"product","2":"type-product","3":"status-publish","4":"has-post-thumbnail","6":"product_cat-ishrana-bilja","7":"product_cat-tecna-djubriva","9":"first","10":"instock","11":"shipping-taxable","12":"product-type-simple"},"_links":{"self":[{"href":"https:\/\/agrarpetrovic.rs\/en\/wp-json\/wp\/v2\/product\/4184","targetHints":{"allow":["GET"]}}],"collection":[{"href":"https:\/\/agrarpetrovic.rs\/en\/wp-json\/wp\/v2\/product"}],"about":[{"href":"https:\/\/agrarpetrovic.rs\/en\/wp-json\/wp\/v2\/types\/product"}],"wp:featuredmedia":[{"embeddable":true,"href":"https:\/\/agrarpetrovic.rs\/en\/wp-json\/wp\/v2\/media\/4235"}],"wp:attachment":[{"href":"https:\/\/agrarpetrovic.rs\/en\/wp-json\/wp\/v2\/media?parent=4184"}],"wp:term":[{"taxonomy":"product_brand","embeddable":true,"href":"https:\/\/agrarpetrovic.rs\/en\/wp-json\/wp\/v2\/product_brand?post=4184"},{"taxonomy":"product_cat","embeddable":true,"href":"https:\/\/agrarpetrovic.rs\/en\/wp-json\/wp\/v2\/product_cat?post=4184"},{"taxonomy":"product_tag","embeddable":true,"href":"https:\/\/agrarpetrovic.rs\/en\/wp-json\/wp\/v2\/product_tag?post=4184"}],"curies":[{"name":"wp","href":"https:\/\/api.w.org\/{rel}","templated":true}]}}