{"id":4185,"date":"2023-07-13T16:08:18","date_gmt":"2023-07-13T14:08:18","guid":{"rendered":"https:\/\/agrarpetrovic.rs\/?post_type=product&#038;p=4185"},"modified":"2023-07-13T16:08:48","modified_gmt":"2023-07-13T14:08:48","slug":"sulfacid-lcn","status":"publish","type":"product","link":"https:\/\/agrarpetrovic.rs\/en\/proizvod\/sulfacid-lcn\/","title":{"rendered":"SULFACID LCN"},"content":{"rendered":"<p><strong>Sulfacid LCN<\/strong>\u00a0(N 15 + 41% SO<sub>3<\/sub>) je specijalno \u0111ubrivo koje se primenjuje za korekciju tj. sni\u017eavanje visoke pH vrednosti zemlji\u0161ta, vode i rastvora za zalivanje i sadr\u017ei inovaciju Roullier Group\u00a0<a href=\"http:\/\/www.timacagro.rs\/inovacije\/inovacije\">LCN kompleks<\/a>.<\/p>\n<p>&nbsp;<\/p>\n<p>Poma\u017ee bolje usvajanje azota, fosfora i drugih hraniva iz zemlji\u0161ta i iz rastvora za zalivanje. Primenjuje se po potrebi u koli\u010dini od 25 ml\/ar ili 2,5 l\/ha, isklju\u010divo zalivanjem kroz sistem kap po kap.<\/p>\n<p>&nbsp;<\/p>\n<p><strong>Sulfacid LCN<\/strong> je dostupan u pakovanju od 1 litar.<\/p>\n<p>&nbsp;<\/p>\n<p>&nbsp;<\/p>\n<p>&nbsp;<\/p>\n<p>&nbsp;<\/p>","protected":false},"excerpt":{"rendered":"<p><strong>Sulfacid LCN<\/strong>\u00a0(N 15 + 41% SO<sub>3<\/sub>)<\/p>","protected":false},"featured_media":4236,"template":"","meta":[],"product_brand":[],"product_cat":[200,285],"product_tag":[],"class_list":{"0":"post-4185","1":"product","2":"type-product","3":"status-publish","4":"has-post-thumbnail","6":"product_cat-ishrana-bilja","7":"product_cat-tecna-djubriva","9":"first","10":"instock","11":"shipping-taxable","12":"product-type-simple"},"_links":{"self":[{"href":"https:\/\/agrarpetrovic.rs\/en\/wp-json\/wp\/v2\/product\/4185","targetHints":{"allow":["GET"]}}],"collection":[{"href":"https:\/\/agrarpetrovic.rs\/en\/wp-json\/wp\/v2\/product"}],"about":[{"href":"https:\/\/agrarpetrovic.rs\/en\/wp-json\/wp\/v2\/types\/product"}],"wp:featuredmedia":[{"embeddable":true,"href":"https:\/\/agrarpetrovic.rs\/en\/wp-json\/wp\/v2\/media\/4236"}],"wp:attachment":[{"href":"https:\/\/agrarpetrovic.rs\/en\/wp-json\/wp\/v2\/media?parent=4185"}],"wp:term":[{"taxonomy":"product_brand","embeddable":true,"href":"https:\/\/agrarpetrovic.rs\/en\/wp-json\/wp\/v2\/product_brand?post=4185"},{"taxonomy":"product_cat","embeddable":true,"href":"https:\/\/agrarpetrovic.rs\/en\/wp-json\/wp\/v2\/product_cat?post=4185"},{"taxonomy":"product_tag","embeddable":true,"href":"https:\/\/agrarpetrovic.rs\/en\/wp-json\/wp\/v2\/product_tag?post=4185"}],"curies":[{"name":"wp","href":"https:\/\/api.w.org\/{rel}","templated":true}]}}