{"id":4186,"date":"2023-07-13T16:08:18","date_gmt":"2023-07-13T14:08:18","guid":{"rendered":"https:\/\/agrarpetrovic.rs\/?post_type=product&#038;p=4186"},"modified":"2025-10-23T11:54:32","modified_gmt":"2025-10-23T09:54:32","slug":"mezatron-herbicid","status":"publish","type":"product","link":"https:\/\/agrarpetrovic.rs\/en\/proizvod\/mezatron-herbicid\/","title":{"rendered":"Mezatron -Herbicid"},"content":{"rendered":"<div class=\"product-harvest\">\n<p class=\"detail\"><strong>Primena:<\/strong><\/p>\n<table>\n<thead>\n<tr class=\"bg-4\">\n<th>USEV \/ ZASAD<\/th>\n<th>KOLI\u010cINA PRIMENE<\/th>\n<th>VREME PRIMENE<\/th>\n<\/tr>\n<\/thead>\n<tbody>\n<tr class=\"bg-sec-4\">\n<td class=\"bg-4\"><a href=\"https:\/\/www.agromarketsrbija.rs\/srb\/zastita-bilja\/programi-zastite\/1001\/Kukuruz\">KUKURUZ (sila\u017eni i merkatilni)<\/a><\/td>\n<td>0,15 \u2013 0,25 (1,5 \u2013 2,5 ml\/100 m\u00b2) + Imox (0,1%)<\/td>\n<td>Po setvi a pre nicanja (pre-em) do faze razvoja 8 listova kukuruza (odnosno faze 11-18 BBCH skale)<\/td>\n<\/tr>\n<\/tbody>\n<\/table>\n<\/div>\n<div class=\"product-info\">\n<p><strong>DELOVANJE:<\/strong><\/p>\n<p>herbicid koji pripada grupi <em>Triketona<\/em>. Inhibira 4-hidroksifenilpiruvat dioksigenazu u procesu biosinteze karotenoida. Usvaja se i folijarno i korenom, a u biljci se kre\u0107e i bazipetalno i akropetalno. Simptomi se ispoljavaju u vidu beljenja listova, \u0161to kasnije prelazi u nekrozu meristemskog tkiva i uginu\u0107e korovske vrste.<\/p>\n<p><strong>SPEKTAR DELOVANJA<\/strong><\/p>\n<p>JEDNOGODI\u0160NJE I VI\u0160EGODI\u0160NJE \u0160IROKOLISNE KOROVSKE VRSTE:<\/p>\n<p>lipica (<em>Abutilon theophrasti<\/em>), \u0161tir obi\u010dan (<em>Amaranthus retroflexus<\/em>), ze\u010diji gorocvet (<em>Adonis aestivalis<\/em>), repica crna (<em>Brassica nigra<\/em>), pepeljuga obi\u010dna (<em>Chenopodium album<\/em>), pepeljuga srcolisna (<em>Ch. hybridum<\/em>), tatula (<em>Datura stramonium<\/em>), dvornik pti\u010diji (<em>Polygonum<\/em> <em>aviculare<\/em>), dvornik veliki (<em>P. lapathifolium<\/em>), goru\u0161ica (<em>Sinapis arvensis<\/em>), pomo\u0107nica (<em>Solanum nigrum<\/em>), gor\u010dica rapava (<em>Sonchus<\/em> <em>asper<\/em>), \u010distac (<em>Stachys annua<\/em>), boca obi\u010dna (<em>Xanthium strumarium<\/em>), palamida (<em>Cirsium arvense<\/em>), renika obi\u010dna (<em>Lepidium draba<\/em>)<\/p>\n<p><strong>PREPORUKE I NAPOMENE:<\/strong><\/p>\n<p>izuzetno fleksibilan u pogledu mogu\u0107eg me\u0161anja sa drugim herbicidima u pre-em tretmanima (<em>S-metolahlor, Terbutilazin<\/em>\u2026), odnosno <em>Sulfonilureama<\/em> u post-em tretmanima (<em>Nikosulfuron, Rimsulfuron<\/em>\u2026). Ne me\u0161a se sa insekticidima izrazito kisele reakcije. Radi pro\u0161irenja delovana na \u0161irokolisne korove u post-em tretmanu, mo\u017ee se me\u0161ati sa preparatom <strong>Terbis 500<\/strong>. Preporu\u010duje se utro\u0161ak vode 200 &#8211; 400 l\/ha.<\/p>\n<\/div>","protected":false},"excerpt":{"rendered":"<div class=\"span8 product-details\">\n<p class=\"detail\"><strong>Klasa:<\/strong> <span class=\"klasa\">Selektivni translokacioni herbicid<\/span><\/p>\n<p class=\"detail\"><strong>Aktivna materija:<\/strong> <span class=\"aktivna-materija\">Mezotrion 480 g\/l<\/span><\/p>\n<p class=\"detail\"><strong>Formulacija:<\/strong> <span class=\"formulacija\">SC \u2013 koncentrovana suspenzija<\/span><\/p>\n<p class=\"detail\"><strong>Pakovanje:<\/strong> <span class=\"pakovanje\">250 ml, 1 l<\/span><\/p>\n<p class=\"detail\"><strong>Karenca:<\/strong> <span class=\"karenca\">OVP<\/span><\/p>\n<p class=\"detail\"><strong>Plodored:<\/strong> <span class=\"plodored\">ukoliko do\u0111e do preoravanja useva, mo\u017ee se sejati samo kukuruz. U jesen iste godine mogu se sejati strna \u017eita, a uljana repica uz prethodno duboko oranje. U prole\u0107e naredne godine nakon dubokog oranja mogu se sejati kukuruz, strna \u017eita, soja, suncokret i krompir. Dve godine nakon primene mogu se sejati \u0161e\u0107erna repa, gra\u0161ak, pasulj, spana\u0107<\/span><\/p>\n<\/div>","protected":false},"featured_media":4237,"template":"","meta":[],"product_brand":[],"product_cat":[203,208,204,207],"product_tag":[474],"class_list":{"0":"post-4186","1":"product","2":"type-product","3":"status-publish","4":"has-post-thumbnail","6":"product_cat-herbicidi","7":"product_cat-herbicidi-protiv-sirokolisnih-korova","8":"product_cat-herbicidi-u-kukuruzu","9":"product_cat-post-em-po-nicanju-useva","10":"product_tag-mezotrion","12":"first","13":"outofstock","14":"shipping-taxable","15":"purchasable","16":"product-type-simple"},"_links":{"self":[{"href":"https:\/\/agrarpetrovic.rs\/en\/wp-json\/wp\/v2\/product\/4186","targetHints":{"allow":["GET"]}}],"collection":[{"href":"https:\/\/agrarpetrovic.rs\/en\/wp-json\/wp\/v2\/product"}],"about":[{"href":"https:\/\/agrarpetrovic.rs\/en\/wp-json\/wp\/v2\/types\/product"}],"wp:featuredmedia":[{"embeddable":true,"href":"https:\/\/agrarpetrovic.rs\/en\/wp-json\/wp\/v2\/media\/4237"}],"wp:attachment":[{"href":"https:\/\/agrarpetrovic.rs\/en\/wp-json\/wp\/v2\/media?parent=4186"}],"wp:term":[{"taxonomy":"product_brand","embeddable":true,"href":"https:\/\/agrarpetrovic.rs\/en\/wp-json\/wp\/v2\/product_brand?post=4186"},{"taxonomy":"product_cat","embeddable":true,"href":"https:\/\/agrarpetrovic.rs\/en\/wp-json\/wp\/v2\/product_cat?post=4186"},{"taxonomy":"product_tag","embeddable":true,"href":"https:\/\/agrarpetrovic.rs\/en\/wp-json\/wp\/v2\/product_tag?post=4186"}],"curies":[{"name":"wp","href":"https:\/\/api.w.org\/{rel}","templated":true}]}}