{"id":4187,"date":"2023-07-13T16:08:18","date_gmt":"2023-07-13T14:08:18","guid":{"rendered":"https:\/\/agrarpetrovic.rs\/?post_type=product&#038;p=4187"},"modified":"2025-10-23T11:54:32","modified_gmt":"2025-10-23T09:54:32","slug":"mezatron-100-od-herbicid","status":"publish","type":"product","link":"https:\/\/agrarpetrovic.rs\/en\/proizvod\/mezatron-100-od-herbicid\/","title":{"rendered":"Mezatron 100 OD &#8211; Herbicid"},"content":{"rendered":"<div class=\"product-details\">\n<p class=\"detail\"><strong>Klasa:<\/strong>Herbicid<\/p>\n<p class=\"detail\"><strong>Aktivna materija:<\/strong>Mezotrion 100 g\/l<\/p>\n<p class=\"detail\"><strong>Formulacija:<\/strong>OD- uljna disperzija<\/p>\n<p class=\"detail\"><strong>Pakovanje:<\/strong>250 ml, 1 l<\/p>\n<p class=\"detail\"><strong>Proizvo\u0111a\u010d:<\/strong>Agromarket<\/p>\n<p class=\"detail\"><strong>Karenca:<\/strong>OVP<\/p>\n<p class=\"detail\"><strong>Plodored:<\/strong>ukoliko do\u0111e do preoravanja useva, mo\u017ee se sejati samo kukuruz. U jesen iste godine mogu se sejati strna \u017eita, a uljana repica uz prethodno duboko oranje. U prole\u0107e naredne godine nakon dubokog oranja mogu se sejati kukuruz, strna \u017eita, soja, suncokret i krompir. Dve godine nakon primene mogu se sejati \u0161e\u0107erna repa, gra\u0161ak, pasulj, spana\u0107<\/p>\n<p class=\"detail\"><strong>MDK(mg\/kg):<\/strong>0,05<\/p>\n<\/div>\n<div class=\"product-harvest\">\n<p class=\"detail\">Primena:<\/p>\n<table>\n<thead>\n<tr class=\"bg-4\">\n<th>USEV \/ ZASAD<\/th>\n<th>KOLI\u010cINA PRIMENE<\/th>\n<th>VREME PRIMENE<\/th>\n<\/tr>\n<\/thead>\n<tbody>\n<tr class=\"bg-sec-4\">\n<td class=\"bg-4\"><a href=\"https:\/\/www.agromarket.rs\/srb\/zastita-bilja\/programi-zastite\/1029\/Borovnica-i-aronija\">Kukuruz ( sila\u017eni i merkatilni)<\/a><\/td>\n<td>1,0 \u2013 1, 2 l\/ha (10 &#8211; 12 ml na 100 m2)<\/td>\n<td>Primenjuje se u post-em tretmanu kada kukuruz ima 2-8 razvijenih listova (faze 11-18 BBCH skale), a korovi u fazi 2-6 razvijenih listova<\/td>\n<\/tr>\n<\/tbody>\n<\/table>\n<\/div>\n<div class=\"product-info\">\n<p>DELOVANJE:<\/p>\n<p>herbicid za suzbijanje koji pripada grupi Triketona. Inhibira 4-hidroksifenil purivatdioksigenazu u procesu biosinteze karotenoida. Usvaja se folijarno i korenom, a u biljci se kre\u0107e i bazi petalno i akropetalno. Simptomi se ispoljavaju u vidu beljenja listova, \u0161to kasnije prelazi u nekrozu merisistemskog tkiva i uginu\u0107e korovske vrste.<\/p>\n<p>SPEKTAR DELOVANJA<\/p>\n<p>Jednogodi\u0161nje \u0161irokolisne krovske vrste: teofrastova lipica (<em>Abutilon\u00a0teophrasti<\/em>), obi\u010dni \u0161tir (<em>Amaranthus retroflexus<\/em>), ze\u010diji gorovocet (<em>Adonis aestivalis<\/em>),pepeljuga obi\u010dna (<em>Chenopodium album<\/em>),repica crna (<em>Brassica nigra),<\/em>pepeljuga srcolisna<em> (Chenopodium\u00a0hibridum),<\/em> tatula<em> ( Datura stramonium),\u00a0pti\u010diji dvornik (Polygonum aviculare),<\/em>veliki\u00a0dvornik<em> (Polygonum lapathifolium), <\/em>pomo\u0107nica obi\u010dna<em> (Solanum nigrum)<\/em>,poljska goru\u0161ica<em> (Sinapis arvensis), <\/em>gor\u010dica rapava<em> ( Sonchus asper), <\/em>\u010distac<em> (Stachys annua),<\/em>obi\u010dna boca<em> (Xanthium strumarium)<\/em><br \/>\nnamenjen suzbijanju \u0161irokolisnih korovskih biljaka i to sa\u00a0vi\u0161e od 90% dobro suzbija<br \/>\nVi\u0161egodi\u0161nje \u0161irokolisne korove: njivska palamida (<em>Cirsium arvense<\/em>), renika obi\u010dna <em>(Lepidium draba)<\/em><\/p>\n<p>PREPORUKE I NAPOMENE:<br \/>\nizuzetno fleksibilan u pogledu mogu\u0107eg me\u0161anja sa drugim herbicidima u\u00a0pre-em tretmanima (<em>S-metolahlor, Terbutilazin<\/em>), odnosno sulfonil-ureama u\u00a0post-em tretmanima (<em>Nikosulfuron\u2026<\/em>). Ne me\u0161a se sa insekticidima izrazito\u00a0kisele reakcije. Preporu\u010duje se utro\u0161ak vode 200 &#8211; 400 l\/ha.<\/p>\n<\/div>","protected":false},"excerpt":{"rendered":"<p><strong>Klasa:<\/strong> Herbicid<\/p>\n<p><strong>Aktivna materija:<\/strong> Mezotrion 100 g\/l<\/p>\n<p><strong>Formulacija:<\/strong> OD- uljna disperzija<\/p>\n<p><strong>Pakovanje:<\/strong> 250 ml, 1 l<\/p>\n<p><strong>Proizvo\u0111a\u010d:<\/strong> Agromarket<\/p>","protected":false},"featured_media":4238,"template":"","meta":[],"product_brand":[],"product_cat":[203,208,204,207],"product_tag":[474],"class_list":{"0":"post-4187","1":"product","2":"type-product","3":"status-publish","4":"has-post-thumbnail","6":"product_cat-herbicidi","7":"product_cat-herbicidi-protiv-sirokolisnih-korova","8":"product_cat-herbicidi-u-kukuruzu","9":"product_cat-post-em-po-nicanju-useva","10":"product_tag-mezotrion","12":"first","13":"outofstock","14":"shipping-taxable","15":"product-type-simple"},"_links":{"self":[{"href":"https:\/\/agrarpetrovic.rs\/en\/wp-json\/wp\/v2\/product\/4187","targetHints":{"allow":["GET"]}}],"collection":[{"href":"https:\/\/agrarpetrovic.rs\/en\/wp-json\/wp\/v2\/product"}],"about":[{"href":"https:\/\/agrarpetrovic.rs\/en\/wp-json\/wp\/v2\/types\/product"}],"wp:featuredmedia":[{"embeddable":true,"href":"https:\/\/agrarpetrovic.rs\/en\/wp-json\/wp\/v2\/media\/4238"}],"wp:attachment":[{"href":"https:\/\/agrarpetrovic.rs\/en\/wp-json\/wp\/v2\/media?parent=4187"}],"wp:term":[{"taxonomy":"product_brand","embeddable":true,"href":"https:\/\/agrarpetrovic.rs\/en\/wp-json\/wp\/v2\/product_brand?post=4187"},{"taxonomy":"product_cat","embeddable":true,"href":"https:\/\/agrarpetrovic.rs\/en\/wp-json\/wp\/v2\/product_cat?post=4187"},{"taxonomy":"product_tag","embeddable":true,"href":"https:\/\/agrarpetrovic.rs\/en\/wp-json\/wp\/v2\/product_tag?post=4187"}],"curies":[{"name":"wp","href":"https:\/\/api.w.org\/{rel}","templated":true}]}}