{"id":4188,"date":"2023-07-13T16:08:18","date_gmt":"2023-07-13T14:08:18","guid":{"rendered":"https:\/\/agrarpetrovic.rs\/?post_type=product&#038;p=4188"},"modified":"2025-10-23T11:54:32","modified_gmt":"2025-10-23T09:54:32","slug":"mont-960-ec-herbicid","status":"publish","type":"product","link":"https:\/\/agrarpetrovic.rs\/en\/proizvod\/mont-960-ec-herbicid\/","title":{"rendered":"Mont 960 EC &#8211; Herbicid"},"content":{"rendered":"<div class=\"product-details\">\n<p class=\"detail\"><strong>Klasa:<\/strong>Herbicid<\/p>\n<p class=\"detail\"><strong>Aktivna materija:<\/strong>S-metolahlor 960 g\/l<\/p>\n<p class=\"detail\"><strong>Formulacija:<\/strong>EC \u2013 koncentrat za emulziju<\/p>\n<p class=\"detail\"><strong>Pakovanje:<\/strong>1 l<\/p>\n<p class=\"detail\"><strong>Proizvo\u0111a\u010d:<\/strong>Agromarket<\/p>\n<p class=\"detail\"><strong>Karenca:<\/strong>OVP<\/p>\n<p class=\"detail\"><strong>Plodored:<\/strong>ukoliko do\u0111e do prevremenog skidanja useva, na tretiranim povr\u0161inama mogu se sejati kukuruz (bez dodatnog tretiranja herbicidima), gra\u0161ak, soja, pasulj, krompir. Posle 6 meseci na parceli se mogu sejati strna \u017eita. U normalnom plodoredu nema ograni\u010denja<\/p>\n<p class=\"detail\"><strong>MDK(mg\/kg):<\/strong>0,1<\/p>\n<p class=\"detail\"><strong>Radna Karenca:<\/strong>48 sati<\/p>\n<\/div>\n<div class=\"product-harvest\">\n<p class=\"detail\">Primena:<\/p>\n<table>\n<thead>\n<tr class=\"bg-4\">\n<th>USEV \/ ZASAD<\/th>\n<th>KOLI\u010cINA PRIMENE<\/th>\n<th>VREME PRIMENE<\/th>\n<\/tr>\n<\/thead>\n<tbody>\n<tr class=\"bg-sec-4\">\n<td class=\"bg-4\"><a href=\"https:\/\/www.agromarket.rs\/srb\/zastita-bilja\/programi-zastite\/1029\/Borovnica-i-aronija\">Kukuruz<\/a><\/td>\n<td>1,4 \u2013 1,5<\/td>\n<td>Po setvi, a pre nicanja (pre-em)<\/td>\n<\/tr>\n<\/tbody>\n<\/table>\n<\/div>\n<div class=\"product-info\">\n<p>DELOVANJE:<\/p>\n<p>selektivni herbicid na bazi<em> S-metolahlora<\/em>, pripada grupi Hloracetamida. Inhibira deobu \u0107elija,\u00a0kao i biosintezu masnih kiselina s dugim lancem. Apsorbuje se primarno stabaocetom klijanaca korova, kao i\u00a0korenom odakle se akropetalno kre\u0107e u stablo, primarno u vegetativne, a sekundarno u generativne organe.\u00a0Kod odraslih biljaka translokacija se obavlja i ksilemom i floemom.<\/p>\n<p>SPEKTAR DELOVANJA<br \/>\ndobro suzbija uskolisne jednogodi\u0161nje korovske vrste:\u00a0proso korovsko (<em>Echinochloa crus-galli<\/em>), divlji sirak iz semena (<em>Sorghum\u00a0halepense<\/em>) i \u0161irokolisne korovske vrste kao \u0161to su \u0161tir obi\u010dni (<em>Amaranthus\u00a0retroflexus<\/em>), \u0161tir bljutavi (<em>A. blitoides<\/em>), tu\u0161t obi\u010dni (<em>Portulaca oleracea).<\/em><br \/>\nPREPORUKE I NAPOMENE:<br \/>\nmo\u017ee biti fitotoksi\u010dan na slabo humoznim zemlji\u0161tima (vrednosti ispod 1%\u00a0humusa) i zemlji\u0161tima \u010diji je pH ispod 5,5. U uslovima kada nakon tretiranja\u00a0uslede nepovoljni uslovi za razvoj (hladno i previ\u0161e vla\u017eno ili izrazito suvo\u00a0vreme) mo\u017ee do\u0107i do prolazne fitotoksije. Mo\u017ee se me\u0161ati sa preparatima na\u00a0bazi <em>Terbutilazina, Fluroihloridona, Linurona<\/em>. Tretiranje iz vazduhoplova nije\u00a0dozvoljeno. Preporu\u010deni utro\u0161ak vode iznosi 200-400 l\/ha, odnosno 2-4 l vode na 100 m2<\/p>\n<\/div>","protected":false},"excerpt":{"rendered":"<p><strong>Klasa:<\/strong> Herbicid<\/p>\n<p><strong>Aktivna materija:<\/strong> S-metolahlor 960 g\/l<\/p>\n<p><strong>Formulacija:<\/strong> EC \u2013 koncentrat za emulziju<\/p>\n<p><strong>Pakovanje:<\/strong> 1 l<\/p>\n<p><strong>Proizvo\u0111a\u010d:<\/strong> Agromarket<\/p>","protected":false},"featured_media":4239,"template":"","meta":[],"product_brand":[],"product_cat":[203,204,209],"product_tag":[704],"class_list":{"0":"post-4188","1":"product","2":"type-product","3":"status-publish","4":"has-post-thumbnail","6":"product_cat-herbicidi","7":"product_cat-herbicidi-u-kukuruzu","8":"product_cat-pre-em-posle-setve-a-pre-nicanja-useva","9":"product_tag-s-metolahlor-960-g-l","11":"first","12":"outofstock","13":"shipping-taxable","14":"purchasable","15":"product-type-simple"},"_links":{"self":[{"href":"https:\/\/agrarpetrovic.rs\/en\/wp-json\/wp\/v2\/product\/4188","targetHints":{"allow":["GET"]}}],"collection":[{"href":"https:\/\/agrarpetrovic.rs\/en\/wp-json\/wp\/v2\/product"}],"about":[{"href":"https:\/\/agrarpetrovic.rs\/en\/wp-json\/wp\/v2\/types\/product"}],"wp:featuredmedia":[{"embeddable":true,"href":"https:\/\/agrarpetrovic.rs\/en\/wp-json\/wp\/v2\/media\/4239"}],"wp:attachment":[{"href":"https:\/\/agrarpetrovic.rs\/en\/wp-json\/wp\/v2\/media?parent=4188"}],"wp:term":[{"taxonomy":"product_brand","embeddable":true,"href":"https:\/\/agrarpetrovic.rs\/en\/wp-json\/wp\/v2\/product_brand?post=4188"},{"taxonomy":"product_cat","embeddable":true,"href":"https:\/\/agrarpetrovic.rs\/en\/wp-json\/wp\/v2\/product_cat?post=4188"},{"taxonomy":"product_tag","embeddable":true,"href":"https:\/\/agrarpetrovic.rs\/en\/wp-json\/wp\/v2\/product_tag?post=4188"}],"curies":[{"name":"wp","href":"https:\/\/api.w.org\/{rel}","templated":true}]}}