{"id":4210,"date":"2023-07-13T16:08:40","date_gmt":"2023-07-13T14:08:40","guid":{"rendered":"https:\/\/agrarpetrovic.rs\/?post_type=product&#038;p=4210"},"modified":"2023-07-13T16:08:52","modified_gmt":"2023-07-13T14:08:52","slug":"multigram","status":"publish","type":"product","link":"https:\/\/agrarpetrovic.rs\/en\/proizvod\/multigram\/","title":{"rendered":"MultiGram"},"content":{"rendered":"<p><strong>MultiGram\u00a0<\/strong>(NP 12\/4 + 4% MgO + 6% SO<sub>3<\/sub>\u00a0+ 0,05% B + 0,25% Cu + 0,1% Mn + 0,1% Mo + 0,5% Zn + AA)) je te\u010dno \u0111ubrivo sa aminokiselinama koje pored azota, fosfora i sekundarnih elemenata ima i vrlo visok sadr\u017eaj svih neophodnih mikroelementa. Svi makro i mikroelementi nalaze se u MultiGram aminokiselinskom kompleksu.<\/p>\n<p>&nbsp;<\/p>\n<p><strong>MultiGram\u00a0<\/strong>poma\u017ee biljkama da prevazi\u0111u stresne uslove tokom vegetacije. Obezbe\u0111uje kontinuirani rast i razvoj biljaka, intenzivira stvaranje \u0161e\u0107era, skroba, ulja i drugih hranljivih materija i ubrzava njihov transport u zrno i ostale skladi\u0161ne organe biljaka.<\/p>\n<p>&nbsp;<\/p>\n<p>U p\u0161enici i ostalim strnim \u017eitima MultiGram stimuli\u0161e bokorenje i uti\u010de na formiranje ve\u0107eg broja klasova po bokoru.<\/p>\n<p>&nbsp;<\/p>\n<p>\u0110ubrivo se primenjuje se u koli\u010dini od 3 \u2013 4 l\/ha za prihranu p\u0161enice, kukuruza i ostalih ratarskih useva kao i vo\u0107a, vinove loze i povrtarskih useva. Primenjuje se svim vrstama standardnih prskalica i atomizera uz upotrebu 600 \u2013 1.000 l\/ha vode za vo\u0107njake i vinograde i 200 \u2013 400 l\/ha vode za \u017eitarice, industrijsko bilje i povr\u0107e.<\/p>\n<p>&nbsp;<\/p>\n<p><strong>MultiGram\u00a0<\/strong>je dostupan u pakovanju od 10 litara<\/p>","protected":false},"excerpt":{"rendered":"<p><strong>MultiGram\u00a0<\/strong>(NP 12\/4 + 4% MgO + 6% SO<sub>3<\/sub>\u00a0+ 0,05% B + 0,25% Cu + 0,1% Mn + 0,1% Mo + 0,5% Zn + AA))<\/p>","protected":false},"featured_media":4240,"template":"","meta":[],"product_brand":[],"product_cat":[200,285],"product_tag":[],"class_list":{"0":"post-4210","1":"product","2":"type-product","3":"status-publish","4":"has-post-thumbnail","6":"product_cat-ishrana-bilja","7":"product_cat-tecna-djubriva","9":"first","10":"instock","11":"shipping-taxable","12":"product-type-simple"},"_links":{"self":[{"href":"https:\/\/agrarpetrovic.rs\/en\/wp-json\/wp\/v2\/product\/4210","targetHints":{"allow":["GET"]}}],"collection":[{"href":"https:\/\/agrarpetrovic.rs\/en\/wp-json\/wp\/v2\/product"}],"about":[{"href":"https:\/\/agrarpetrovic.rs\/en\/wp-json\/wp\/v2\/types\/product"}],"wp:featuredmedia":[{"embeddable":true,"href":"https:\/\/agrarpetrovic.rs\/en\/wp-json\/wp\/v2\/media\/4240"}],"wp:attachment":[{"href":"https:\/\/agrarpetrovic.rs\/en\/wp-json\/wp\/v2\/media?parent=4210"}],"wp:term":[{"taxonomy":"product_brand","embeddable":true,"href":"https:\/\/agrarpetrovic.rs\/en\/wp-json\/wp\/v2\/product_brand?post=4210"},{"taxonomy":"product_cat","embeddable":true,"href":"https:\/\/agrarpetrovic.rs\/en\/wp-json\/wp\/v2\/product_cat?post=4210"},{"taxonomy":"product_tag","embeddable":true,"href":"https:\/\/agrarpetrovic.rs\/en\/wp-json\/wp\/v2\/product_tag?post=4210"}],"curies":[{"name":"wp","href":"https:\/\/api.w.org\/{rel}","templated":true}]}}