{"id":4212,"date":"2023-07-13T16:08:40","date_gmt":"2023-07-13T14:08:40","guid":{"rendered":"https:\/\/agrarpetrovic.rs\/?post_type=product&#038;p=4212"},"modified":"2023-07-13T16:08:54","modified_gmt":"2023-07-13T14:08:54","slug":"fertileader-axis","status":"publish","type":"product","link":"https:\/\/agrarpetrovic.rs\/en\/proizvod\/fertileader-axis\/","title":{"rendered":"FERTILEADER AXIS"},"content":{"rendered":"<p><strong>Fertileader Axis<\/strong>\u00a0(NP 3\/18 + 2,5% Mn + 5,7% Zn + IPA + GB + AA)\u00a0je te\u010dno \u0111ubrivo sa nagla\u0161enim sadr\u017eajem fosfora, cinka i mangana. Svi makro i mikroelementi nalaze se u <a href=\"http:\/\/www.timacagro.rs\/inovacije\/inovacije\">Seactiv aminokiselinskom kompleksu<\/a>. Poma\u017ee gajenim kulturama da prevazi\u0111u stresne uslove \u2013 visoke ili niske temperature, nedostatak vlage, velika temperaturna kolebanja, vremenske nepogode i sl., koji se javljaju tokom vegetacije, naro\u010dito u ranim fazama rasta i razvoja.<\/p>\n<p>&nbsp;<\/p>\n<p>Podsti\u010de br\u017ei porast mladih biljaka kukuruza i obezbe\u0111uje ranije metli\u010denje dok kod vo\u0107nih vrsta ubrzava po\u010detni porast plodova i stimuli\u0161e stvaranje cvetnih pupoljaka.<\/p>\n<p>&nbsp;<\/p>\n<p>\u0110ubrivo se primenjuje svim vrstama standardnih prskalica i atomizera uz upotrebu 600 \u2013 1.000 l\/ha vode za vo\u0107njake i vinograde i 200 \u2013 400 l\/ha vode za \u017eitarice, industrijsko bilje, povr\u0107e i cve\u0107e.<\/p>\n<p>&nbsp;<\/p>\n<p><strong>Fertileader Axis<\/strong> dostupan je u pakovanjima od 5, 10 i 200 litara.<\/p>","protected":false},"excerpt":{"rendered":"<p><strong>Fertileader Axis<\/strong>\u00a0(NP 3\/18 + 2,5% Mn + 5,7% Zn + IPA + GB + AA)<\/p>","protected":false},"featured_media":4242,"template":"","meta":[],"product_brand":[],"product_cat":[200,285],"product_tag":[],"class_list":{"0":"post-4212","1":"product","2":"type-product","3":"status-publish","4":"has-post-thumbnail","6":"product_cat-ishrana-bilja","7":"product_cat-tecna-djubriva","9":"first","10":"instock","11":"shipping-taxable","12":"product-type-simple"},"_links":{"self":[{"href":"https:\/\/agrarpetrovic.rs\/en\/wp-json\/wp\/v2\/product\/4212","targetHints":{"allow":["GET"]}}],"collection":[{"href":"https:\/\/agrarpetrovic.rs\/en\/wp-json\/wp\/v2\/product"}],"about":[{"href":"https:\/\/agrarpetrovic.rs\/en\/wp-json\/wp\/v2\/types\/product"}],"wp:featuredmedia":[{"embeddable":true,"href":"https:\/\/agrarpetrovic.rs\/en\/wp-json\/wp\/v2\/media\/4242"}],"wp:attachment":[{"href":"https:\/\/agrarpetrovic.rs\/en\/wp-json\/wp\/v2\/media?parent=4212"}],"wp:term":[{"taxonomy":"product_brand","embeddable":true,"href":"https:\/\/agrarpetrovic.rs\/en\/wp-json\/wp\/v2\/product_brand?post=4212"},{"taxonomy":"product_cat","embeddable":true,"href":"https:\/\/agrarpetrovic.rs\/en\/wp-json\/wp\/v2\/product_cat?post=4212"},{"taxonomy":"product_tag","embeddable":true,"href":"https:\/\/agrarpetrovic.rs\/en\/wp-json\/wp\/v2\/product_tag?post=4212"}],"curies":[{"name":"wp","href":"https:\/\/api.w.org\/{rel}","templated":true}]}}