{"id":4214,"date":"2023-07-13T16:08:40","date_gmt":"2023-07-13T14:08:40","guid":{"rendered":"https:\/\/agrarpetrovic.rs\/?post_type=product&#038;p=4214"},"modified":"2025-10-23T11:54:32","modified_gmt":"2025-10-23T09:54:32","slug":"mont-trio-herbicid","status":"publish","type":"product","link":"https:\/\/agrarpetrovic.rs\/en\/proizvod\/mont-trio-herbicid\/","title":{"rendered":"Mont Trio &#8211; Herbicid"},"content":{"rendered":"<div class=\"span9\">\n<div class=\"product-details\">\n<p class=\"detail\"><strong>Klasa:<\/strong>Herbicid<\/p>\n<p class=\"detail\"><strong>Aktivna materija:<\/strong>S-Metolahlor 375 g\/l + Terbutilazin 125 g\/l + Mezotrion 37,5 g\/l<\/p>\n<p class=\"detail\"><strong>Formulacija:<\/strong>SE &#8211; suspoemulzija<\/p>\n<p class=\"detail\"><strong>Pakovanje:<\/strong>1 l<\/p>\n<p class=\"detail\"><strong>Proizvo\u0111a\u010d:<\/strong>Agromarket<\/p>\n<p class=\"detail\"><strong>Karenca:<\/strong>60 dana \u2013 sila\u017eni; OVP \u2013 merkantilni kukuruz<\/p>\n<p class=\"detail\"><strong>Plodored:<\/strong>ukoliko do\u0111e do preoravanja ili prevremenog skidanja useva, na istoj povr\u0161ini mo\u017ee se gajiti samo kukuruz. U jesen iste godine mogu se sejati strna \u017eita, a uljana repica uz prethodno duboko oranje. U prole\u0107e naredne godine nakon dubokog oranja mogu se sejati kukuruz, strna \u017eita, soja, suncokret i krompir. Dve godine nakon primene mogu se sejati \u0161e\u0107erna repa i sto\u010dna repa, gra\u0161ak, pasulj, spana\u0107<\/p>\n<p class=\"detail\"><strong>Radna Karenca:<\/strong>48 sati<\/p>\n<\/div>\n<div class=\"product-harvest\">\n<p class=\"detail\">Primena:<\/p>\n<table>\n<thead>\n<tr class=\"bg-4\">\n<th>USEV \/ ZASAD<\/th>\n<th>KOLI\u010cINA PRIMENE<\/th>\n<th>VREME PRIMENE<\/th>\n<\/tr>\n<\/thead>\n<tbody>\n<tr class=\"bg-sec-4\">\n<td class=\"bg-4\"><a href=\"https:\/\/www.agromarket.rs\/srb\/zastita-bilja\/programi-zastite\/1001\/Kukuruz\">Kukuruz (merkantilni i sila\u017eni)<\/a><\/td>\n<td>4,0 (40 ml na 100 m\u00b2) 3,5 (35 ml na 100 m\u00b2) + 0,05 % Trend 90 ili Imox<\/td>\n<td>Primena po setvi, a pre nicanja kukuruza (00 BBCH skale) i korovskih biljaka Primenjuje se u post-em tretmanu nakon nicanja kukuruza (faze 10-13 BBCH skale), i korova (kotiledoni do 2 do 4 lista)<\/td>\n<\/tr>\n<tr class=\"bg-sec-4\">\n<td class=\"bg-4\"><a href=\"https:\/\/www.agromarket.rs\/srb\/zastita-bilja\/programi-zastite\/1001\/Kukuruz\">Kukuruz (merkantilni i sila\u017eni)<\/a><\/td>\n<td>4,0 (40 ml na 100 m\u00b2) 3,5 (35 ml na 100 m\u00b2) + 0,05 % Trend 90 ili Imox<\/td>\n<td>Primena po setvi, a pre nicanja kukuruza (00 BBCH skale) i korovskih biljaka Primenjuje se u post-em tretmanu nakon nicanja kukuruza (faze 10-13 BBCH skale), i korova (kotiledoni do 2 do 4 lista)<\/td>\n<\/tr>\n<\/tbody>\n<\/table>\n<\/div>\n<div class=\"product-info\">\n<p>DELOVANJE: trojna kombinacija aktivnih materija koje se u ovom proizvodu me\u0111usobno dopunjuju u \u0161irini, ja\u010dini i du\u017eini delovanja na korove. S-metolahlor se apsorbuje korenom i mladicama, iinhibira deobu \u0107elija, a Terbutilazin inhibira proces fotosinteze (Fotosistem II). Aktivna materija Mezotrion usvaja se i folijarno i korenom, a u biljci se kre\u0107e i bazipetalno i akropetalno. Inhibira 4-hidroksifenil purivatdioksigenazu u procesu biosinteze karotenoida, odnosno spre\u010dava sintezu aminokiselina.<\/p>\n<p>SPEKTAR DELOVANJA<br \/>\nJEDNOGODI\u0160NJE \u0160IROKOLISNE KOROVSKE VRSTE: \u0161tir obi\u010dni (Amaranthus retroflexus), viju\u0161ac (Bilderdykia convolvulus), pepeljuga obi\u010dna (Chenopodium album), pepeljuga srcolisna (Ch. hybridum), tatula obi\u010dna (Datura stramonium), pti\u010dji dvornik (Polygonum aviculare), dvornik veliki (P. IapathifoIium), goru\u0161ica (Sinapis arvensis), pomo\u0107nica obi\u010dna (SoIanum nigrum), boca obi\u010dna (Xanthium strumarium); i jednogodi\u0161nje uskolisne korovske vrste: veliki muhar (Echinochloa crus-galli), muhar mali (Setaria glauca), divlji sirak iz semena (Sorghum halepense), teofrastova lipica (Abutilon teophrasti) i lubeni\u010darka njivska (Hibiscus trionum)<\/p>\n<p>PREPORUKE I NAPOMENE: proizvod izuzetne selektivnosti za sve hibride kukuruza. Dugotrajno rezidualno delovanje obezbe\u0111uje usev \u010distim do kraja sezone ukoliko nisu prisutni vi\u0161egodi\u0161nji korovi. Efikasno suzbija i travne i \u0161irokolisne korove, te me\u0161anje s drugim herbicidima nije potrebno Izbegavati primenu na lo\u0161e pripremljenim zemlji\u0161tima krupne strukture. Ne sme se koristiti na izrazito lakim, peskovitim zemlji\u0161tima (manje od 1% humusa), kra\u0161kim poljima i zemlji\u0161tima \u010dija je pH manja od 5,5. Preporu\u010duje se utro\u0161ak vode 200 &#8211; 400 l\/ha. Tretiranje iz vazduhoplova nije dozvoljeno.<\/p>\n<\/div>\n<\/div>","protected":false},"excerpt":{"rendered":"<p><strong>Klasa:<\/strong> Herbicid<\/p>\n<p><strong>Aktivna materija:<\/strong> S-Metolahlor 375 g\/l + Terbutilazin 125 g\/l + Mezotrion 37,5 g\/l<\/p>\n<p><strong>Formulacija:<\/strong> SE &#8211; suspoemulzija<\/p>\n<p><strong>Pakovanje:<\/strong> 1 l<\/p>\n<p><strong>Proizvo\u0111a\u010d:<\/strong> Agromarket<\/p>","protected":false},"featured_media":4244,"template":"","meta":[],"product_brand":[],"product_cat":[203,208,255,204,207,209],"product_tag":[702],"class_list":{"0":"post-4214","1":"product","2":"type-product","3":"status-publish","4":"has-post-thumbnail","6":"product_cat-herbicidi","7":"product_cat-herbicidi-protiv-sirokolisnih-korova","8":"product_cat-herbicidi-protiv-uskolisnih-korova","9":"product_cat-herbicidi-u-kukuruzu","10":"product_cat-post-em-po-nicanju-useva","11":"product_cat-pre-em-posle-setve-a-pre-nicanja-useva","12":"product_tag-s-metolahlor-375-g-l-terbutilazin-125-g-l-mezotrion-375-g-l","14":"first","15":"outofstock","16":"shipping-taxable","17":"purchasable","18":"product-type-simple"},"_links":{"self":[{"href":"https:\/\/agrarpetrovic.rs\/en\/wp-json\/wp\/v2\/product\/4214","targetHints":{"allow":["GET"]}}],"collection":[{"href":"https:\/\/agrarpetrovic.rs\/en\/wp-json\/wp\/v2\/product"}],"about":[{"href":"https:\/\/agrarpetrovic.rs\/en\/wp-json\/wp\/v2\/types\/product"}],"wp:featuredmedia":[{"embeddable":true,"href":"https:\/\/agrarpetrovic.rs\/en\/wp-json\/wp\/v2\/media\/4244"}],"wp:attachment":[{"href":"https:\/\/agrarpetrovic.rs\/en\/wp-json\/wp\/v2\/media?parent=4214"}],"wp:term":[{"taxonomy":"product_brand","embeddable":true,"href":"https:\/\/agrarpetrovic.rs\/en\/wp-json\/wp\/v2\/product_brand?post=4214"},{"taxonomy":"product_cat","embeddable":true,"href":"https:\/\/agrarpetrovic.rs\/en\/wp-json\/wp\/v2\/product_cat?post=4214"},{"taxonomy":"product_tag","embeddable":true,"href":"https:\/\/agrarpetrovic.rs\/en\/wp-json\/wp\/v2\/product_tag?post=4214"}],"curies":[{"name":"wp","href":"https:\/\/api.w.org\/{rel}","templated":true}]}}