{"id":4215,"date":"2023-07-13T16:08:40","date_gmt":"2023-07-13T14:08:40","guid":{"rendered":"https:\/\/agrarpetrovic.rs\/?post_type=product&#038;p=4215"},"modified":"2025-10-23T11:54:32","modified_gmt":"2025-10-23T09:54:32","slug":"motivel-extra-6-od-herbicid","status":"publish","type":"product","link":"https:\/\/agrarpetrovic.rs\/en\/proizvod\/motivel-extra-6-od-herbicid\/","title":{"rendered":"Motivel Extra 6 OD &#8211; Herbicid"},"content":{"rendered":"<div class=\"product-details\">\n<p class=\"detail\"><strong>Klasa:<\/strong>Selektivni, translokacioni herbicid za post-em primenu<\/p>\n<p class=\"detail\"><strong>Aktivna materija:<\/strong>Nikosulfuron 6% (60 g\/l)<\/p>\n<p class=\"detail\"><strong>Formulacija:<\/strong>OD &#8211; uljna suspenzija<\/p>\n<p class=\"detail\"><strong>Pakovanje:<\/strong>1 l<\/p>\n<p class=\"detail\"><strong>Proizvo\u0111a\u010d:<\/strong>ISK<\/p>\n<p class=\"detail\"><strong>Karenca:<\/strong>63 &#8211; merkantilni kukuruz; 35 &#8211; dana sila\u017eni kukuruz<\/p>\n<p class=\"detail\"><strong>Plodored:<\/strong>ozime \u017eitarice treba se mogu sejati nakon 4 meseca, jare strnine nakon 8 meseci do 10 meseci nakon primene mo\u017ee se sejati soja i pasulj, a 12 meseci lucerka, drugi usevi bez ograni\u010denja<\/p>\n<p class=\"detail\"><strong>MDK(mg\/kg):<\/strong>0,1<\/p>\n<\/div>\n<div class=\"product-harvest\">\n<p class=\"detail\">Primena:<\/p>\n<table>\n<thead>\n<tr class=\"bg-4\">\n<th>USEV \/ ZASAD<\/th>\n<th>KOLI\u010cINA PRIMENE<\/th>\n<th>VREME PRIMENE<\/th>\n<\/tr>\n<\/thead>\n<tbody>\n<tr class=\"bg-sec-4\">\n<td class=\"bg-4\"><a href=\"https:\/\/www.agromarket.rs\/srb\/zastita-bilja\/programi-zastite\/1001\/Kukuruz\">KUKURUZ ZA ZRNO I SILA\u017dU<\/a><\/td>\n<td>0,75 (l\/kg\/ha)<\/td>\n<td>Jednokratna primena za subijanje divljeg sirka iz rizoma i jednogodi\u0161njih travnih i \u0161irokolisnih korova, a kukuruz u fazi 3 do 6 listova (faze 12-16 BBCH skale).<\/td>\n<\/tr>\n<tr class=\"bg-sec-4\">\n<td class=\"bg-4\"><a href=\"https:\/\/www.agromarket.rs\/srb\/zastita-bilja\/programi-zastite\/1001\/Kukuruz\">KUKURUZ ZA ZRNO I SILA\u017dU<\/a><\/td>\n<td>0,5 + 0,25 (l\/kg\/ha)<\/td>\n<td>Dvokratna primena za suzbijanje uskolisnih i \u0161irokolisnih korova, I tretman kada je kukuruz u fazi razvoja 3 do 4 lista, a II tretman 7 do 10 dana kasnije<\/td>\n<\/tr>\n<\/tbody>\n<\/table>\n<\/div>\n<div class=\"product-info\">\n<p><strong>DELOVANJE:<\/strong><\/p>\n<p>Motivell EXTRA 6 OD je translokacioni herbicid iz grupe sulfonil-uree. Inhibira\u00a0aktivnost enzima acetolaktat sintetaze, klju\u010dnog enzima za biosintezu aminokiselina sa ra\u010dvastimbo\u010dnim\u00a0lancem (izoleucin, leucin, valin). Korovske biljke ga usvajaju kontaktno preko lisne mase, a\u00a0zatim se translocira do meristemskih tkiva. Nakon tretiranja, korovi prestaju sa rastom, a do\u00a0su\u0161enja dolazi u periodu 10 do 20 dana. Kod uskolisnih korova prvi simptomi su u vidu crvenila\u00a0listova, a zatim i \u017eu\u0107enja i su\u0161enja, dok kod \u0161irokolisnih, vr\u0161ni deo zadebljava, a zatim \u017eute i su\u0161e se.<\/p>\n<p><strong>SPEKTAR DELOVANJA:<\/strong><\/p>\n<ul>\n<li><strong>JEDNOGODI\u0160NJI USKOLISNI KOROVI:\u00a0<\/strong>proso korovsko (<em>Echinochloa crus-galli<\/em> ), muhar sivi (<em>Setaria glauca<\/em> ), divlji sirak iz semena (<em>Sorghum halepense<\/em> ).<\/li>\n<li><strong>VI\u0160EGODI\u0160NJI USKOLISNI KOROVI:<\/strong> divlji sirak iz rizoma (<em>Sorghum<\/em> <em>halepense<\/em> ).<\/li>\n<li><strong>\u0160IROKOLISNE JEDNOGODI\u0160NJE KOROVSKE VRSTE:<\/strong> Teofrastova lipica (<em>Abuthilon theophrasti<\/em> ), \u0161tir obi\u010dan (<em>Amaranthus retroflexus<\/em> ), loboda obi\u010dna (<em>Artiplex patula<\/em> ), pepeljuga obi\u010dna (<em>Chenopodium album<\/em> ), tatula (<em>Datura stramonium<\/em> ), bro\u0107, prilepa\u010da (<em>Galium aparine<\/em> ), lubeni\u010darka njivska (<em>Hibiscus trionum<\/em> ), mi\u0161jakinja (<em>Stellaria media<\/em> ).<\/li>\n<\/ul>\n<p><strong>PREPORUKE I NAPOMENA:<\/strong><\/p>\n<p><strong>OD formulacija preparata omogu\u0107ava bolju pokrovnost i br\u017ee usvajanje.<\/strong>\u00a0Ve\u0107 2 sata nakon tretmana ne mo\u017ee do\u0107i do spiranja ki\u0161om, \u0161to nam\u00a0omogu\u0107ava primenu herbicida i u slu\u010daju najavljenih padavina. Doza\u00a0primene preparata direktno zavisi od spektra korovskih biljka u usevu pa\u00a0tako za suzbijanje jednogodi\u0161njih uskolisnih i \u0161irokolisnih korovaiznosi\u00a00,4 do 0,5 l\/ha, a za vi\u0161egodi\u0161nje uskolisne 0,75 l\/ha. U cilju pro\u0161irenja\u00a0delovanja na \u0161irokolisne korove mo\u017ee se kombinovati sa preparatima\u00a0na\u00a0bazi dikambe (agroDimark), bentazona (Bentamark), florasulama+2,4 D\u00a0(Mustang), fluroksipira (Lodin), mezotriona (Callisto), a doza njihove\u00a0primene zavisi od spektra korovskih biljka injihove\u00a0pokrovnosti.\u00a0Izbegavati primenu ukoliko su kori\u0161\u0107eni zemlji\u0161ni ili folijarni organo fosforni\u00a0insekticidi. Maksimalna koli\u010dina te\u010dnosti 200 &#8211; 250 l\/ha.<\/p>\n<p><strong>MBT:<\/strong>\u00a0\u00a01 ili 2<\/p>\n<p><strong>\u00a0<\/strong><\/p>\n<\/div>","protected":false},"excerpt":{"rendered":"<p><strong>Klasa:<\/strong> Selektivni, translokacioni herbicid za post-em primenu<\/p>\n<p><strong>Aktivna materija:<\/strong> Nikosulfuron 6% (60 g\/l)<\/p>\n<p><strong>Formulacija:<\/strong> OD &#8211; uljna suspenzija<\/p>\n<p><strong>Pakovanje:<\/strong> 1 l<\/p>\n<p><strong>Proizvo\u0111a\u010d:<\/strong> ISK<\/p>","protected":false},"featured_media":4245,"template":"","meta":[],"product_brand":[],"product_cat":[203,255,204,207],"product_tag":[675],"class_list":{"0":"post-4215","1":"product","2":"type-product","3":"status-publish","4":"has-post-thumbnail","6":"product_cat-herbicidi","7":"product_cat-herbicidi-protiv-uskolisnih-korova","8":"product_cat-herbicidi-u-kukuruzu","9":"product_cat-post-em-po-nicanju-useva","10":"product_tag-nikosulfuron-60-g-l","12":"first","13":"outofstock","14":"shipping-taxable","15":"purchasable","16":"product-type-simple"},"_links":{"self":[{"href":"https:\/\/agrarpetrovic.rs\/en\/wp-json\/wp\/v2\/product\/4215","targetHints":{"allow":["GET"]}}],"collection":[{"href":"https:\/\/agrarpetrovic.rs\/en\/wp-json\/wp\/v2\/product"}],"about":[{"href":"https:\/\/agrarpetrovic.rs\/en\/wp-json\/wp\/v2\/types\/product"}],"wp:featuredmedia":[{"embeddable":true,"href":"https:\/\/agrarpetrovic.rs\/en\/wp-json\/wp\/v2\/media\/4245"}],"wp:attachment":[{"href":"https:\/\/agrarpetrovic.rs\/en\/wp-json\/wp\/v2\/media?parent=4215"}],"wp:term":[{"taxonomy":"product_brand","embeddable":true,"href":"https:\/\/agrarpetrovic.rs\/en\/wp-json\/wp\/v2\/product_brand?post=4215"},{"taxonomy":"product_cat","embeddable":true,"href":"https:\/\/agrarpetrovic.rs\/en\/wp-json\/wp\/v2\/product_cat?post=4215"},{"taxonomy":"product_tag","embeddable":true,"href":"https:\/\/agrarpetrovic.rs\/en\/wp-json\/wp\/v2\/product_tag?post=4215"}],"curies":[{"name":"wp","href":"https:\/\/api.w.org\/{rel}","templated":true}]}}