{"id":4216,"date":"2023-07-13T16:08:40","date_gmt":"2023-07-13T14:08:40","guid":{"rendered":"https:\/\/agrarpetrovic.rs\/?post_type=product&#038;p=4216"},"modified":"2023-07-13T16:08:59","modified_gmt":"2023-07-13T14:08:59","slug":"fertileader-vital","status":"publish","type":"product","link":"https:\/\/agrarpetrovic.rs\/en\/proizvod\/fertileader-vital\/","title":{"rendered":"FERTILEADER VITAL"},"content":{"rendered":"<p><strong>Fertileader Vital<\/strong>\u00a0(NPK 9\/5\/4 + 0,05% B + 0,02% Cu + 0,02% Fe + 0,1% Mn + 0,01% Mo + 0,05% Zn + IPA + GB + AA) je te\u010dno \u0111ubrivo koje pored azota, fosfora i kalijuma, sadr\u017ei i sve zna\u010dajne mikroelemente. Svi makro i mikroelementi se nalaze u\u00a0<a href=\"http:\/\/www.timacagro.rs\/inovacije\/inovacije\">Seactiv aminokiselinskom kompleksu.<\/a>\u00a0Poma\u017ee biljkama da prevazi\u0111u stresne uslove u tokom vegetacije \u2013 visoke ili niske temperature, nedostatak vlage, velika temperaturna kolebanja, vremenske nepogode, o\u0161te\u0107enja od insekata.<\/p>\n<p>&nbsp;<\/p>\n<p><strong>Fertileader Vital<\/strong>\u00a0obezbe\u0111uje kontinuirani porast plodova i razvoj biljaka, intenzivira stvaranje \u0161e\u0107era, skroba, ulja i drugih hranljivih materija i ubrzava njihov transport u zrno i ostale skladi\u0161ne organe biljaka. Primenjuje se u toku vegetacije za prihranu vo\u0107a, vinove loze i ratarskih i povrtarskih useva.<\/p>\n<p>&nbsp;<\/p>\n<p>\u0110ubrivo se primenjuje svim vrstama standardnih prskalica i atomizera uz upotrebu 600 \u2013 1.000 l\/ha vode za vo\u0107njake i vinograde i 200 \u2013 400 l\/ha vode za \u017eitarice, industrijsko bilje, povr\u0107e i cve\u0107e.<\/p>\n<p>&nbsp;<\/p>\n<p><strong>Fertileader Vital<\/strong>\u00a0dostupan je u pakovanjima od 1, 5, 10, 60 i 200 litara<\/p>","protected":false},"excerpt":{"rendered":"<p><strong>Fertileader Vital<\/strong>\u00a0(NPK 9\/5\/4 + 0,05% B + 0,02% Cu + 0,02% Fe + 0,1% Mn + 0,01% Mo + 0,05% Zn + IPA + GB + AA)<\/p>","protected":false},"featured_media":4246,"template":"","meta":[],"product_brand":[],"product_cat":[200,285],"product_tag":[],"class_list":{"0":"post-4216","1":"product","2":"type-product","3":"status-publish","4":"has-post-thumbnail","6":"product_cat-ishrana-bilja","7":"product_cat-tecna-djubriva","9":"first","10":"instock","11":"shipping-taxable","12":"product-type-simple"},"_links":{"self":[{"href":"https:\/\/agrarpetrovic.rs\/en\/wp-json\/wp\/v2\/product\/4216","targetHints":{"allow":["GET"]}}],"collection":[{"href":"https:\/\/agrarpetrovic.rs\/en\/wp-json\/wp\/v2\/product"}],"about":[{"href":"https:\/\/agrarpetrovic.rs\/en\/wp-json\/wp\/v2\/types\/product"}],"wp:featuredmedia":[{"embeddable":true,"href":"https:\/\/agrarpetrovic.rs\/en\/wp-json\/wp\/v2\/media\/4246"}],"wp:attachment":[{"href":"https:\/\/agrarpetrovic.rs\/en\/wp-json\/wp\/v2\/media?parent=4216"}],"wp:term":[{"taxonomy":"product_brand","embeddable":true,"href":"https:\/\/agrarpetrovic.rs\/en\/wp-json\/wp\/v2\/product_brand?post=4216"},{"taxonomy":"product_cat","embeddable":true,"href":"https:\/\/agrarpetrovic.rs\/en\/wp-json\/wp\/v2\/product_cat?post=4216"},{"taxonomy":"product_tag","embeddable":true,"href":"https:\/\/agrarpetrovic.rs\/en\/wp-json\/wp\/v2\/product_tag?post=4216"}],"curies":[{"name":"wp","href":"https:\/\/api.w.org\/{rel}","templated":true}]}}