{"id":4217,"date":"2023-07-13T16:08:41","date_gmt":"2023-07-13T14:08:41","guid":{"rendered":"https:\/\/agrarpetrovic.rs\/?post_type=product&#038;p=4217"},"modified":"2025-10-23T11:54:32","modified_gmt":"2025-10-23T09:54:32","slug":"mustang-herbicid","status":"publish","type":"product","link":"https:\/\/agrarpetrovic.rs\/en\/proizvod\/mustang-herbicid\/","title":{"rendered":"Mustang &#8211; Herbicid"},"content":{"rendered":"<div class=\"product-details\">\n<p class=\"detail\"><strong>Klasa:<\/strong>Herbicid<\/p>\n<p class=\"detail\"><strong>Aktivna materija:<\/strong>Florasulam 6,25 g\/l + 2,4- D-2-EHE 300 g\/l<\/p>\n<p class=\"detail\"><strong>Formulacija:<\/strong>SE &#8211; suspoemulzija<\/p>\n<p class=\"detail\"><strong>Pakovanje:<\/strong>500 ml, 1 l<\/p>\n<p class=\"detail\"><strong>Proizvo\u0111a\u010d:<\/strong>Dow AgroSciences<\/p>\n<p class=\"detail\"><strong>Karenca:<\/strong>OVP<\/p>\n<p class=\"detail\"><strong>Plodored:<\/strong> Bez ograni\u010denja<\/p>\n<\/div>\n<div class=\"product-harvest\">\n<p class=\"detail\">Primena:<\/p>\n<table>\n<thead>\n<tr class=\"bg-4\">\n<th>USEV \/ ZASAD<\/th>\n<th>KOLI\u010cINA PRIMENE<\/th>\n<th>VREME PRIMENE<\/th>\n<\/tr>\n<\/thead>\n<tbody>\n<tr class=\"bg-sec-4\">\n<td class=\"bg-4\"><a href=\"https:\/\/www.agromarket.rs\/srb\/zastita-bilja\/programi-zastite\/1001\/Kukuruz\">Kukuruz<\/a><\/td>\n<td>0,5 &#8211; 0,6 l\/ha<\/td>\n<td>Do faze 5 razvijenih listova kukuruza (BBCH 00-15)<\/td>\n<\/tr>\n<tr class=\"bg-sec-4\">\n<td class=\"bg-4\"><a href=\"https:\/\/www.agromarket.rs\/srb\/zastita-bilja\/programi-zastite\/1002\/Psenica\">P\u0161enica, je\u010dam<\/a><\/td>\n<td>0,5 &#8211; 0,6 l\/ha<\/td>\n<td>Od po\u010detka bokorenja do pojave drugog kolenca, kada su korovi u fazi intenzivnog porasta.<\/td>\n<\/tr>\n<\/tbody>\n<\/table>\n<\/div>\n<div class=\"product-info\">\n<p><strong>DELOVANJE:<\/strong><\/p>\n<p>Mustang se vrlo brzo se usvaja li\u0161\u0107em, \u0161iri do ta\u010daka rasta i tako za nekoliko sati zaustavlja dalji razvoj korova.<\/p>\n<p><strong>SPEKTAR DELOVANJA:<\/strong><\/p>\n<ul>\n<li><strong>JEDNOGODI\u0160NJI \u0160IROKOLISNI KOROVI:<\/strong><br \/>\nLepu\u0161a, bro\u0107ika, pepeljuga obi\u010dna (<em>Chenopodium album<\/em> ), kamilica (<em>Matricaria chamomilla<\/em> ), \u0161tir obi\u010dni (<em>Amaranthus retroflexus<\/em> ), \u0161tir bljutavi (<em>Amaranthus blitoides<\/em> ), prstenak poljski (<em>Anthemis arvensis<\/em> ), viju\u0161ac njivski (<em>Bilderdykia convolvulus<\/em> ), tar\u010du\u017eak obi\u010dni (<em>Capsella bursa-pastoris<\/em> ), \u0161avornjak obi\u010dni (<em>Consolida regalis<\/em> ), lanilist obi\u010dni (<em>Linaria vulgaris<\/em> ), bulka obi\u010dna (<em>Papaver rhoeas<\/em> ), rotkva divlja (<em>Raphanus raphanistrum<\/em> ), goru\u0161ica poljska (<em>Sinapis arvensis<\/em>), mi\u0161jakinja obi\u010dna (<em>Stellaria media<\/em> ), stisnu\u0161a kravlja (<em>Thlaspi arvense<\/em> ), \u010destoslavica (<em>Veronica persicae<\/em> ), mrtva kopriva (<em>Lamium purpureum<\/em> ), dimnja\u010da obi\u010dna (<em>Fumarium officinalis<\/em> ), tatula obi\u010dna (<em>Datura stramonium<\/em> ), ljubi\u010dica poljska (<em>Viola arvensis<\/em>), boca obi\u010dna (<em>Xantium strumarium<\/em> ), pomo\u0107nica obi\u010dna (<em>Solanum nigrum<\/em> ).<\/li>\n<li><strong>VI\u0160EGODI\u0160NJI \u0160IROKOLISNI KOROVI:<\/strong><br \/>\nPalamida njivska (<em>Cirsium arvense<\/em>), nana poljska (<em>Mentha arvensis<\/em> ), bokvica velika (<em>Plantago major<\/em>), masla\u010dak obi\u010dni (<em>Taraxacum officinale<\/em> ), gor\u010dika poljska (<em>Sonchus arvensis<\/em> ).<\/li>\n<\/ul>\n<p><strong>PREPORUKE I NAPOMENE:<\/strong><\/p>\n<p>rani tretmani p\u0161enice protiv korova donose uslove za optimalizovani\u00a0rast p\u0161enice i svakako ostvarenje vi\u0161ih prinosa. Mustang je jedini\u00a0preparat koji deluje istovremeno na bro\u0107iku i Mathricaria\u00a0spp. od nicanja do porasta 25 cm. Zbog fitotoksi\u010dnosti treba spre\u010diti\u00a0zano\u0161enje kapi na susedne useve. Tretirati po suvom, tihom i umereno\u00a0toplom vremenu, pri dnevnim temperaturama izme\u0111u 5 &#8211; 25\u00b0C, kada\u00a0ne postoji opasnost od no\u0107nih mrazeva. Na istoj povr\u0161ini u toku godine\u00a0mo\u017ee se primeniti samo jednom.<\/p>\n<\/div>","protected":false},"excerpt":{"rendered":"<p><strong>lasa:<\/strong> Herbicid<\/p>\n<p><strong>Aktivna materija:<\/strong> Florasulam 6,25 g\/l + 2,4- D-2-EHE 300 g\/l<\/p>\n<p><strong>Formulacija:<\/strong> SE &#8211; suspoemulzija<\/p>\n<p><strong>Pakovanje:<\/strong> 500 ml, 1 l<\/p>\n<p><strong>Proizvo\u0111a\u010d:<\/strong> Dow AgroSciences<\/p>","protected":false},"featured_media":4247,"template":"","meta":[],"product_brand":[],"product_cat":[203,206,208,204,207],"product_tag":[603],"class_list":{"0":"post-4217","1":"product","2":"type-product","3":"status-publish","4":"has-post-thumbnail","6":"product_cat-herbicidi","7":"product_cat-herbicidi-protiv-sirokolisnih-korova-u-psenici","8":"product_cat-herbicidi-protiv-sirokolisnih-korova","9":"product_cat-herbicidi-u-kukuruzu","10":"product_cat-post-em-po-nicanju-useva","11":"product_tag-florasulam-625-g-l-24-d-2-ehe-300-g","13":"first","14":"outofstock","15":"shipping-taxable","16":"purchasable","17":"product-type-simple"},"_links":{"self":[{"href":"https:\/\/agrarpetrovic.rs\/en\/wp-json\/wp\/v2\/product\/4217","targetHints":{"allow":["GET"]}}],"collection":[{"href":"https:\/\/agrarpetrovic.rs\/en\/wp-json\/wp\/v2\/product"}],"about":[{"href":"https:\/\/agrarpetrovic.rs\/en\/wp-json\/wp\/v2\/types\/product"}],"wp:featuredmedia":[{"embeddable":true,"href":"https:\/\/agrarpetrovic.rs\/en\/wp-json\/wp\/v2\/media\/4247"}],"wp:attachment":[{"href":"https:\/\/agrarpetrovic.rs\/en\/wp-json\/wp\/v2\/media?parent=4217"}],"wp:term":[{"taxonomy":"product_brand","embeddable":true,"href":"https:\/\/agrarpetrovic.rs\/en\/wp-json\/wp\/v2\/product_brand?post=4217"},{"taxonomy":"product_cat","embeddable":true,"href":"https:\/\/agrarpetrovic.rs\/en\/wp-json\/wp\/v2\/product_cat?post=4217"},{"taxonomy":"product_tag","embeddable":true,"href":"https:\/\/agrarpetrovic.rs\/en\/wp-json\/wp\/v2\/product_tag?post=4217"}],"curies":[{"name":"wp","href":"https:\/\/api.w.org\/{rel}","templated":true}]}}