{"id":4218,"date":"2023-07-13T16:08:41","date_gmt":"2023-07-13T14:08:41","guid":{"rendered":"https:\/\/agrarpetrovic.rs\/?post_type=product&#038;p=4218"},"modified":"2023-07-13T16:09:01","modified_gmt":"2023-07-13T14:09:01","slug":"palas-75-wg-herbicid","status":"publish","type":"product","link":"https:\/\/agrarpetrovic.rs\/en\/proizvod\/palas-75-wg-herbicid\/","title":{"rendered":"Palas 75 WG &#8211; Herbicid"},"content":{"rendered":"<div class=\"span9\">\n<div class=\"product-details\">\n<p class=\"detail\"><strong>Klasa:<\/strong>Herbicid<\/p>\n<p class=\"detail\"><strong>Aktivna materija:<\/strong>Piroksulam 75 g\/kg<\/p>\n<p class=\"detail\"><strong>Formulacija:<\/strong>WG \u2013 vodorastvoprljive granule<\/p>\n<p class=\"detail\"><strong>Pakovanje:<\/strong>0,25 kg<\/p>\n<p class=\"detail\"><strong>Proizvo\u0111a\u010d:<\/strong>Dow AgroSciences<\/p>\n<p class=\"detail\"><strong>Karenca:<\/strong>OVP<\/p>\n<p class=\"detail\"><strong>Plodored:<\/strong>u normalnim uslovima setve i uobi\u010dajene plodosmene nema ograni\u010denja za useve koji se mogu sejati nakon primene preparata Pallas 75 WG, ako se koristi saglasno uputstvu. U slu\u010daju propadanja useva tretiranog preparatom, mo\u017ee se sejati p\u0161enica, ra\u017e ili tritikale najmanje mesec dana nakon primene uz obavezno zaoravanje.<\/p>\n<p class=\"detail\"><strong>MDK(mg\/kg):<\/strong>0,1<\/p>\n<p class=\"detail\"><strong>Radna Karenca:<\/strong>obezbe\u0111ena su\u0161enjem depozita (6 sati)<\/p>\n<\/div>\n<div class=\"product-harvest\">\n<p class=\"detail\">Primena:<\/p>\n<table>\n<thead>\n<tr class=\"bg-4\">\n<th>USEV \/ ZASAD<\/th>\n<th>KOLI\u010cINA PRIMENE<\/th>\n<th>VREME PRIMENE<\/th>\n<\/tr>\n<\/thead>\n<tbody>\n<tr class=\"bg-sec-4\">\n<td class=\"bg-4\"><a href=\"https:\/\/www.agromarket.rs\/srb\/zastita-bilja\/programi-zastite\/1029\/Borovnica-i-aronija\">P\u0161enica, ra\u017e, triticale<\/a><\/td>\n<td>0,25 + 0,5 okva\u0161iva\u010da Pallas Adjuvant<\/td>\n<td>Primeniti kad je p\u0161enica od kraja bokorenja do drugog kolenca (faze 28-32 BBCH skale). Optimalno suzbijanje travnih korova je u fazi 3-4 lista a \u0161irokolisnih korova u fazi 6-8 listova.<\/td>\n<\/tr>\n<\/tbody>\n<\/table>\n<\/div>\n<div class=\"product-info\">\n<p><strong>DELOVANJE:<\/strong><\/p>\n<p>Aktivna materija Piroksulam pripada grupi <em>Triazolopirimidina<\/em>. Uglavnom se usvaja i deluje preko lista, ali\u00a0poseduje i kratkotrajno zemlji\u0161no delovanje na novoiznikle korove. Translocira i spre\u010dava acetolaktat sintetazu.<\/p>\n<p><strong>SPEKTAR DELOVANJA:<\/strong><\/p>\n<p>Uskolisne korovske vrste:\u00a0divlji ovas (<em>Avena fatua<\/em>), veliki muhar (Echinochloa cruss-galli), sivi muhar (Setaria glauca), pirevina\u00a0(Agropyrum repens), francuski ljulj (Lolium perene). Jednogodi\u0161nje i vi\u0161egodi\u0161nje \u0161irokolisne korovske vrste:\u00a0kukolj (Agrostema githago), viju\u0161ac (Bilderdykia convolvulus), \u017eavornjak (Consolida regalis),\u00a0samonikli suncokret (Helianthus annuus), mrtva kopriva (Lamium amplexicaule), goru\u0161ica (Sinapisarvensis), mi\u0161jakinja (Stellaria media), kravlja stisnu\u0161a (Thlaspi arvense), br\u0161ljenasta \u010destoslavica\u00a0(Veronica hederaefolia), persijska \u010destoslavica (Veronica persica), poljska ljubi\u010dica (Viola arvensis),\u00a0devoja\u010dka trava (Capsella bursa-pastoris), bro\u0107ika lepu\u0161a (Galium aparine), \u017eeravac (Geranium\u00a0molle), velika mrtva kopriva (Lamium purpureum), bezmirisna kamilica (Matricaria inodora), veliki\u00a0dvornik (Polygonum lapathifolium), palamida (Cirsuim arvense), poponac (Convolvulus arvensis),divlja salata (Lactuca seriola), bulka (Papaver rhoeas), pti\u010dji dvornik (Polygonum aviculare).<\/p>\n<p><strong>PREPORUKE I NAPOMENE:<\/strong><\/p>\n<p>Pallas 75 WG se koristi u p\u0161enici ali ne i u Triticum durum tzv. tvrdim p\u0161enicama. Preparat\u00a0Pallas 75 WG se me\u0161a sa preparatima na bazi 2,4D 2-EH i Florasulama, kao i sa ve\u0107inom\u00a0herbicida, fungicida, insekticida i te\u010dnih azotnih \u0111ubriva. Me\u0161anje preparata Pallas 75 WG sa\u00a0drugim herbicidima iz grupe ALS-inhibitora je dozvoljeno radi pro\u0161irenja spektra delovanja\u00a0samo na \u0161irokolisne korove. Ne primenjivati druge travne herbicide iz grupe ALS-inhibitora\u00a0nakon primene preparata. Ne sme se me\u0161ati sa regulatorima rasta biljaka i insekticidima\u00a0na bazi organofosfata. Optimana temperatura primene je izme\u0111u 8 &#8211; 25 \u00b0C mada se\u00a0tretiranje mo\u017ee izvesti i pri temperaturi ni\u017eoj od 5\u00b0C. Suzbijanje korova traje du\u017ee pri ni\u017eim\u00a0temparaturama ali nema uticaja na krajnji efekat. Izbegavati primenu pri temperaturama\u00a0ispod 5\u00b0C ili kad su no\u0107ne temparature ispod smrzavanja. Preparat je otporan na spiranje\u00a0ki\u0161om 1 sat nakon primene. Pallas 75 WG se uvek primenjuje zajedno sa Pallas adjuvant\u00a0okva\u0161iva\u010dem (99% polimer &#8211; poliglikoletar) koji je jedinstven, visoko efikasan okva\u0161iva\u010d, koji\u00a0obezbe\u0111uje potpuno i temeljno me\u0161anje preparata u rastvoru za prskanje. Ovakva primena\u00a0obezbe\u0111uje pobolj\u0161ano rasprostiranje kapljica, \u010dime se uve\u0107ava depozicija te\u010dnosti za\u00a0prskanje na povr\u0161inu lista, pobolj\u0161ana prijem\u010divost preparata na povr\u0161ini lista i \u010dime se osigurana otpornost na spiranje, zatim pobolj\u0161ano prodiranje i usvajanje preparata u biljku,\u00a0\u0161to ima za cilj postizanje najboljih rezultata \u010dak i u nepovoljnim uslovima.<\/p>\n<\/div>\n<\/div>","protected":false},"excerpt":{"rendered":"<div class=\"span8 product-details\">\n<p><strong>Klasa:<\/strong> Herbicid<\/p>\n<p><strong>Aktivna materija:<\/strong> Piroksulam 75 g\/kg<\/p>\n<p><strong>Formulacija:<\/strong> WG \u2013 vodorastvoprljive granule<\/p>\n<p><strong>Pakovanje:<\/strong> 0,25 kg<\/p>\n<p><strong>Proizvo\u0111a\u010d:<\/strong> Dow AgroSciences<\/p>\n<\/div>","protected":false},"featured_media":4248,"template":"","meta":[],"product_brand":[],"product_cat":[203,259,205],"product_tag":[],"class_list":{"0":"post-4218","1":"product","2":"type-product","3":"status-publish","4":"has-post-thumbnail","6":"product_cat-herbicidi","7":"product_cat-herbicidi-protiv-uskolisnih-korova-u-psenici","8":"product_cat-herbicidi-u-psenici","10":"first","11":"instock","12":"shipping-taxable","13":"product-type-simple"},"_links":{"self":[{"href":"https:\/\/agrarpetrovic.rs\/en\/wp-json\/wp\/v2\/product\/4218","targetHints":{"allow":["GET"]}}],"collection":[{"href":"https:\/\/agrarpetrovic.rs\/en\/wp-json\/wp\/v2\/product"}],"about":[{"href":"https:\/\/agrarpetrovic.rs\/en\/wp-json\/wp\/v2\/types\/product"}],"wp:featuredmedia":[{"embeddable":true,"href":"https:\/\/agrarpetrovic.rs\/en\/wp-json\/wp\/v2\/media\/4248"}],"wp:attachment":[{"href":"https:\/\/agrarpetrovic.rs\/en\/wp-json\/wp\/v2\/media?parent=4218"}],"wp:term":[{"taxonomy":"product_brand","embeddable":true,"href":"https:\/\/agrarpetrovic.rs\/en\/wp-json\/wp\/v2\/product_brand?post=4218"},{"taxonomy":"product_cat","embeddable":true,"href":"https:\/\/agrarpetrovic.rs\/en\/wp-json\/wp\/v2\/product_cat?post=4218"},{"taxonomy":"product_tag","embeddable":true,"href":"https:\/\/agrarpetrovic.rs\/en\/wp-json\/wp\/v2\/product_tag?post=4218"}],"curies":[{"name":"wp","href":"https:\/\/api.w.org\/{rel}","templated":true}]}}