{"id":4220,"date":"2023-07-13T16:08:41","date_gmt":"2023-07-13T14:08:41","guid":{"rendered":"https:\/\/agrarpetrovic.rs\/?post_type=product&#038;p=4220"},"modified":"2025-10-23T11:54:33","modified_gmt":"2025-10-23T09:54:33","slug":"pendistop-herbicid","status":"publish","type":"product","link":"https:\/\/agrarpetrovic.rs\/en\/proizvod\/pendistop-herbicid\/","title":{"rendered":"Pendistop &#8211; Herbicid"},"content":{"rendered":"<div class=\"product-details\">\n<p class=\"detail\"><strong>Klasa:<\/strong>Herbicid<\/p>\n<p class=\"detail\"><strong>Aktivna materija:<\/strong>Pendimetalin 330 g\/l<\/p>\n<p class=\"detail\"><strong>Formulacija:<\/strong>EC &#8211; koncentrat za emulziju<\/p>\n<p class=\"detail\"><strong>Pakovanje:<\/strong>1 l<\/p>\n<p class=\"detail\"><strong>Proizvo\u0111a\u010d:<\/strong>Agromarket<\/p>\n<p class=\"detail\"><strong>Karenca:<\/strong>42 &#8211; paradajz, 63 &#8211; luk, krompir, kupus, paprika, OVP &#8211; ostalo<\/p>\n<p class=\"detail\"><strong>Plodored:<\/strong>Bez ograni\u010denja<\/p>\n<p class=\"detail\"><strong>MDK(mg\/kg):<\/strong>0,05 &#8211; kukuruz, krompir<\/p>\n<\/div>\n<div class=\"product-harvest\">\n<p class=\"detail\">Primena:<\/p>\n<table>\n<thead>\n<tr class=\"bg-4\">\n<th>USEV \/ ZASAD<\/th>\n<th>KOLI\u010cINA PRIMENE<\/th>\n<th>VREME PRIMENE<\/th>\n<\/tr>\n<\/thead>\n<tbody>\n<tr class=\"bg-sec-4\">\n<td class=\"bg-4\"><a href=\"https:\/\/www.agromarket.rs\/srb\/zastita-bilja\/programi-zastite\/1009\/Krompir\">Krompir<\/a><\/td>\n<td>4,0 &#8211; 6,0 l\/ha<\/td>\n<td>Posle sadnje a pre nicanja useva i korova<\/td>\n<\/tr>\n<tr class=\"bg-sec-4\">\n<td class=\"bg-4\"><a href=\"https:\/\/www.agromarket.rs\/srb\/zastita-bilja\/programi-zastite\/1001\/Kukuruz\">Kukuruz<\/a><\/td>\n<td>4,0 &#8211; 6,0 l\/ha<\/td>\n<td>Posle setve a pre nicanja useva i korova<\/td>\n<\/tr>\n<\/tbody>\n<\/table>\n<\/div>\n<div class=\"product-info\">\n<p><strong>DELOVANJE:<\/strong><\/p>\n<p>Pendistop se usvaja korenom i li\u0161\u0107em biljaka koje klijaju i ni\u010du. Spre\u010dava obrazovanje mikrotubula. Obrazuje herbicidni film koji spre\u010dava klijanje i nicanje korova.<\/p>\n<p><strong>SPEKTAR DELOVANJA:<\/strong><\/p>\n<ul>\n<li><strong>JEDNOGODI\u0160NJI USKOLISNI KOROVI<\/strong>:\u00a0veliki muhar (<em>Echinochloa crus-galli<\/em> ), muharike (<em>Setaria spp<\/em> .), svra\u010dica crvena (<em>Digitaria sanguinalis<\/em> ).<\/li>\n<li><strong>JEDNOGODI\u0160NJI \u0160IROKOLISNI KOROVI:<\/strong>\u00a0\u0161tir (<em>Amaranthus retroflexus<\/em> ), palamida njivska iz semena (<em>Cirsium arvense<\/em> ), pepeljuga obi\u010dna (<em>Chenopodium album<\/em> ), konica obi\u010dna (<em>Galinsoga parviflora<\/em> ), bro\u0107ika lepu\u0161a (<em>Galium aparine<\/em> ), tu\u0161t obi\u010dni (<em>Portulaca oleracea<\/em> ), ljuti\u0107i (<em>Ranunculus spp .<\/em>), goru\u0161ica poljska (<em>Sinapis arvensis<\/em> ) \u010distac obi\u010dni <em>(Stachis annua<\/em> ), \u010destoslavica persijska (<em>Veronica persica<\/em>).<\/li>\n<\/ul>\n<p><strong>VRSTE KOROVA KOJE SUZBIJA ZADOVOLJAVAJU\u0106E:<\/strong><\/p>\n<ul>\n<li><strong>JEDNOGODI\u0160NJI TRAVNI KOROVI:<\/strong>\u00a0mi\u0161ji repak <em>(Alopecurus myosuroides<\/em> ), str\u0161ac obi\u010dni (<em>Apera spica-venti<\/em> ).<\/li>\n<li><strong>JEDNOGODI\u0160NJI \u0160IROKOLISNI KOROVI:<\/strong>\u00a0loboda obi\u010dna (<em>Atriplex patul<\/em>a ), \u0161ilj (<em>Cyperus rotundus<\/em> ), lubeni\u010darka njivska (<em>Hibiscus trionum<\/em> ), kamilica <em>(Matricaria spp<\/em> .), bulka obi\u010dna (<em>Papaver rhoeas<\/em> ), dvornici (<em>Polygonum spp<\/em> .), gor\u010dika obi\u010dna (<em>Sonchus oleraceus<\/em> ), mi\u0161jakinja obi\u010dna (<em>Stellaria media<\/em> ), stisnu\u0161a kravlja (<em>Thlaspi arvense<\/em> ).<\/li>\n<\/ul>\n<p><strong>PREPORUKE I NAPOMENE:\u00a0<\/strong><\/p>\n<p><strong>izuzetno \u0161iroka mogu\u0107nost primene selektivnog herbicida u brojnim\u00a0ratarskim i povrtarskim usevima.<\/strong> Ne sme se primenjivati na slabo humusnim\u00a0zemlji\u0161tima (&lt; 1% humusa); na povr\u0161inama za proizvodnju mladog\u00a0luka za salatu, luka iz presadnica, ranih sorti paprike, korenastog\u00a0povr\u0107a; u staklenicima i plastenicima. U uslovima ekstremne su\u0161e\u00a0mo\u017ee izazvati o\u0161te\u0107enja \u0161e\u0107erne repe kao narednog useva. U slu\u010daju\u00a0preoravanja ili prevremenog skidanja useva, na tretiranim povr\u0161inama\u00a0mo\u017ee se sejati samo kukuruz, a nakon tri meseca i ostali usevi za\u00a0koje je registrovan.<\/p>\n<p><strong>MBT:<\/strong> 1<\/p>\n<\/div>","protected":false},"excerpt":{"rendered":"<p><strong>Klasa:<\/strong> Herbicid<\/p>\n<p><strong>Aktivna materija:<\/strong> Pendimetalin 330 g\/l<\/p>\n<p><strong>Formulacija:<\/strong> EC &#8211; koncentrat za emulziju<\/p>\n<p><strong>Pakovanje:<\/strong> 1 l<\/p>\n<p><strong>Proizvo\u0111a\u010d:<\/strong> Agromarket<\/p>","protected":false},"featured_media":4266,"template":"","meta":[],"product_brand":[],"product_cat":[203,269,204,268,209],"product_tag":[679],"class_list":{"0":"post-4220","1":"product","2":"type-product","3":"status-publish","4":"has-post-thumbnail","6":"product_cat-herbicidi","7":"product_cat-herbicidi-pre-sadnje","8":"product_cat-herbicidi-u-kukuruzu","9":"product_cat-herbicidi-u-povrcu","10":"product_cat-pre-em-posle-setve-a-pre-nicanja-useva","11":"product_tag-pendimetalin-330-g-l","13":"first","14":"outofstock","15":"shipping-taxable","16":"purchasable","17":"product-type-simple"},"_links":{"self":[{"href":"https:\/\/agrarpetrovic.rs\/en\/wp-json\/wp\/v2\/product\/4220","targetHints":{"allow":["GET"]}}],"collection":[{"href":"https:\/\/agrarpetrovic.rs\/en\/wp-json\/wp\/v2\/product"}],"about":[{"href":"https:\/\/agrarpetrovic.rs\/en\/wp-json\/wp\/v2\/types\/product"}],"wp:featuredmedia":[{"embeddable":true,"href":"https:\/\/agrarpetrovic.rs\/en\/wp-json\/wp\/v2\/media\/4266"}],"wp:attachment":[{"href":"https:\/\/agrarpetrovic.rs\/en\/wp-json\/wp\/v2\/media?parent=4220"}],"wp:term":[{"taxonomy":"product_brand","embeddable":true,"href":"https:\/\/agrarpetrovic.rs\/en\/wp-json\/wp\/v2\/product_brand?post=4220"},{"taxonomy":"product_cat","embeddable":true,"href":"https:\/\/agrarpetrovic.rs\/en\/wp-json\/wp\/v2\/product_cat?post=4220"},{"taxonomy":"product_tag","embeddable":true,"href":"https:\/\/agrarpetrovic.rs\/en\/wp-json\/wp\/v2\/product_tag?post=4220"}],"curies":[{"name":"wp","href":"https:\/\/api.w.org\/{rel}","templated":true}]}}