{"id":4222,"date":"2023-07-13T16:08:41","date_gmt":"2023-07-13T14:08:41","guid":{"rendered":"https:\/\/agrarpetrovic.rs\/?post_type=product&#038;p=4222"},"modified":"2023-07-13T16:09:10","modified_gmt":"2023-07-13T14:09:10","slug":"piralis-herbicid","status":"publish","type":"product","link":"https:\/\/agrarpetrovic.rs\/en\/proizvod\/piralis-herbicid\/","title":{"rendered":"Piralis &#8211; Herbicid"},"content":{"rendered":"<div class=\"product-details\">\n<p class=\"detail\"><strong>Klasa:<\/strong>Herbicid<\/p>\n<p class=\"detail\"><strong>Aktivna materija:<\/strong>Klopiralid 100 g\/l<\/p>\n<p class=\"detail\"><strong>Formulacija:<\/strong>SL &#8211; koncentrovani rastvor<\/p>\n<p class=\"detail\"><strong>Pakovanje:<\/strong>300 ml, 1 l<\/p>\n<p class=\"detail\"><strong>Proizvo\u0111a\u010d:<\/strong>Agromarket<\/p>\n<p class=\"detail\"><strong>Karenca:<\/strong>OVP<\/p>\n<p class=\"detail\"><strong>Plodored:<\/strong>na tretiranim povr\u0161inama, u jesen iste godine i u prole\u0107e naredne, ne sme se sejati lucerka, salata, gra\u0161ak i mrkva.<\/p>\n<p class=\"detail\"><strong>MDK(mg\/kg):<\/strong>0,1 &#8211; \u0161e\u0107erna repa, 0,5 uljana repica<\/p>\n<\/div>\n<div class=\"product-harvest\">\n<p class=\"detail\">Primena:<\/p>\n<table>\n<thead>\n<tr class=\"bg-4\">\n<th>USEV \/ ZASAD<\/th>\n<th>KOLI\u010cINA PRIMENE<\/th>\n<th>VREME PRIMENE<\/th>\n<\/tr>\n<\/thead>\n<tbody>\n<tr class=\"bg-sec-4\">\n<td class=\"bg-4\"><a href=\"https:\/\/www.agromarket.rs\/srb\/zastita-bilja\/programi-zastite\/1004\/Secerna-repa\">\u0160e\u0107erna repa<\/a><\/td>\n<td>0,6 &#8211; 1,2 l\/ha<\/td>\n<td>Po nicanju useva \u0161e\u0107erne repe<\/td>\n<\/tr>\n<tr class=\"bg-sec-4\">\n<td class=\"bg-4\"><a href=\"https:\/\/www.agromarket.rs\/srb\/zastita-bilja\/programi-zastite\/1006\/Uljana-repica\">Uljana repica<\/a><\/td>\n<td>0, 6-1, 0 l\/ha (6-10 ml na 100 m\u00b2)<\/td>\n<td>&#8211; u odnosu na usev &#8211; posle nicanja, kada je usev od faze 2 lista pa do visine 10-15 cm(od faze 12-14 BBCH skale); &#8211; u odnosu na korove &#8211; palamida, od faze rozete do visine 10-15 cm; kamilica, u fazi 4-6 listova; ostali korovi u fazi 2-6 listova.<\/td>\n<\/tr>\n<\/tbody>\n<\/table>\n<\/div>\n<div class=\"product-info\">\n<p><strong>DELOVANJE:\u00a0<\/strong>Piralis se usvaja li\u0161\u0107em i korenom, kre\u0107e se navi\u0161e i nani\u017ee u biljci. Nakuplja se u meristemskim tkivima i uti\u010de na procese izdu\u017eivanja i disanja \u0107elija \u0161to dovodi do nekroze tkiva biljke.<\/p>\n<p><strong>SPEKTAR DELOVANJA:<\/strong><\/p>\n<ul>\n<li><strong>JEDNOGODI\u0160NJI \u0160IROKOLISNI KOROVI:<\/strong> Pelenasta ambrozija (<em>Ambrosia artemisifolia<\/em> ), prstenak poljski (<em>Anthemis arvensis<\/em> ), smrdu\u0161a (<em>Bifora radians<\/em> ), gor\u010dika (<em>Sonchus oleraceus<\/em> ), tar\u010du\u017eak <em>(Capsella bursa-pastoris<\/em> ), tatula (<em>Datura stramonium<\/em> ), samonikli suncokret (<em>Helianthus annuus<\/em> ), krstica obi\u010dna (<em>Senecio vulgari<\/em>s ), viju\u0161ac njivski (<em>Bilderdykia convolvulus<\/em> ), kere\u0107e gro\u017e\u0111e (<em>Solanum nigrum<\/em> ), \u010di\u010dak (<em>Xanthium strumarium<\/em> ).<\/li>\n<li><strong>VI\u0160EGODI\u0160NJI \u0160IROKOLISNI KOROVI:<\/strong>\u00a0palamida njivska (<em>Cirsium arvense<\/em> ).<\/li>\n<\/ul>\n<p><strong>PREPORUKE I NAPOMENE:\u00a0<\/strong><\/p>\n<p><strong>visokoefikasan na palamidu.<\/strong> Tretiranje izvesti kada je palamida od faze\u00a0rozete do visine 10 do 15 cm, kamilica u fazi razvoja 4 do 6 listova,\u00a0ostali korovi u fazi 2 do 6 listova. Spre\u010diti zano\u0161enje kapi na susedne\u00a0parcele pod suncokretom.<\/p>\n<p><strong>MBT:<\/strong> 1<\/p>\n<\/div>","protected":false},"excerpt":{"rendered":"<div class=\"span8 product-details\">\n<p><strong>Klasa:<\/strong> Herbicid<\/p>\n<p><strong>Aktivna materija:<\/strong> Klopiralid 100 g\/l<\/p>\n<p><strong>Formulacija:<\/strong> SL &#8211; koncentrovani rastvor<\/p>\n<p><strong>Pakovanje:<\/strong> 300 ml, 1 l<\/p>\n<p><strong>Proizvo\u0111a\u010d:<\/strong> Agromarket<\/p>\n<\/div>","protected":false},"featured_media":4268,"template":"","meta":[],"product_brand":[],"product_cat":[203,288,280,210,286,262,287],"product_tag":[],"class_list":{"0":"post-4222","1":"product","2":"type-product","3":"status-publish","4":"has-post-thumbnail","6":"product_cat-herbicidi","7":"product_cat-herbicidi-protiv-sirokolisnih-korova-u-uljanoj-repici","8":"product_cat-herbicidi-protiv-sirokolisnih-korova-u-secernoj-repi","9":"product_cat-herbicidi-u-secernoj-repi","10":"product_cat-herbicidi-u-uljanoj-repici","11":"product_cat-post-em-po-nicanju-useva-u-secernoj-repi","12":"product_cat-post-em-po-nicanju-useva-u-uljanoj-repici","14":"first","15":"instock","16":"shipping-taxable","17":"product-type-simple"},"_links":{"self":[{"href":"https:\/\/agrarpetrovic.rs\/en\/wp-json\/wp\/v2\/product\/4222","targetHints":{"allow":["GET"]}}],"collection":[{"href":"https:\/\/agrarpetrovic.rs\/en\/wp-json\/wp\/v2\/product"}],"about":[{"href":"https:\/\/agrarpetrovic.rs\/en\/wp-json\/wp\/v2\/types\/product"}],"wp:featuredmedia":[{"embeddable":true,"href":"https:\/\/agrarpetrovic.rs\/en\/wp-json\/wp\/v2\/media\/4268"}],"wp:attachment":[{"href":"https:\/\/agrarpetrovic.rs\/en\/wp-json\/wp\/v2\/media?parent=4222"}],"wp:term":[{"taxonomy":"product_brand","embeddable":true,"href":"https:\/\/agrarpetrovic.rs\/en\/wp-json\/wp\/v2\/product_brand?post=4222"},{"taxonomy":"product_cat","embeddable":true,"href":"https:\/\/agrarpetrovic.rs\/en\/wp-json\/wp\/v2\/product_cat?post=4222"},{"taxonomy":"product_tag","embeddable":true,"href":"https:\/\/agrarpetrovic.rs\/en\/wp-json\/wp\/v2\/product_tag?post=4222"}],"curies":[{"name":"wp","href":"https:\/\/api.w.org\/{rel}","templated":true}]}}