{"id":4223,"date":"2023-07-13T16:08:41","date_gmt":"2023-07-13T14:08:41","guid":{"rendered":"https:\/\/agrarpetrovic.rs\/?post_type=product&#038;p=4223"},"modified":"2025-10-23T11:54:33","modified_gmt":"2025-10-23T09:54:33","slug":"rimex-herbicid","status":"publish","type":"product","link":"https:\/\/agrarpetrovic.rs\/en\/proizvod\/rimex-herbicid\/","title":{"rendered":"Rimex &#8211; Herbicid"},"content":{"rendered":"<div class=\"product-details\">\n<div class=\"product-harvest\">\n<h4 class=\"detail\"><strong>Primena:<\/strong><\/h4>\n<table>\n<thead>\n<tr class=\"bg-4\">\n<th>USEV \/ ZASAD<\/th>\n<th>KOLI\u010cINA PRIMENE<\/th>\n<th>VREME PRIMENE<\/th>\n<\/tr>\n<\/thead>\n<tbody>\n<tr class=\"bg-sec-4\">\n<td class=\"bg-4\"><a href=\"https:\/\/www.agromarketsrbija.rs\/srb\/zastita-bilja\/programi-zastite\/1001\/Kukuruz\">KUKURUZ (sila\u017eni i merkantilni)<\/a><\/td>\n<td>60 g\/ha + okva\u0161iva\u010d Imox (0,1%)<\/td>\n<td>Jednokratni tretman kada kukuruz ima formiranih 1 do 7 listova (faze 11 -17 BBCH skale)<\/td>\n<\/tr>\n<\/tbody>\n<\/table>\n<\/div>\n<div class=\"product-info\">\n<div><strong>DELOVANJE:<\/strong><\/div>\n<div>\n<p>Aktivna materija\u00a0<em>Rimsulfuron\u00a0<\/em>pripada grupi Sulfoniluree. Biljka herbicid usvaja folijarno, ali i korenom i translocira ga do meristemskih tkiva u kojima inhibira aktivnost enzima ALS, blokira biosintezu aminokiselina \u010dime se blokira dalja deoba \u0107elija i zaustavlja rast korova. Simptomi delovanja vidljivi su posle 5 do 10 dana u vidu nekroze i laganog odumiranja korova.<\/p>\n<\/div>\n<div>\n<h4><strong>SPEKTAR DELOVANJA<\/strong><\/h4>\n<p>JEDNOGODI\u0160NJE I VI\u0160EGODI\u0160NJE USKOLISNE I JEDNOGODI\u0160NJE \u0160IROKOLISNE KOROVSKE VRSTE:<\/p>\n<p>veliki muhar (<em>Echinochloa crus-galli<\/em>), muharike (<em>Setaria sp<\/em>.), divlji sirak (<em>Sorghum halepense<\/em>) iz semena i iz rizoma, pirevina (<em>Agropyron repens<\/em>), \u0161tir obi\u010dni (<em>Amaranthus retroflexus<\/em>), goru\u0161ica poljska (<em>Sinapis arvensis<\/em>), konica obi\u010dna (<em>Galinsoga parviflora<\/em>), \u010distac jednogodi\u0161nji (<em>Stachys annua<\/em>), samonikli suncokret (<em>Helianthus annuus<\/em>), teofrastova lipica (<em>Abutilon theophrasti<\/em>)<\/p>\n<h4><strong>PREPORUKE I NAPOMENE<\/strong><\/h4>\n<p>u dvokratnoj primeni primenjuje se koli\u010dina od 30 grama po hektaru po tretmanu i to prvi kada kukuruz ima razvijenih 1-3 lista, a drugi do sedmog razvijenog lista kukuruza. U cilju pro\u0161irenja spektra delovanja\u00a0(na \u0161irokolisne korovske vrste)\u00a0mo\u017ee se kombinovati sa herbicidom\u00a0<strong>Agrodimark<\/strong>, posebno kod visoke zakorovljenosti palamidom i \u010di\u010dkom.<\/p>\n<p>Ne me\u0161a se sa organofosfornim insekticidima.<\/p>\n<p>Ne sme se primenjivati u semenskom kukuruzu, kukuruzu koki\u010daru i kukuruzu \u0161e\u0107ercu bez prethodne provere kompatibilnosti sa selekcijskom ku\u0107om.<\/p>\n<p>Ne sme se primenjivati u kukuruzu sa podusevom (pasulj, bundeva), u usevu pod stresom, kao i na temperaturama vazduha vi\u0161im od 25\u00b0C i ni\u017eim od 10\u00b0C (u du\u017eem periodu). Ne sme se primenjivati iz vazduhoplova.<\/p>\n<p>U zemljama EU herbicid na bazi iste aktivne materije se koristi za suzbijanje jednogodi\u0161njih i vi\u0161egodi\u0161njih uskolisnih i nekih \u0161irokolisnih korova u usevu krompira u koli\u010dini od 50 g\/ha + okva\u0161iva\u010d<strong>\u00a0Imox\u00a0ili\u00a0Trend 90\u00a0<\/strong>kada je krompir visine 15 do 20 cm.<\/p>\n<\/div>\n<\/div>\n<\/div>","protected":false},"excerpt":{"rendered":"<p class=\"detail\"><strong>Klasa:<\/strong>\u00a0<span class=\"klasa\">Selektivni translokacioni herbicid<\/span><\/p>\n<p class=\"detail\"><strong>Aktivna materija:<\/strong>\u00a0<span class=\"aktivna-materija\">Rimsulfuron 250 g\/kg<\/span><\/p>\n<p class=\"detail\"><strong>Formulacija:<\/strong>\u00a0<span class=\"formulacija\">WG \u2013 vodorastvorljive granule<\/span><\/p>\n<p class=\"detail\"><strong>Pakovanje:<\/strong>\u00a0<span class=\"pakovanje\">30 g, 100g<\/span><\/p>\n<p class=\"detail\"><strong>Karenca:<\/strong>\u00a0<span class=\"karenca\">OVP merkantilni kukuruz, 63 dana sila\u017eni kukuruz<\/span><\/p>\n<p class=\"detail\"><strong>Plodored:<\/strong>\u00a0<span class=\"plodored\">iste kalendarske godine mogu se sejati ozime strnine i trave. Naredne godine mogu se sejati jare \u017eitarice, uljana repica, \u0161e\u0107erna repa, soja, krompir, paradajz. Ukoliko do\u0111e do prevremenog propadanja useva, a posle tretmana herbicidom Rimex, mogu se sejati samo kukuruz i krompir.<\/span><\/p>","protected":false},"featured_media":4269,"template":"","meta":[],"product_brand":[],"product_cat":[203,208,255,204,207],"product_tag":[699],"class_list":{"0":"post-4223","1":"product","2":"type-product","3":"status-publish","4":"has-post-thumbnail","6":"product_cat-herbicidi","7":"product_cat-herbicidi-protiv-sirokolisnih-korova","8":"product_cat-herbicidi-protiv-uskolisnih-korova","9":"product_cat-herbicidi-u-kukuruzu","10":"product_cat-post-em-po-nicanju-useva","11":"product_tag-rimsulfuron-250-g-kg","13":"first","14":"outofstock","15":"shipping-taxable","16":"purchasable","17":"product-type-simple"},"_links":{"self":[{"href":"https:\/\/agrarpetrovic.rs\/en\/wp-json\/wp\/v2\/product\/4223","targetHints":{"allow":["GET"]}}],"collection":[{"href":"https:\/\/agrarpetrovic.rs\/en\/wp-json\/wp\/v2\/product"}],"about":[{"href":"https:\/\/agrarpetrovic.rs\/en\/wp-json\/wp\/v2\/types\/product"}],"wp:featuredmedia":[{"embeddable":true,"href":"https:\/\/agrarpetrovic.rs\/en\/wp-json\/wp\/v2\/media\/4269"}],"wp:attachment":[{"href":"https:\/\/agrarpetrovic.rs\/en\/wp-json\/wp\/v2\/media?parent=4223"}],"wp:term":[{"taxonomy":"product_brand","embeddable":true,"href":"https:\/\/agrarpetrovic.rs\/en\/wp-json\/wp\/v2\/product_brand?post=4223"},{"taxonomy":"product_cat","embeddable":true,"href":"https:\/\/agrarpetrovic.rs\/en\/wp-json\/wp\/v2\/product_cat?post=4223"},{"taxonomy":"product_tag","embeddable":true,"href":"https:\/\/agrarpetrovic.rs\/en\/wp-json\/wp\/v2\/product_tag?post=4223"}],"curies":[{"name":"wp","href":"https:\/\/api.w.org\/{rel}","templated":true}]}}