{"id":4224,"date":"2023-07-13T16:08:41","date_gmt":"2023-07-13T14:08:41","guid":{"rendered":"https:\/\/agrarpetrovic.rs\/?post_type=product&#038;p=4224"},"modified":"2025-10-23T11:54:33","modified_gmt":"2025-10-23T09:54:33","slug":"sencor-plus-herbicid","status":"publish","type":"product","link":"https:\/\/agrarpetrovic.rs\/en\/proizvod\/sencor-plus-herbicid\/","title":{"rendered":"Sencor Plus &#8211; Herbicid"},"content":{"rendered":"<div class=\"span9\">\n<div class=\"product-details\">\n<p class=\"detail\"><strong>Klasa:<\/strong>Herbicid<\/p>\n<p class=\"detail\"><strong>Aktivna materija:<\/strong>Metribuzin 600 g\/l<\/p>\n<p class=\"detail\"><strong>Formulacija:<\/strong>SC \u2013 koncentrovana suspenzija<\/p>\n<p class=\"detail\"><strong>Pakovanje:<\/strong>1 l<\/p>\n<p class=\"detail\"><strong>Proizvo\u0111a\u010d:<\/strong>Bayer CropScience<\/p>\n<p class=\"detail\"><strong>Karenca:<\/strong>OVP<\/p>\n<p class=\"detail\"><strong>Plodored:<\/strong>u jesen iste godine, posle 4 meseca, mogu\u0107a je setva soje, lucerke, gra\u0161ka, so\u010diva, paradajza, p\u0161enice, je\u010dma i kukuruza, nakon 12 meseci od tretmana: kupusnja\u010de, salata, krastavac, bostan, \u0161e\u0107erna repa i luk, a svo ostalo korenasto-krtolasto povr\u0107e 18 meseci nakon primene ovog herbicida<\/p>\n<p class=\"detail\"><strong>MDK(mg\/kg):<\/strong>0,1<\/p>\n<p class=\"detail\"><strong>Radna Karenca:<\/strong>do su\u0161enja depozita<\/p>\n<\/div>\n<div class=\"product-harvest\">\n<p class=\"detail\">Primena:<\/p>\n<table>\n<thead>\n<tr class=\"bg-4\">\n<th>USEV \/ ZASAD<\/th>\n<th>KOLI\u010cINA PRIMENE<\/th>\n<th>VREME PRIMENE<\/th>\n<\/tr>\n<\/thead>\n<tbody>\n<tr class=\"bg-sec-4\">\n<td class=\"bg-4\"><a href=\"https:\/\/www.agromarket.rs\/srb\/zastita-bilja\/programi-zastite\/1003\/Soja\">Soja<\/a><\/td>\n<td>0,35 l\/ha (3,5 ml na 100 m2) 0,55 l\/ha (5,5 ml na 100 m2)<\/td>\n<td>Tretiranjem zemlji\u0161ta posle setve a pre nicanja useva soje na zemlji\u0161tima sa 1,5-3 % humusa. Tretman na zemlji\u0161tima sa vi\u0161e od 3 % humusa<\/td>\n<\/tr>\n<\/tbody>\n<\/table>\n<\/div>\n<div class=\"product-info\">\n<p><strong>SPEKTAR DELOVANJA:<\/strong><\/p>\n<p>Jednogodi\u0161nji \u0161irokolisni korovi kao \u0161to su: \u0161tir obi\u010dni<em> (Amaranthus\u00a0<\/em><em>retroflexus)<\/em>, ambrozija pelenasta<em> (Ambrosia artemisiifolia)<\/em>, pepeljuga obi\u010dna\u00a0<em>(Chenopodium album)<\/em>, pepeljuga srcolisna<em> (Chenopodium hybridum)<\/em>, loboda obi\u010dna<em> (Atriplex patula)<\/em>, dvornici <em>(Polygonum spp.)<\/em>, goru\u0161ica poljska <em>(Sinapis\u00a0<\/em><em>arvensis)<\/em>.<\/p>\n<p><strong>PREPORUKE I NAPOMENE:<\/strong><\/p>\n<p>Visoku efikasnost ispoljava ako do 2 nedelje nakon primene padne preko 6 mm ki\u0161e. Mo\u017ee se primeniti svim standardnim ure\u0111ajima za tretiranje sa zemlje (le\u0111ne i traktorske prskalice) dok primena iz vazduhoplova nije dozvoljena. Koli\u010dina te\u010dnosti iznosi 200-400 l\/ha ( 2- 4 l na 100m2). Ne sme se primenjivati na vrlo slabo humoznim zemlji\u0161tima (&lt; 1%humusa) zbog fitotoksi\u010dnosti. Ne sme se primenjivati na jako humoznim zemlji\u0161tima (&gt; 6% humusa) zbog vezivanja za \u010destice zemlji\u0161ta; kod primene pre nicanja, 10-15 dana nakon primene ne preporu\u010duje se povr\u0161inska obrada i ga\u017eenje krompiri\u0161ta, zbog naru\u0161avanja depozita na zemlji\u0161tu.<\/p>\n<p>Ukoliko do\u0111e do preoravanja ili prevremenog skidanja useva, na tretiranim povr\u0161inama mogu se ponovo sejati krompir i soja. Primena iz vazduhoplova nije dozvoljena. Kod primene posle setve a pre nicanja, mo\u017ee se me\u0161ati sa drugim herbicidima u cilju pro\u0161irenja spektra delovanja kao \u0161to su oni na bazi aktivnih materija s-metolahlor, flufenacet, pendimetalin.<\/p>\n<p>Zbog fitotoksi\u010dnosti, prilikom tretiranja spre\u010diti zano\u0161enje kapi na sve susedne \u0161irokolisne useve (\u0161e\u0107erna repa, suncokret, uljana repica, lucerka i povr\u0107e). Ukoliko se koristi u skladu sa uputstvom proizvo\u0111a\u010da, nema opasnosti od pojave fitotoksi\u010dnosti. Prilikom tretiranja po\u0161tovati vodoza\u0161titne zone i spre\u010diti kontaminaciju voda, tretiraju\u0107i najmanje 20 m od njih.<br \/>\nKod novih sorti krompira obavezno ispitati selektivnost. Ne sme se primenjivati kod sorti Jerla, Voran, CB 77\/40, SV 76\/48, Fambo i Kaberne.<\/p>\n<p><strong>MBT:<\/strong> 1<\/p>\n<\/div>\n<\/div>","protected":false},"excerpt":{"rendered":"<p><strong>Klasa:<\/strong> Herbicid<\/p>\n<p><strong>Aktivna materija:<\/strong> Metribuzin 600 g\/l<\/p>\n<p><strong>Formulacija:<\/strong> SC \u2013 koncentrovana suspenzija<\/p>\n<p><strong>Pakovanje:<\/strong> 1 l<\/p>\n<p><strong>Proizvo\u0111a\u010d:<\/strong> Bayer CropScience<\/p>","protected":false},"featured_media":4270,"template":"","meta":[],"product_brand":[],"product_cat":[203,211,215],"product_tag":[478],"class_list":{"0":"post-4224","1":"product","2":"type-product","3":"status-publish","4":"has-post-thumbnail","6":"product_cat-herbicidi","7":"product_cat-herbicidi-u-soji","8":"product_cat-pre-em-posle-setve-a-pre-nicanja-useva-u-soji","9":"product_tag-metribuzin","11":"first","12":"outofstock","13":"shipping-taxable","14":"purchasable","15":"product-type-simple"},"_links":{"self":[{"href":"https:\/\/agrarpetrovic.rs\/en\/wp-json\/wp\/v2\/product\/4224","targetHints":{"allow":["GET"]}}],"collection":[{"href":"https:\/\/agrarpetrovic.rs\/en\/wp-json\/wp\/v2\/product"}],"about":[{"href":"https:\/\/agrarpetrovic.rs\/en\/wp-json\/wp\/v2\/types\/product"}],"wp:featuredmedia":[{"embeddable":true,"href":"https:\/\/agrarpetrovic.rs\/en\/wp-json\/wp\/v2\/media\/4270"}],"wp:attachment":[{"href":"https:\/\/agrarpetrovic.rs\/en\/wp-json\/wp\/v2\/media?parent=4224"}],"wp:term":[{"taxonomy":"product_brand","embeddable":true,"href":"https:\/\/agrarpetrovic.rs\/en\/wp-json\/wp\/v2\/product_brand?post=4224"},{"taxonomy":"product_cat","embeddable":true,"href":"https:\/\/agrarpetrovic.rs\/en\/wp-json\/wp\/v2\/product_cat?post=4224"},{"taxonomy":"product_tag","embeddable":true,"href":"https:\/\/agrarpetrovic.rs\/en\/wp-json\/wp\/v2\/product_tag?post=4224"}],"curies":[{"name":"wp","href":"https:\/\/api.w.org\/{rel}","templated":true}]}}