{"id":4225,"date":"2023-07-13T16:08:41","date_gmt":"2023-07-13T14:08:41","guid":{"rendered":"https:\/\/agrarpetrovic.rs\/?post_type=product&#038;p=4225"},"modified":"2023-07-13T16:09:15","modified_gmt":"2023-07-13T14:09:15","slug":"siran-40-sc-herbicid","status":"publish","type":"product","link":"https:\/\/agrarpetrovic.rs\/en\/proizvod\/siran-40-sc-herbicid\/","title":{"rendered":"Siran 40 SC &#8211; Herbicid"},"content":{"rendered":"<div class=\"product-details\">\n<p class=\"detail\"><strong>Klasa:<\/strong>Herbicid<\/p>\n<p class=\"detail\"><strong>Aktivna materija:<\/strong> Nikosulfuron 40 g\/l<\/p>\n<p class=\"detail\"><strong>Formulacija:<\/strong>SC &#8211; koncentrovana suspenzija<\/p>\n<p class=\"detail\"><strong>Pakovanje:<\/strong>500 ml, 1 l<\/p>\n<p class=\"detail\"><strong>Proizvo\u0111a\u010d:<\/strong>Agromarket<\/p>\n<p class=\"detail\"><strong>Karenca:<\/strong>OVP<\/p>\n<p class=\"detail\"><strong>Plodored:<\/strong>Bez ograni\u010denja<\/p>\n<p class=\"detail\"><strong>MDK(mg\/kg):<\/strong>0,1 &#8211; kukuruz<\/p>\n<\/div>\n<div class=\"product-harvest\">\n<p class=\"detail\">Primena:<\/p>\n<table>\n<thead>\n<tr class=\"bg-4\">\n<th>USEV \/ ZASAD<\/th>\n<th>KOLI\u010cINA PRIMENE<\/th>\n<th>VREME PRIMENE<\/th>\n<\/tr>\n<\/thead>\n<tbody>\n<tr class=\"bg-sec-4\">\n<td class=\"bg-4\">Kukuruz<\/td>\n<td>1,0 &#8211; 1,25 l\/ha<\/td>\n<td>Kukuruz u fazi 2-6 listova, divlji sirak 15-20cm<\/td>\n<\/tr>\n<\/tbody>\n<\/table>\n<\/div>\n<div class=\"product-info\">\n<p><strong>DELOVANJE:\u00a0<\/strong>Siran 40 SC se usvaja li\u0161\u0107em i korenom. U biljci se kre\u0107e navi\u0161e i nani\u017ee brzimtransportom kroz meristemska tkiva \u0161to dovodi do \u017eutila i nekroze korovskih biljaka. Inhibira aktivnost enzima acetolaktat sintetazu klju\u010dnog enzima za biosintezu aminokiselina (izoleucin, leucin i valin)<\/p>\n<p><strong>SPEKTAR DELOVANJA:<\/strong><\/p>\n<ul>\n<li><strong>VI\u0160EGODI\u0160NJE USKOLISNE KOROVSKE VRSTE:<\/strong> divlji sirak (<em>Sorghum halepense<\/em>).<\/li>\n<li><strong>JEDNOGODI\u0160NJE USKOLISNE KOROVSKE VRSTE:<\/strong>\u00a0muharike<em> (Setaria spp.)<\/em>, divlja zob-ovas<em> (Avena spp.)<\/em>, muhar veliki <em>(Echinochloa crus-galli)<\/em>, svra\u010dica <em>(Digitaria sanguinalis)<\/em>.<\/li>\n<li><strong>JEDNOGODI\u0160NJE \u0160IROKOLISNE KOROVSKE VRSTE:<\/strong>\u00a0\u0161tir obi\u010dni (<em>Amaranthus retroflexus<\/em>), loboda obi\u010dna (<em>Artiplex patula<\/em>), pepeljuga obi\u010dna (<em>Chenopodium album<\/em>), tatula obi\u010dna (<em>Datura strumarium<\/em>), lubeni\u010darka njivska (<em>Hibiscus trionum<\/em>), goru\u0161ica poljska (<em>Sinapis arvensis<\/em>), pomo\u0107nica obi\u010dna <em>(Solanum nigrum<\/em>), mi\u0161jakinja obi\u010dna (<em>Stellaria media<\/em>).<\/li>\n<\/ul>\n<p><strong>PREPORUKE I NAPOMENE:\u00a0primena mo\u017ee biti jednokratna i dvokratna (split-aplikacija).<\/strong>\u00a0Jednokratna primena je kada usev ima razvijenih 2 do 6 listova, a divlji\u00a0sirak visine 15 do 20 cm u dozi od 1 do 1,25 l\/ha. U split-aplikaciji u\u00a0prvoj tretmanu (3 do 4 list) doza je 0,7 l\/ha, a u drugoj (6 do 7 list) 0,5 l\/ha.\u00a0U cilju pro\u0161irenja spektra delovanja mo\u017ee se kombinovati sa herbicidom\u00a0agroDimark ili Banvel 480 S, preparatima na bazi mezotriona, Velox, Bentamark,\u00a0Lodin.<\/p>\n<p><strong>MBT:<\/strong> 1 (dvokratno)<\/p>\n<\/div>","protected":false},"excerpt":{"rendered":"<p><strong>Klasa:<\/strong> Herbicid<\/p>\n<p><strong>Aktivna materija:<\/strong> Nikosulfuron 40 g\/l<\/p>\n<p><strong>Formulacija:<\/strong> SC &#8211; koncentrovana suspenzija<\/p>\n<p><strong>Pakovanje:<\/strong> 500 ml, 1 l<\/p>\n<p><strong>Proizvo\u0111a\u010d:<\/strong> Agromarket<\/p>","protected":false},"featured_media":4271,"template":"","meta":[],"product_brand":[],"product_cat":[203,255,204,207],"product_tag":[],"class_list":{"0":"post-4225","1":"product","2":"type-product","3":"status-publish","4":"has-post-thumbnail","6":"product_cat-herbicidi","7":"product_cat-herbicidi-protiv-uskolisnih-korova","8":"product_cat-herbicidi-u-kukuruzu","9":"product_cat-post-em-po-nicanju-useva","11":"first","12":"instock","13":"shipping-taxable","14":"product-type-simple"},"_links":{"self":[{"href":"https:\/\/agrarpetrovic.rs\/en\/wp-json\/wp\/v2\/product\/4225","targetHints":{"allow":["GET"]}}],"collection":[{"href":"https:\/\/agrarpetrovic.rs\/en\/wp-json\/wp\/v2\/product"}],"about":[{"href":"https:\/\/agrarpetrovic.rs\/en\/wp-json\/wp\/v2\/types\/product"}],"wp:featuredmedia":[{"embeddable":true,"href":"https:\/\/agrarpetrovic.rs\/en\/wp-json\/wp\/v2\/media\/4271"}],"wp:attachment":[{"href":"https:\/\/agrarpetrovic.rs\/en\/wp-json\/wp\/v2\/media?parent=4225"}],"wp:term":[{"taxonomy":"product_brand","embeddable":true,"href":"https:\/\/agrarpetrovic.rs\/en\/wp-json\/wp\/v2\/product_brand?post=4225"},{"taxonomy":"product_cat","embeddable":true,"href":"https:\/\/agrarpetrovic.rs\/en\/wp-json\/wp\/v2\/product_cat?post=4225"},{"taxonomy":"product_tag","embeddable":true,"href":"https:\/\/agrarpetrovic.rs\/en\/wp-json\/wp\/v2\/product_tag?post=4225"}],"curies":[{"name":"wp","href":"https:\/\/api.w.org\/{rel}","templated":true}]}}