{"id":4226,"date":"2023-07-13T16:08:41","date_gmt":"2023-07-13T14:08:41","guid":{"rendered":"https:\/\/agrarpetrovic.rs\/?post_type=product&#038;p=4226"},"modified":"2023-07-13T16:09:19","modified_gmt":"2023-07-13T14:09:19","slug":"siran-750-wg-herbicid","status":"publish","type":"product","link":"https:\/\/agrarpetrovic.rs\/en\/proizvod\/siran-750-wg-herbicid\/","title":{"rendered":"Siran 750 WG &#8211; Herbicid"},"content":{"rendered":"<div class=\"product-details\">\n<p class=\"detail\"><strong>Klasa:<\/strong>Herbicid<\/p>\n<p class=\"detail\"><strong>Aktivna materija:<\/strong>Nikosulfuron 750 g\/kg<\/p>\n<p class=\"detail\"><strong>Formulacija:<\/strong>WG \u2013 vododisperzibilne granule<\/p>\n<p class=\"detail\"><strong>Pakovanje:<\/strong>60 g<\/p>\n<p class=\"detail\"><strong>Proizvo\u0111a\u010d:<\/strong>Agromarket<\/p>\n<p class=\"detail\"><strong>Karenca:<\/strong>OVP<\/p>\n<p class=\"detail\"><strong>Plodored:<\/strong>Bez ograni\u010denja<\/p>\n<p class=\"detail\"><strong>MDK(mg\/kg):<\/strong>0,1 &#8211; kukuruz<\/p>\n<\/div>\n<div class=\"product-harvest\">\n<p class=\"detail\">Primena:<\/p>\n<table>\n<thead>\n<tr class=\"bg-4\">\n<th>USEV \/ ZASAD<\/th>\n<th>KOLI\u010cINA PRIMENE<\/th>\n<th>VREME PRIMENE<\/th>\n<\/tr>\n<\/thead>\n<tbody>\n<tr class=\"bg-sec-4\">\n<td class=\"bg-4\"><a href=\"https:\/\/www.agromarket.rs\/srb\/zastita-bilja\/programi-zastite\/1001\/Kukuruz\">Sila\u017eni i merkantilni kukuruz<\/a><\/td>\n<td>60 g\/ha + 0,1% okva\u0161iva\u010da<\/td>\n<td>Kukuruz u fazi razvoja 2-6 listova (faza 12-16 BBCH \u2013 skale), a divlji sirak visinu 15-20 cm<\/td>\n<\/tr>\n<\/tbody>\n<\/table>\n<\/div>\n<div class=\"product-info\">\n<p><strong>DELOVANJE:<\/strong><\/p>\n<p>Preparat SIRAN 750 WG je selektivni, translokacioni herbicid, namenjen za suzbijanje travnih i \u0161irokolisnih korova u usevu kukuruza. Pripada grupi Sulfonil-uree, apsorbuje se folijarno I brzo translocira do meristemskih tkiva inhibiraju\u0107i aktivnost enzima acetolaktat sintetaze (ASL ili AHAS).<\/p>\n<p><strong>SPEKTAR DELOVANJA:<\/strong><\/p>\n<ul>\n<li><strong>VI\u0160EGODI\u0160NJE USKOLISNE KOROVSKE VRSTE:<\/strong> divlji sirak\u00a0<em>(Sorghum halepense).<\/em><\/li>\n<li><strong>JEDNOGODI\u0160NJE USKOLISNE KOROVSKE VRSTE<\/strong>:\u00a0muharike <em>(Setaria sp. )<\/em>, divlja zob-ovas\u00a0<em>(Avena spp.)<\/em>, muhar veliki<em>\u00a0(Echinochloacrus-galli)<\/em>, svra\u010dica <em>(Digitaria sanguinalis)<\/em>.<\/li>\n<li><strong>JEDNOGODI\u0160NJE \u0160IROKOLISNE KOROVSKE VRSTE:\u00a0<\/strong>\u0161tir obi\u010dni<em> (Amaranthus retroflexus)<\/em>, loboda obi\u010dna<em> (Artiplex patula)<\/em>,pepeljuga obi\u010dna <em>(Chenopodium album)<\/em>, tatula obi\u010dna <em>(Daturastramonium)<\/em>, lubeni\u010darka njivska <em>(Hibiscus trionum)<\/em>, goru\u0161ica poljska <em>(Sinapis arvensis)<\/em>, pomo\u0107nica obi\u010dna<em> (Solanum nigrum)<\/em>, mi\u0161jakinja obi\u010dna<em> (Stellaria media)<\/em>.<\/li>\n<\/ul>\n<p><strong>PREPORUKE I NAPOMENE:<\/strong><\/p>\n<p>fitotoksi\u010dan je za mnoge gajene biljke, tako da prilikom primene\u00a0treba voditi ra\u010duna da ne do\u0111e do zano\u0161enja preparata na susedne\u00a0osetljive useve. Primena organofosfornih insekticida neposredno\u00a0pre primene preparata mo\u017ee u nepovoljnim vremenskim uslovima\u00a0da dovede do fitotoksi\u010dnih efekata (bledilo lista, usporeni porasti\u00a0povijenost biljaka). Setva u plodoredu je uslovljena vredno\u0161\u0107u pH\u00a0zemlji\u0161ta. Ako je pH&gt;6,5 ne sejati \u0161e\u0107ernu repu 18 meseci posle primene\u00a0preparata. Ako je pH &gt; 7,5 ne sejati pasulj 10 meseci, a lucerku 12\u00a0meseci posle primene.<\/p>\n<p><strong>MBT<\/strong>\u00a0: 1 (dvokratno)<\/p>\n<\/div>","protected":false},"excerpt":{"rendered":"<p><strong>Klasa:<\/strong> Herbicid<\/p>\n<p><strong>Aktivna materija:<\/strong> Nikosulfuron 750 g\/kg<\/p>\n<p><strong>Formulacija:<\/strong> WG \u2013 vododisperzibilne granule<\/p>\n<p><strong>Pakovanje:<\/strong> 60 g<\/p>\n<p><strong>Proizvo\u0111a\u010d:<\/strong> Agromarket<\/p>","protected":false},"featured_media":4272,"template":"","meta":[],"product_brand":[],"product_cat":[203,255,204,207],"product_tag":[],"class_list":{"0":"post-4226","1":"product","2":"type-product","3":"status-publish","4":"has-post-thumbnail","6":"product_cat-herbicidi","7":"product_cat-herbicidi-protiv-uskolisnih-korova","8":"product_cat-herbicidi-u-kukuruzu","9":"product_cat-post-em-po-nicanju-useva","11":"first","12":"instock","13":"shipping-taxable","14":"product-type-simple"},"_links":{"self":[{"href":"https:\/\/agrarpetrovic.rs\/en\/wp-json\/wp\/v2\/product\/4226","targetHints":{"allow":["GET"]}}],"collection":[{"href":"https:\/\/agrarpetrovic.rs\/en\/wp-json\/wp\/v2\/product"}],"about":[{"href":"https:\/\/agrarpetrovic.rs\/en\/wp-json\/wp\/v2\/types\/product"}],"wp:featuredmedia":[{"embeddable":true,"href":"https:\/\/agrarpetrovic.rs\/en\/wp-json\/wp\/v2\/media\/4272"}],"wp:attachment":[{"href":"https:\/\/agrarpetrovic.rs\/en\/wp-json\/wp\/v2\/media?parent=4226"}],"wp:term":[{"taxonomy":"product_brand","embeddable":true,"href":"https:\/\/agrarpetrovic.rs\/en\/wp-json\/wp\/v2\/product_brand?post=4226"},{"taxonomy":"product_cat","embeddable":true,"href":"https:\/\/agrarpetrovic.rs\/en\/wp-json\/wp\/v2\/product_cat?post=4226"},{"taxonomy":"product_tag","embeddable":true,"href":"https:\/\/agrarpetrovic.rs\/en\/wp-json\/wp\/v2\/product_tag?post=4226"}],"curies":[{"name":"wp","href":"https:\/\/api.w.org\/{rel}","templated":true}]}}