{"id":4227,"date":"2023-07-13T16:08:41","date_gmt":"2023-07-13T14:08:41","guid":{"rendered":"https:\/\/agrarpetrovic.rs\/?post_type=product&#038;p=4227"},"modified":"2025-10-23T11:54:33","modified_gmt":"2025-10-23T09:54:33","slug":"soyasan-herbicid","status":"publish","type":"product","link":"https:\/\/agrarpetrovic.rs\/en\/proizvod\/soyasan-herbicid\/","title":{"rendered":"Soyasan &#8211; Herbicid"},"content":{"rendered":"<div class=\"product-details\">\n<p class=\"detail\"><strong>Klasa:<\/strong>Herbicid<\/p>\n<p class=\"detail\"><strong>Aktivna materija:<\/strong>Imazamoks 40 g\/l<\/p>\n<p class=\"detail\"><strong>Formulacija:<\/strong>SL \u2013 koncentrat za rastvor<\/p>\n<p class=\"detail\"><strong>Pakovanje:<\/strong>1 l<\/p>\n<p class=\"detail\"><strong>Proizvo\u0111a\u010d:<\/strong>Agromarket<\/p>\n<p class=\"detail\"><strong>Karenca:<\/strong>35 dana soja, gra\u0161ak, pasulj; suncokret OVP<\/p>\n<p class=\"detail\"><strong>Plodored:<\/strong>4 meseca \u2013 je\u010dam, p\u0161enica, ra\u017e, suncokret, duvan 9 meseci \u2013 kukuruz, pamuk, krompir, pirina\u010d 12 meseci \u2013 uljana repica, \u0161e\u0107erna repa<\/p>\n<p class=\"detail\"><strong>MDK(mg\/kg):<\/strong>0,05<\/p>\n<p class=\"detail\"><strong>Radna Karenca:<\/strong>4 dana<\/p>\n<\/div>\n<div class=\"product-harvest\">\n<p class=\"detail\">Primena:<\/p>\n<table>\n<thead>\n<tr class=\"bg-4\">\n<th>USEV \/ ZASAD<\/th>\n<th>KOLI\u010cINA PRIMENE<\/th>\n<th>VREME PRIMENE<\/th>\n<\/tr>\n<\/thead>\n<tbody>\n<tr class=\"bg-sec-4\">\n<td class=\"bg-4\"><a href=\"https:\/\/www.agromarket.rs\/srb\/zastita-bilja\/programi-zastite\/1003\/Soja\">Soja<\/a><\/td>\n<td>1,0 &#8211; 1,2 (10 \u2013 12 ml na 100 m2)<\/td>\n<td>Tretiranje po nicanju u fazi 2 do 3 trolista (faza 11 do 13 BBCH skale), a korovi u fazi razvoja 2 do 4 lista<\/td>\n<\/tr>\n<tr class=\"bg-sec-4\">\n<td class=\"bg-4\"><a href=\"https:\/\/www.agromarket.rs\/srb\/zastita-bilja\/programi-zastite\/1005\/Suncokret\">Suncokret<\/a><\/td>\n<td>1,0 &#8211; 1,2 (10 \u2013 12 ml na 100 m2)<\/td>\n<td>Tretman samo u suncokretu tolerantnom prema herbicidima iz grupe Imidazolinona (IMI hibridi) kada usev ima razvijenih 2 do 4 lista<\/td>\n<\/tr>\n<\/tbody>\n<\/table>\n<\/div>\n<div class=\"product-info\">\n<p><strong>SPEKTAR DELOVANJA<\/strong><br \/>\nnamenjen je suzbijanju jednogodi\u0161njih i vi\u0161egodi\u0161njih travnih i \u0161irokolisnih<br \/>\nkorovskih vrsta i to u koli\u010dini primene od 1,0 l\/ha i 1,2 l\/ha,<br \/>\na) dobro suzbija (&gt; 90%): \u0161tir bljutavi<em> (Amaranthus blitoides)<\/em>, \u0161tir obi\u010dni<br \/>\n<em>(A. retroflexus)<\/em>, viju\u0161ac njivski (Bylderdyckia convolvus), tar\u010du\u017eak (Capsella<br \/>\nbursa-pastoris), pepeljuga obi\u010dna <em>(Chenopodium album)<\/em>, tatula obi\u010dna<br \/>\n<em>(Datura stramonium)<\/em>, dvornik obi\u010dni<em> (Polygonum persicaria)<\/em>, veliki dvornik<br \/>\n<em>(Polygonum lapathifolium)<\/em>, sivi muhar <em>(Setaria glauca)<\/em>, goru\u0161ica poljska<br \/>\n<em>(Sinapis arvensis)<\/em>, pomo\u0107nica obi\u010dna <em>(Solanum nigrum)<\/em>, boca obi\u010dna<br \/>\n<em>(Xanthium strumarium)<\/em>, muhar sivi <em>(Setaria glauca<\/em>), sirak divlji iz semena<br \/>\n<em>(Sorguhum halepense<\/em>);<br \/>\nb) zadovoljavaju\u0107e suzbija (75%-90%) korove kao ambrozija pelenasta<br \/>\n<em>(Ambrosia artemisifolia)<\/em> i sirak divlji iz rizoma <em>(Sorghum halepense)<\/em>.<br \/>\nc) slabo suzbija (&gt; 75%) sa obe koli\u010dine primene \u0161irokolisni korov kao \u0161to<br \/>\nje lubeni\u010darka njivska <em>(Hibiscus trionum)<\/em>.<br \/>\n<strong>PREPORUKE I NAPOMENE:<\/strong><br \/>\nne me\u0161ati sa insekticidima iz grupe karbamata i organofosfata, a mo\u017ee<br \/>\nse me\u0161ati sa herbicidima na bazi bentazona<strong> (Bentamark)<\/strong>, tifensulfuron<br \/>\nmetila <strong>(Symphony)<\/strong> i oksasulfurona <strong>(Dynox)<\/strong>. Tretiranje iz vazduhoplova<br \/>\nnije dozvoljeno. U nepovoljnim vremenskim uslovima (niske temperature<br \/>\ni padavine) mo\u017ee do\u0107i do kratkotrajne (3 do 10 dana) prolazne pojave<br \/>\nbledila koja nema uticaja na razvoj i prinos gajene biljke. Ukoliko do\u0111e do<br \/>\npropadanja ili preoravanja useva soje, mogu se sejati soja, gra\u0161ak, pasulj<br \/>\ni hibridi suncokreta tolerantni prema herbicidima iz grupe Imidazolinona<br \/>\n(IMI hibridi).<\/p>\n<p><strong>MBT:<\/strong> 1<\/p>\n<\/div>","protected":false},"excerpt":{"rendered":"<div class=\"span8 product-details\">\n<p><strong>Klasa:<\/strong> Herbicid<\/p>\n<p><strong>Aktivna materija:<\/strong> Imazamoks 40 g\/l<\/p>\n<p><strong>Formulacija:<\/strong> SL \u2013 koncentrat za rastvor<\/p>\n<p><strong>Pakovanje:<\/strong> 1 l<\/p>\n<p><strong>Proizvo\u0111a\u010d:<\/strong> Agromarket<\/p>\n<\/div>","protected":false},"featured_media":4273,"template":"","meta":[],"product_brand":[],"product_cat":[203,274,278,265,211,212,275,266,264],"product_tag":[634],"class_list":{"0":"post-4227","1":"product","2":"type-product","3":"status-publish","4":"has-post-thumbnail","6":"product_cat-herbicidi","7":"product_cat-herbicidi-protiv-sirokolisnih-korova-u-suncokretu","8":"product_cat-herbicidi-protiv-sirokolisnih-korova-u-soji","9":"product_cat-herbicidi-protiv-uskolisnih-korova-u-soji","10":"product_cat-herbicidi-u-soji","11":"product_cat-herbicidi-u-suncokretu","12":"product_cat-herbicidi-za-imi-hibride","13":"product_cat-post-em-po-nicanju-useva-u-suncokretu","14":"product_cat-post-em-po-nicanju-useva-u-soji","15":"product_tag-imazamoks-40-g-l","17":"first","18":"outofstock","19":"shipping-taxable","20":"purchasable","21":"product-type-simple"},"_links":{"self":[{"href":"https:\/\/agrarpetrovic.rs\/en\/wp-json\/wp\/v2\/product\/4227","targetHints":{"allow":["GET"]}}],"collection":[{"href":"https:\/\/agrarpetrovic.rs\/en\/wp-json\/wp\/v2\/product"}],"about":[{"href":"https:\/\/agrarpetrovic.rs\/en\/wp-json\/wp\/v2\/types\/product"}],"wp:featuredmedia":[{"embeddable":true,"href":"https:\/\/agrarpetrovic.rs\/en\/wp-json\/wp\/v2\/media\/4273"}],"wp:attachment":[{"href":"https:\/\/agrarpetrovic.rs\/en\/wp-json\/wp\/v2\/media?parent=4227"}],"wp:term":[{"taxonomy":"product_brand","embeddable":true,"href":"https:\/\/agrarpetrovic.rs\/en\/wp-json\/wp\/v2\/product_brand?post=4227"},{"taxonomy":"product_cat","embeddable":true,"href":"https:\/\/agrarpetrovic.rs\/en\/wp-json\/wp\/v2\/product_cat?post=4227"},{"taxonomy":"product_tag","embeddable":true,"href":"https:\/\/agrarpetrovic.rs\/en\/wp-json\/wp\/v2\/product_tag?post=4227"}],"curies":[{"name":"wp","href":"https:\/\/api.w.org\/{rel}","templated":true}]}}