{"id":4228,"date":"2023-07-13T16:08:41","date_gmt":"2023-07-13T14:08:41","guid":{"rendered":"https:\/\/agrarpetrovic.rs\/?post_type=product&#038;p=4228"},"modified":"2025-10-23T11:54:33","modified_gmt":"2025-10-23T09:54:33","slug":"targa-super-herbicid","status":"publish","type":"product","link":"https:\/\/agrarpetrovic.rs\/en\/proizvod\/targa-super-herbicid\/","title":{"rendered":"Targa Super &#8211; Herbicid"},"content":{"rendered":"<div class=\"product-details\">\n<p class=\"detail\"><strong>Klasa:<\/strong>Herbicidi<\/p>\n<p class=\"detail\"><strong>Aktivna materija:<\/strong>kvizalofop-P-etil 50g\/l<\/p>\n<p class=\"detail\"><strong>Formulacija:<\/strong>EC-koncentrat za emulziju<\/p>\n<p class=\"detail\"><strong>Pakovanje:<\/strong>1 l<\/p>\n<p class=\"detail\"><strong>Proizvo\u0111a\u010d:<\/strong>Agromarket<\/p>\n<p class=\"detail\"><strong>Karenca:<\/strong>77 dana-soja, \u0161e\u0107erna repa; OVP- suncokret, krompir, uljana repica<\/p>\n<p class=\"detail\"><strong>Plodored:<\/strong>bez ograni\u010denja<\/p>\n<p class=\"detail\"><strong>MDK(mg\/kg):<\/strong>0,2 &#8211; krompir, \u0161.repa; 0,1 &#8211; soja, suncokret; 0,05 &#8211; uljana repica<\/p>\n<\/div>\n<div class=\"product-harvest\">\n<p class=\"detail\">Primena:<\/p>\n<table>\n<thead>\n<tr class=\"bg-4\">\n<th>USEV \/ ZASAD<\/th>\n<th>KOLI\u010cINA PRIMENE<\/th>\n<th>VREME PRIMENE<\/th>\n<\/tr>\n<\/thead>\n<tbody>\n<tr class=\"bg-sec-4\">\n<td class=\"bg-4\"><a href=\"https:\/\/www.agromarket.rs\/srb\/zastita-bilja\/programi-zastite\/1009\/Krompir\">Krompir<\/a><\/td>\n<td>0,5 &#8211; 4,0 l\/ha<\/td>\n<td>Korovi u fazi razvoja 3-6 listova, odnosno 10-30cm visine<\/td>\n<\/tr>\n<tr class=\"bg-sec-4\">\n<td class=\"bg-4\"><a href=\"https:\/\/www.agromarket.rs\/srb\/zastita-bilja\/programi-zastite\/1003\/Soja\">Soja<\/a><\/td>\n<td>0,5 &#8211; 4,0 l\/ha<\/td>\n<td>Korovi u fazi razvoja 3-6 listova, odnosno 10-30cm visine<\/td>\n<\/tr>\n<tr class=\"bg-sec-4\">\n<td class=\"bg-4\"><a href=\"https:\/\/www.agromarket.rs\/srb\/zastita-bilja\/programi-zastite\/1005\/Suncokret\">Suncokret<\/a><\/td>\n<td>0,5 &#8211; 4,0 l\/ha<\/td>\n<td>Korovi u fazi razvoja 3-6 listova, odnosno 10-30cm visine (POST-EM)<\/td>\n<\/tr>\n<tr class=\"bg-sec-4\">\n<td class=\"bg-4\"><a href=\"https:\/\/www.agromarket.rs\/srb\/zastita-bilja\/programi-zastite\/1006\/Uljana-repica\">Uljana repica<\/a><\/td>\n<td>0,5 &#8211; 4,0 l\/ha<\/td>\n<td>Korovi u fazi razvoja 3-6 listova, odnosno 10-30cm visine<\/td>\n<\/tr>\n<tr class=\"bg-sec-4\">\n<td class=\"bg-4\"><a href=\"https:\/\/www.agromarket.rs\/srb\/zastita-bilja\/programi-zastite\/1004\/Secerna-repa\">\u0160e\u0107erna repa<\/a><\/td>\n<td>0,5 &#8211; 4,0 l\/ha<\/td>\n<td>Korovi u fazi razvoja 3-6 listova, odnosno 10-30cm visine (POST-EM)<\/td>\n<\/tr>\n<\/tbody>\n<\/table>\n<\/div>\n<div class=\"product-info\">\n<p><strong>DELOVANJE:<\/strong><\/p>\n<p>Targa Super se primarno usvaja preko lisne mase i kre\u0107e navi\u0161e i nani\u017ee u biljci.<\/p>\n<p><strong>SPEKTAR DELOVANJA:<\/strong><\/p>\n<ul>\n<li><strong>JEDNOGODI\u0160NJI USKOLISNI KOROVI:\u00a0<\/strong>veliki muhar<em> (Echinochloa crus-galli)<\/em>, muharike<em> (Setaria spp)<\/em>, divljisirak iz semena <em>(Sorghum halepense)<\/em>.<\/li>\n<li><strong>VI\u0160EGODI\u0160NJI USKOLISNI KOROVI:\u00a0<\/strong>divlji sirak iz rizoma <em>(Sorghum halepense)<\/em>, pirevina<em> (Agropyrum repens)<\/em>,zuba\u010da <em>(Cynodon dactylon)<\/em>.<\/li>\n<\/ul>\n<p><strong>PREPORUKE I NAPOMENE:<\/strong><\/p>\n<p>U soji se sme primeniti samo pre cvetanja. Ne sme se primeniti\u00a0u semenskom krompiru. Mo\u017ee izazvati hlorozu prolaznog karaktera\u00a0koja nema uticaja na prinos. Za suzbijanje jednogodi\u0161njih korova\u00a0doza primene je 0,5-1 l\/ha, suzbijanje divljeg sirka vr\u0161i se u dozi 1,5 &#8211; 2 l\/ha,\u00a0a zuba\u010de i pirevine u dozi 3 &#8211; 4 l\/ha.<\/p>\n<\/div>","protected":false},"excerpt":{"rendered":"<p><strong>Klasa:<\/strong> Herbicidi<\/p>\n<p><strong>Aktivna materija:<\/strong> kvizalofop-P-etil 50g\/l<\/p>\n<p><strong>Formulacija:<\/strong> EC-koncentrat za emulziju<\/p>\n<p><strong>Pakovanje:<\/strong> 1 l<\/p>\n<p><strong>Proizvo\u0111a\u010d:<\/strong> Agromarket<\/p>","protected":false},"featured_media":4274,"template":"","meta":[],"product_brand":[],"product_cat":[203,267,263,265,210,211,212,264,266,262],"product_tag":[647],"class_list":{"0":"post-4228","1":"product","2":"type-product","3":"status-publish","4":"has-post-thumbnail","6":"product_cat-herbicidi","7":"product_cat-herbicidi-protiv-uskolisnih-korova-u-suncokretu","8":"product_cat-herbicidi-protiv-uskolisnih-korova-u-secernoj-repi","9":"product_cat-herbicidi-protiv-uskolisnih-korova-u-soji","10":"product_cat-herbicidi-u-secernoj-repi","11":"product_cat-herbicidi-u-soji","12":"product_cat-herbicidi-u-suncokretu","13":"product_cat-post-em-po-nicanju-useva-u-soji","14":"product_cat-post-em-po-nicanju-useva-u-suncokretu","15":"product_cat-post-em-po-nicanju-useva-u-secernoj-repi","16":"product_tag-kvizalofop-p-etil","18":"first","19":"outofstock","20":"shipping-taxable","21":"purchasable","22":"product-type-simple"},"_links":{"self":[{"href":"https:\/\/agrarpetrovic.rs\/en\/wp-json\/wp\/v2\/product\/4228","targetHints":{"allow":["GET"]}}],"collection":[{"href":"https:\/\/agrarpetrovic.rs\/en\/wp-json\/wp\/v2\/product"}],"about":[{"href":"https:\/\/agrarpetrovic.rs\/en\/wp-json\/wp\/v2\/types\/product"}],"wp:featuredmedia":[{"embeddable":true,"href":"https:\/\/agrarpetrovic.rs\/en\/wp-json\/wp\/v2\/media\/4274"}],"wp:attachment":[{"href":"https:\/\/agrarpetrovic.rs\/en\/wp-json\/wp\/v2\/media?parent=4228"}],"wp:term":[{"taxonomy":"product_brand","embeddable":true,"href":"https:\/\/agrarpetrovic.rs\/en\/wp-json\/wp\/v2\/product_brand?post=4228"},{"taxonomy":"product_cat","embeddable":true,"href":"https:\/\/agrarpetrovic.rs\/en\/wp-json\/wp\/v2\/product_cat?post=4228"},{"taxonomy":"product_tag","embeddable":true,"href":"https:\/\/agrarpetrovic.rs\/en\/wp-json\/wp\/v2\/product_tag?post=4228"}],"curies":[{"name":"wp","href":"https:\/\/api.w.org\/{rel}","templated":true}]}}