{"id":4231,"date":"2023-07-13T16:08:41","date_gmt":"2023-07-13T14:08:41","guid":{"rendered":"https:\/\/agrarpetrovic.rs\/?post_type=product&#038;p=4231"},"modified":"2023-07-13T16:09:23","modified_gmt":"2023-07-13T14:09:23","slug":"ksc-phyt-actyl-ii","status":"publish","type":"product","link":"https:\/\/agrarpetrovic.rs\/en\/proizvod\/ksc-phyt-actyl-ii\/","title":{"rendered":"KSC PHYT-actyl II"},"content":{"rendered":"<p><strong>KSC PHYT &#8211; actyl II<\/strong>\u00a0(NPK 23\/5\/5 + 29% SO<sub>3<\/sub>\u00a0+ ME (Fe, Zn, Mn)) je vodotopivo \u0111ubrivo sa nagla\u0161enim sadr\u017eajem azota i uti\u010de na bolji vegetativni porast biljaka.<\/p>\n<p>&nbsp;<\/p>\n<p>Primenjuje se u fazi intenzivnog porasta i u slu\u010dajevima pove\u0107anih potreba za azotom, u koli\u010dini od 0,2 \u2013 0,4 kg\/ar ili 20 \u2013 40 kg\/ha nedeljno.<\/p>","protected":false},"excerpt":{"rendered":"<p>(NPK 23\/5\/5 + 29% SO<sub>3<\/sub>\u00a0+ ME (Fe, Zn, Mn))<\/p>","protected":false},"featured_media":4276,"template":"","meta":[],"product_brand":[],"product_cat":[200,201],"product_tag":[],"class_list":{"0":"post-4231","1":"product","2":"type-product","3":"status-publish","4":"has-post-thumbnail","6":"product_cat-ishrana-bilja","7":"product_cat-vodotopiva-djubriva","9":"first","10":"instock","11":"shipping-taxable","12":"product-type-simple"},"_links":{"self":[{"href":"https:\/\/agrarpetrovic.rs\/en\/wp-json\/wp\/v2\/product\/4231","targetHints":{"allow":["GET"]}}],"collection":[{"href":"https:\/\/agrarpetrovic.rs\/en\/wp-json\/wp\/v2\/product"}],"about":[{"href":"https:\/\/agrarpetrovic.rs\/en\/wp-json\/wp\/v2\/types\/product"}],"wp:featuredmedia":[{"embeddable":true,"href":"https:\/\/agrarpetrovic.rs\/en\/wp-json\/wp\/v2\/media\/4276"}],"wp:attachment":[{"href":"https:\/\/agrarpetrovic.rs\/en\/wp-json\/wp\/v2\/media?parent=4231"}],"wp:term":[{"taxonomy":"product_brand","embeddable":true,"href":"https:\/\/agrarpetrovic.rs\/en\/wp-json\/wp\/v2\/product_brand?post=4231"},{"taxonomy":"product_cat","embeddable":true,"href":"https:\/\/agrarpetrovic.rs\/en\/wp-json\/wp\/v2\/product_cat?post=4231"},{"taxonomy":"product_tag","embeddable":true,"href":"https:\/\/agrarpetrovic.rs\/en\/wp-json\/wp\/v2\/product_tag?post=4231"}],"curies":[{"name":"wp","href":"https:\/\/api.w.org\/{rel}","templated":true}]}}