{"id":4233,"date":"2023-07-13T16:08:42","date_gmt":"2023-07-13T14:08:42","guid":{"rendered":"https:\/\/agrarpetrovic.rs\/?post_type=product&#038;p=4233"},"modified":"2023-07-13T16:09:25","modified_gmt":"2023-07-13T14:09:25","slug":"ksc-phyt-actyl-iv-polka","status":"publish","type":"product","link":"https:\/\/agrarpetrovic.rs\/en\/proizvod\/ksc-phyt-actyl-iv-polka\/","title":{"rendered":"KSC PHYT-actyl IV Polka"},"content":{"rendered":"<p><strong>KSC PHYT &#8211; actyl IV POLKA<\/strong>\u00a0(PK 32\/40 + 11% SO<sub>3<\/sub>\u00a0+ ME (B, Fe, Mo)) je vodotopivo \u0111ubrivo sa nagla\u0161enim sadr\u017eajem fosfora i kalijuma.<\/p>\n<p>&nbsp;<\/p>\n<p>Uti\u010de na intenzivnije formiranje cvetnih pupoljaka, ubrzava zrenje, pobolj\u0161ava obojenost plodova i pove\u0107ava sadr\u017eaj suve materije u plodovima.<\/p>\n<p>&nbsp;<\/p>\n<p>Primenjuje se po potrebi od faze intenzivnog porasta do kraja vegetacije, u koli\u010dini od 0,25 \u2013 0,3 kg\/ar ili 25 \u2013 30 kg\/ha.<\/p>","protected":false},"excerpt":{"rendered":"<p>(PK 32\/40 + 11% SO<sub>3<\/sub>\u00a0+ ME (B, Fe, Mo))<\/p>","protected":false},"featured_media":4278,"template":"","meta":[],"product_brand":[],"product_cat":[200,201],"product_tag":[],"class_list":{"0":"post-4233","1":"product","2":"type-product","3":"status-publish","4":"has-post-thumbnail","6":"product_cat-ishrana-bilja","7":"product_cat-vodotopiva-djubriva","9":"first","10":"instock","11":"shipping-taxable","12":"product-type-simple"},"_links":{"self":[{"href":"https:\/\/agrarpetrovic.rs\/en\/wp-json\/wp\/v2\/product\/4233","targetHints":{"allow":["GET"]}}],"collection":[{"href":"https:\/\/agrarpetrovic.rs\/en\/wp-json\/wp\/v2\/product"}],"about":[{"href":"https:\/\/agrarpetrovic.rs\/en\/wp-json\/wp\/v2\/types\/product"}],"wp:featuredmedia":[{"embeddable":true,"href":"https:\/\/agrarpetrovic.rs\/en\/wp-json\/wp\/v2\/media\/4278"}],"wp:attachment":[{"href":"https:\/\/agrarpetrovic.rs\/en\/wp-json\/wp\/v2\/media?parent=4233"}],"wp:term":[{"taxonomy":"product_brand","embeddable":true,"href":"https:\/\/agrarpetrovic.rs\/en\/wp-json\/wp\/v2\/product_brand?post=4233"},{"taxonomy":"product_cat","embeddable":true,"href":"https:\/\/agrarpetrovic.rs\/en\/wp-json\/wp\/v2\/product_cat?post=4233"},{"taxonomy":"product_tag","embeddable":true,"href":"https:\/\/agrarpetrovic.rs\/en\/wp-json\/wp\/v2\/product_tag?post=4233"}],"curies":[{"name":"wp","href":"https:\/\/api.w.org\/{rel}","templated":true}]}}