{"id":4250,"date":"2023-07-13T16:09:05","date_gmt":"2023-07-13T14:09:05","guid":{"rendered":"https:\/\/agrarpetrovic.rs\/?post_type=product&#038;p=4250"},"modified":"2023-07-13T16:09:25","modified_gmt":"2023-07-13T14:09:25","slug":"ksc-phyt-actyl-vi","status":"publish","type":"product","link":"https:\/\/agrarpetrovic.rs\/en\/proizvod\/ksc-phyt-actyl-vi\/","title":{"rendered":"KSC PHYT-actyl VI"},"content":{"rendered":"<p><strong>KSC PHYT &#8211; actyl VI<\/strong>\u00a0(NPK 14\/12\/14 + 35% SO<sub>3<\/sub>\u00a0+ ME (B, Cu, Fe, Mn, Zn)) je vodotopivo \u0111ubrivo sa ujedna\u010denim odnosom azota, fosfora i kalijuma i uti\u010de na bolji vegetativni porast biljaka i rast plodova.<\/p>\n<p>&nbsp;<\/p>\n<p>Primenjuje se od faze intenzivnog porasta biljaka do kraja vegetacije po potrebi u koli\u010dini od 0,25 \u2013 0,6 kg\/ar ili 25 \u2013 60 kg\/ha nedeljno.<\/p>","protected":false},"excerpt":{"rendered":"<p>(NPK 14\/12\/14 + 35% SO<sub>3<\/sub>\u00a0+ ME (B, Cu, Fe, Mn, Zn))<\/p>","protected":false},"featured_media":4279,"template":"","meta":[],"product_brand":[],"product_cat":[200,201],"product_tag":[],"class_list":{"0":"post-4250","1":"product","2":"type-product","3":"status-publish","4":"has-post-thumbnail","6":"product_cat-ishrana-bilja","7":"product_cat-vodotopiva-djubriva","9":"first","10":"instock","11":"shipping-taxable","12":"product-type-simple"},"_links":{"self":[{"href":"https:\/\/agrarpetrovic.rs\/en\/wp-json\/wp\/v2\/product\/4250","targetHints":{"allow":["GET"]}}],"collection":[{"href":"https:\/\/agrarpetrovic.rs\/en\/wp-json\/wp\/v2\/product"}],"about":[{"href":"https:\/\/agrarpetrovic.rs\/en\/wp-json\/wp\/v2\/types\/product"}],"wp:featuredmedia":[{"embeddable":true,"href":"https:\/\/agrarpetrovic.rs\/en\/wp-json\/wp\/v2\/media\/4279"}],"wp:attachment":[{"href":"https:\/\/agrarpetrovic.rs\/en\/wp-json\/wp\/v2\/media?parent=4250"}],"wp:term":[{"taxonomy":"product_brand","embeddable":true,"href":"https:\/\/agrarpetrovic.rs\/en\/wp-json\/wp\/v2\/product_brand?post=4250"},{"taxonomy":"product_cat","embeddable":true,"href":"https:\/\/agrarpetrovic.rs\/en\/wp-json\/wp\/v2\/product_cat?post=4250"},{"taxonomy":"product_tag","embeddable":true,"href":"https:\/\/agrarpetrovic.rs\/en\/wp-json\/wp\/v2\/product_tag?post=4250"}],"curies":[{"name":"wp","href":"https:\/\/api.w.org\/{rel}","templated":true}]}}